{"id":33666,"date":"2024-07-11T09:58:53","date_gmt":"2024-07-11T07:58:53","guid":{"rendered":"https:\/\/whitelion.dev-takevalue.de\/gtc\/"},"modified":"2025-04-23T10:52:34","modified_gmt":"2025-04-23T08:52:34","slug":"gtc","status":"publish","type":"page","link":"https:\/\/white-lion.eu\/es\/gtc\/","title":{"rendered":"GTC"},"content":{"rendered":"\t\t<div data-elementor-type=\"wp-page\" data-elementor-id=\"33666\" class=\"elementor elementor-33666 elementor-5928\" data-elementor-post-type=\"page\">\n\t\t\t\t<div class=\"elementor-element elementor-element-4371fc7 e-flex e-con-boxed e-con e-parent\" data-id=\"4371fc7\" data-element_type=\"container\" data-e-type=\"container\">\n\t\t\t\t\t<div class=\"e-con-inner\">\n\t\t\t\t<div class=\"elementor-element elementor-element-9e6e696 elementor-widget elementor-widget-heading\" data-id=\"9e6e696\" data-element_type=\"widget\" data-e-type=\"widget\" data-widget_type=\"heading.default\">\n\t\t\t\t<div class=\"elementor-widget-container\">\n\t\t\t\t\t<h1 class=\"elementor-heading-title elementor-size-default\">GTC<\/h1>\t\t\t\t<\/div>\n\t\t\t\t<\/div>\n\t\t\t\t<div class=\"elementor-element elementor-element-715474c elementor-widget elementor-widget-text-editor\" data-id=\"715474c\" data-element_type=\"widget\" data-e-type=\"widget\" data-widget_type=\"text-editor.default\">\n\t\t\t\t<div class=\"elementor-widget-container\">\n\t\t\t\t\t\t\t\t\t<p><strong>I. General<\/strong><\/p><p>1. las siguientes condiciones generales (en adelante, <span class=\"caps\">CGC<\/span>) s\u00f3lo se aplican a las entregas y servicios a empresarios (en adelante, clientes) que act\u00faen en el ejercicio de su actividad comercial o profesional independiente al concluir un negocio jur\u00eddico.<br>2. nuestras <span class=\"caps\">CGC<\/span> se aplican a todas las relaciones comerciales actuales y futuras con nuestros clientes. Las <span class=\"caps\">condiciones generales de nuestros clientes que difieran de nuestras CGC<\/span> no formar\u00e1n parte del contrato, aunque sean conocidas, a menos que White Lion haya aceptado expresamente su validez por escrito.<\/p><p> <\/p><p><strong>II Oferta y celebraci\u00f3n del contrato<\/strong><\/p><p>1. los presupuestos, planos y otros documentos son propiedad y copyright de White Lion; no pueden ponerse a disposici\u00f3n de terceros. Nuestras ofertas de reparaciones y servicios representan estimaciones de costes y est\u00e1n sujetas a cambios y no son vinculantes; sirven para hacer un pedido. La informaci\u00f3n sobre los costes estimados y la suma estimada pueden superarse<br>2. Un contrato s\u00f3lo se celebra cuando White Lion ha confirmado por escrito el pedido del cliente. A m\u00e1s tardar en el momento de la recepci\u00f3n de la mercanc\u00eda.<br>3. Quedan reservados los cambios de forma, color, peso y naturaleza t\u00e9cnica dentro de lo razonable.<br>4. Los acuerdos secundarios verbales o las garant\u00edas de los empleados de White Lion que vayan m\u00e1s all\u00e1 del contenido del contrato escrito requieren la confirmaci\u00f3n por escrito de la direcci\u00f3n para ser efectivos.<br>5. En caso de anulaci\u00f3n de pedidos realizados, se aplicar\u00e1 una tasa de cancelaci\u00f3n del 33% del valor del pedido. Mientras no se haya abonado la tasa de cancelaci\u00f3n, el pedido se considerar\u00e1 v\u00e1lido y la cancelaci\u00f3n no ser\u00e1 aceptada por nosotros.    <\/p><p> <\/p><p><strong><span class=\"caps\">III<\/span> Condiciones de pago (precios y morosidad) <\/strong><\/p><p>1. los precios indicados por nosotros se aplicar\u00e1n en <span class=\"caps\">euros<\/span> m\u00e1s el IVA correspondiente a la entrega. Se aplican ex f\u00e1brica\/almac\u00e9n. Los costes adicionales por la entrega urgente solicitada correr\u00e1n a cargo del cliente.<br>2. A menos que se hayan acordado otras modalidades de pago por escrito, el cliente est\u00e1 obligado a pagar el precio de compra acordado en <span class=\"caps\">EURO<\/span>, sin ninguna deducci\u00f3n, en un plazo de 14 d\u00edas a partir de la recepci\u00f3n de la mercanc\u00eda. Transcurrido este plazo, el cliente incurrir\u00e1 en demora de pago (\u00a7286 II n\u00ba 2 <span class=\"caps\">BGB<\/span>). Durante el periodo de mora, se pagar\u00e1 un inter\u00e9s del 5% por encima del tipo de inter\u00e9s b\u00e1sico sobre el pago continuado. White Lion se reserva el derecho a probar y hacer valer un da\u00f1o mayor causado por el impago (\u00a7288 <span class=\"caps\">BGB<\/span>).<br>3. Todas las reclamaciones de White Lion vencen inmediatamente en caso de impago por parte del cliente. Esto tambi\u00e9n se aplica si tenemos conocimiento de circunstancias que den lugar a dudas considerables sobre la solvencia o solvencia del cliente. En estos casos, White Lion s\u00f3lo est\u00e1 autorizado a realizar las entregas pendientes contra el pago por adelantado o la constituci\u00f3n de una fianza. Si no se realiza el pago por adelantado o la constituci\u00f3n de una fianza en el plazo de 2 semanas, White Lion puede rescindir el contrato sin fijar un nuevo plazo. Las reclamaciones posteriores no se ver\u00e1n afectadas en este caso.           <\/p><p> <\/p><p><strong>IV. Compensaci\u00f3n y derecho de retenci\u00f3n<\/strong><\/p><p>1. el cliente s\u00f3lo podr\u00e1 retener pagos o compensarlos con reconvenciones si \u00e9stas son indiscutibles o se han establecido legalmente.<br>2. el cliente s\u00f3lo podr\u00e1 ejercer un derecho de retenci\u00f3n si su reconvenci\u00f3n se basa en la misma relaci\u00f3n contractual.<\/p><p> <\/p><p><strong>V. Reserva de dominio y cesi\u00f3n en garant\u00eda<\/strong><\/p><p>1. seguiremos siendo propietarios de la mercanc\u00eda vendida y entregada hasta el pago completo de todas las reclamaciones derivadas de la relaci\u00f3n comercial con el cliente.<br>2. el procesamiento y la transformaci\u00f3n se realizar\u00e1n siempre para nosotros como fabricante, pero sin ninguna obligaci\u00f3n para nosotros. Si nuestra copropiedad expira debido a la mezcla, por la presente se acuerda que la copropiedad del cliente sobre la mercanc\u00eda uniforme pasar\u00e1 a nosotros en proporci\u00f3n al valor de la factura.<br>3. El cliente puede procesar y vender la mercanc\u00eda reservada en el curso ordinario de los negocios. Por la presente, el cliente nos cede \u00edntegramente las reclamaciones y derechos resultantes a modo de garant\u00eda. Por la presente aceptamos la cesi\u00f3n. Tras la cesi\u00f3n, el cliente est\u00e1 autorizado a cobrar el cr\u00e9dito hasta nuestra revocaci\u00f3n por escrito.<br>4. Si el cliente se retrasa en el pago, tenemos derecho a rescindir el contrato y retirar la mercanc\u00eda reservada a expensas del cliente o a exigir la cesi\u00f3n de los cr\u00e9ditos del cliente por cesi\u00f3n frente a terceros. Si el valor del cr\u00e9dito cedido supera en m\u00e1s de un 10% las obligaciones del cliente frente a nosotros, el importe excedente se ceder\u00e1 de nuevo al cliente una vez hayamos quedado plenamente satisfechos.<br>5. El cliente est\u00e1 obligado a notificarnos inmediatamente cualquier acceso de terceros a la mercanc\u00eda en caso de embargo, as\u00ed como cualquier da\u00f1o o destrucci\u00f3n de la mercanc\u00eda.     <\/p><p> <\/p><p><strong>VI Plazo y entrega (fuerza mayor)<\/strong><\/p><p>1. la confirmaci\u00f3n escrita del pedido por parte de White Lion es determinante para el alcance de la entrega, pero no antes de la aclaraci\u00f3n de todos los detalles de ejecuci\u00f3n. Los plazos de entrega se consideran cumplidos con la notificaci\u00f3n de disponibilidad para el env\u00edo al cliente. Los acuerdos y\/o cambios adicionales s\u00f3lo se reconocen si White Lion los acepta posteriormente por escrito.<br>2. Realizamos env\u00edos ex f\u00e1brica\/almac\u00e9n. Nos reservamos el derecho a la autoentrega correcta y puntual por parte de nuestros proveedores en la medida en que no seamos responsables de la falta de entrega, en particular si se concluye una transacci\u00f3n de cobertura congruente con nuestro proveedor.   <br>3. el riesgo de p\u00e9rdida accidental y deterioro accidental de la mercanc\u00eda se transmitir\u00e1 al cliente tan pronto como la mercanc\u00eda haya salido de nuestra f\u00e1brica\/almac\u00e9n o de las instalaciones del subcontratista y, en caso de venta por env\u00edo, en el momento de la entrega de la mercanc\u00eda al transportista, transportista u otro tercero designado para realizar el env\u00edo.  <br>4. si la mercanc\u00eda est\u00e1 lista para el env\u00edo y el env\u00edo o la aceptaci\u00f3n se retrasan por razones de las que no somos responsables, el riesgo pasar\u00e1 al cliente en el momento de la recepci\u00f3n de la notificaci\u00f3n de disponibilidad para el env\u00edo.<br>5. casos de fuerza mayor u otros acontecimientos sobre los que no tenemos influencia <br>y que dificultan o imposibilitan considerablemente nuestra obligaci\u00f3n de cumplimiento obst\u00e1culos temporales, pero s\u00f3lo durante la duraci\u00f3n del impedimento y una actividad razonable. Si, como consecuencia de ello, el plazo de entrega original se sobrepasa en m\u00e1s de dos <br>semanas, el cliente tendr\u00e1 derecho a rescindir el contrato. <br>Quedan excluidas las reclamaciones por da\u00f1os y perjuicios por parte del cliente. <\/p><p>6. si la entrega, el env\u00edo, se retrasa a petici\u00f3n del cliente (comprador), se cobrar\u00e1n al cliente los gastos ocasionados por el almacenamiento, a partir de un mes despu\u00e9s de la notificaci\u00f3n de la disposici\u00f3n para el env\u00edo, en el caso de almacenamiento en f\u00e1brica, por White Lion, sin embargo, al menos el 50% del importe de la factura por cada mes. No obstante, White Lion tiene derecho a disponer de otro modo del objeto de entrega tras el vencimiento legal e infructuoso de un plazo adecuado <br>y a proporcionar al cliente un plazo debidamente prorrogado.<br>7. La forma de env\u00edo, el transporte y los medios de protecci\u00f3n quedan a nuestra discreci\u00f3n. El env\u00edo se realizar\u00e1 a portes debidos por cuenta del cliente.<br>8. El seguro de transporte del env\u00edo contra da\u00f1os de transporte y otros riesgos s\u00f3lo se suscribir\u00e1 a petici\u00f3n escrita del cliente y por cuenta de \u00e9ste. El cliente debe informar de cualquier da\u00f1o o p\u00e9rdida de transporte inmediatamente despu\u00e9s de recibir la mercanc\u00eda y hacer que el transportista lo certifique en la carta de porte.<br>9. Se permiten entregas parciales razonables y servicios parciales en una medida razonable.<br>10El cumplimiento del plazo de entrega est\u00e1 sujeto al cumplimiento de las obligaciones contractuales del cliente (parte ordenante).<br>11. Para las entregas de hielo seco se aplica lo siguiente: El hielo seco est\u00e1 sujeto a sublimaci\u00f3n natural en la atm\u00f3sfera, es decir, hay una p\u00e9rdida de material debido a la sublimaci\u00f3n del estado s\u00f3lido al gaseoso. Estos valores var\u00edan en funci\u00f3n de la temperatura exterior, la caja de transporte y la log\u00edstica. Desde un punto de vista comercial, se aplican las cantidades en kilogramos que salen de nuestras instalaciones de producci\u00f3n. Las p\u00e9rdidas por sublimaci\u00f3n no corren de nuestra cuenta y no se tienen en cuenta.      <\/p><p> <\/p><p><strong><span class=\"caps\">VII<\/span> Garant\u00eda <\/strong><\/p><p>1. El cliente debe notificarnos por escrito los defectos evidentes en un plazo de dos semanas a partir de la recepci\u00f3n; de lo contrario, quedar\u00e1n excluidos los derechos de garant\u00eda.<br>2. El cliente debe comprobar por s\u00ed mismo si la mercanc\u00eda que nos ha pedido es adecuada para el fin previsto.<br>3. S\u00f3lo existir\u00e1 un defecto a este respecto si hemos confirmado la idoneidad al cliente por escrito.<br>4. Inicialmente, ofreceremos garant\u00eda por defectos en la mercanc\u00eda a nuestra discreci\u00f3n mediante reparaci\u00f3n o entrega de sustituci\u00f3n. Si no estamos dispuestos o no podemos hacerlo, el cliente podr\u00e1, a su discreci\u00f3n, exigir una reducci\u00f3n del pago o rescindir el contrato; sin embargo, esto \u00faltimo y la reclamaci\u00f3n de da\u00f1os y perjuicios en lugar del cumplimiento no se aplicar\u00e1n en caso de que la falta de conformidad sea s\u00f3lo menor. <br>5. el derecho del cliente a reclamar da\u00f1os y perjuicios se regir\u00e1 por la Secci\u00f3n <span class=\"caps\">VIII.<\/span><br>6 El plazo de garant\u00eda es de 1 a\u00f1o a partir de la entrega de la mercanc\u00eda al cliente, salvo que el cliente no nos haya notificado el defecto a tiempo.<br>7. las m\u00e1quinas usadas y los accesorios ser\u00e1n vendidos por nosotros en el estado en que se encuentren en el momento de la celebraci\u00f3n del contrato y se considerar\u00e1n aceptados y aprobados de acuerdo con las condiciones al finalizar la inspecci\u00f3n, recogida o carga sin ninguna garant\u00eda actual o posterior ni defectos materiales. Quedan expresamente excluidas las reclamaciones por cancelaci\u00f3n, reducci\u00f3n o da\u00f1os y perjuicios.<br>8. El cliente no recibe de nosotros ninguna garant\u00eda en el sentido legal. Esto no afecta a las garant\u00edas del fabricante. 9. Si incumplimos las obligaciones de no cumplimiento seg\u00fan \u00a7241 p\u00e1rrafo 2 <span class=\"caps\">BGB<\/span>, el cliente tendr\u00e1 derecho a una rescisi\u00f3n y a una reclamaci\u00f3n por da\u00f1os y perjuicios en lugar del cumplimiento m\u00e1s all\u00e1 de los requisitos legales, previa advertencia por escrito e incumplimiento reiterado de nuestras obligaciones. <\/p><p> <\/p><p><strong><span class=\"caps\">VIII<\/span> Indemnizaci\u00f3n y limitaci\u00f3n de responsabilidad <\/strong><\/p><p>1. en caso de incumplimientos del deber por negligencia leve, nuestra responsabilidad se limitar\u00e1 al da\u00f1o medio directo previsible, contractualmente t\u00edpico, seg\u00fan el tipo de mercanc\u00eda. Esto tambi\u00e9n se aplica a los incumplimientos de obligaciones por negligencia leve de nuestros representantes legales o auxiliares ejecutivos. Esta limitaci\u00f3n de responsabilidad no se aplica a las reclamaciones del cliente derivadas de la responsabilidad por el producto. <br>2. en caso de producci\u00f3n seg\u00fan planos, muestras u otras instrucciones del cliente, no asumimos ninguna garant\u00eda ni responsabilidad por la funcionalidad del producto y por otros defectos, en la medida en que \u00e9stos se basen en las instrucciones del cliente. El cliente nos indemnizar\u00e1 por cualquier reclamaci\u00f3n de terceros, incluidas las derivadas de la responsabilidad por el producto, contra nosotros debido a da\u00f1os causados por la mercanc\u00eda, a menos que hayamos causado el da\u00f1o intencionadamente o por negligencia grave.<br>3. Las reclamaciones del cliente por da\u00f1os debidos a un defecto prescribir\u00e1n un a\u00f1o despu\u00e9s de la entrega de la mercanc\u00eda. Esto no se aplicar\u00e1 si se nos puede acusar de negligencia grave.    <\/p><p> <\/p><p><strong>IX. Lugar de jurisdicci\u00f3n<\/strong><\/p><p>1. Se aplicar\u00e1 la legislaci\u00f3n de la Rep\u00fablica Federal de Alemania a todas las relaciones jur\u00eddicas entre el cliente y nosotros. No se aplicar\u00e1 la Convenci\u00f3n de las Naciones Unidas sobre los Contratos de Compraventa Internacional de Mercader\u00edas<span class=\"caps\">(CISG<\/span>).<br>2. El fuero competente para todos los litigios y acciones legales derivados de las relaciones jur\u00eddicas con nuestros clientes ser\u00e1 nuestro domicilio social, a nuestra elecci\u00f3n. Las normas legales sobre jurisdicci\u00f3n exclusiva no se ver\u00e1n afectadas.  <\/p><p> <\/p><p><strong>X. Cl\u00e1usula de divisibilidad<\/strong><\/p><p>1. Si algunas disposiciones del contrato con nuestro cliente, incluidas estas Condiciones Generales, fueran o llegaran a ser inv\u00e1lidas total o parcialmente, ello no afectar\u00e1 a la validez de las disposiciones restantes. Las disposiciones total o parcialmente inv\u00e1lidas ser\u00e1n sustituidas por una disposici\u00f3n cuyo \u00e9xito econ\u00f3mico se aproxime lo m\u00e1s posible al de la disposici\u00f3n inv\u00e1lida. <\/p><p> <\/p><p><strong>XI. Protecci\u00f3n federal de datos<\/strong><\/p><p>1. estamos autorizados a almacenar todos los datos del cliente recibidos en relaci\u00f3n con la ejecuci\u00f3n del contrato para nuestros propios fines, de conformidad con la Ley Federal de Protecci\u00f3n de Datos.<\/p><p> <\/p><p><strong><span class=\"caps\">XII<\/span> Otros <\/strong><\/p><p>1. estos t\u00e9rminos y condiciones tambi\u00e9n se aplican en el extranjero, en la medida en que est\u00e9 legalmente permitido all\u00ed. Esto no se aplica a la garant\u00eda y la responsabilidad, que deben acordarse por separado en cada caso. 2. Para todas las cuestiones jur\u00eddicas no reguladas se aplicar\u00e1 la legislaci\u00f3n alemana.  <\/p><p> <\/p><p> <\/p><p>Estado: 03\/2025<\/p>\t\t\t\t\t\t\t\t<\/div>\n\t\t\t\t<\/div>\n\t\t\t\t\t<\/div>\n\t\t\t\t<\/div>\n\t\t\t\t<\/div>\n\t\t","protected":false},"excerpt":{"rendered":"<p>I. General 1. las siguientes condiciones generales (en adelante, CGC) s\u00f3lo se aplican a las entregas y servicios a empresarios (en adelante, clientes) que act\u00faen en el ejercicio de su actividad comercial o profesional independiente al concluir un negocio jur\u00eddico.2. nuestras CGC se aplican a todas las relaciones comerciales actuales y futuras con nuestros clientes. [&hellip;]<\/p>\n","protected":false},"author":4,"featured_media":0,"parent":0,"menu_order":0,"comment_status":"closed","ping_status":"closed","template":"","meta":{"_acf_changed":false,"footnotes":""},"class_list":["post-33666","page","type-page","status-publish","hentry"],"acf":[],"yoast_head":"<!-- This site is optimized with the Yoast SEO plugin v27.2 - https:\/\/yoast.com\/product\/yoast-seo-wordpress\/ -->\n<title>GTC - Le\u00f3n Blanco<\/title>\n<meta name=\"description\" content=\"Aqu\u00ed encontrar\u00e1s las Condiciones Generales de Contrataci\u00f3n (CGC) de White Lion GmbH.\" \/>\n<meta name=\"robots\" content=\"index, follow, max-snippet:-1, max-image-preview:large, max-video-preview:-1\" \/>\n<link rel=\"canonical\" href=\"https:\/\/white-lion.eu\/es\/gtc\/\" \/>\n<meta property=\"og:locale\" content=\"es_ES\" \/>\n<meta property=\"og:type\" content=\"article\" \/>\n<meta property=\"og:title\" content=\"GTC - Le\u00f3n Blanco\" \/>\n<meta property=\"og:description\" content=\"Aqu\u00ed encontrar\u00e1s las Condiciones Generales de Contrataci\u00f3n (CGC) de White Lion GmbH.\" \/>\n<meta property=\"og:url\" content=\"https:\/\/white-lion.eu\/es\/gtc\/\" \/>\n<meta property=\"og:site_name\" content=\"Trockeneisstrahlanlagen f\u00fcr Profis\" \/>\n<meta property=\"article:publisher\" content=\"https:\/\/www.facebook.com\/profile.php?id=100063524055322\" \/>\n<meta property=\"article:modified_time\" content=\"2025-04-23T08:52:34+00:00\" \/>\n<meta name=\"twitter:card\" content=\"summary_large_image\" \/>\n<meta name=\"twitter:label1\" content=\"Tiempo de lectura\" \/>\n\t<meta name=\"twitter:data1\" content=\"11 minutos\" \/>\n<script type=\"application\/ld+json\" class=\"yoast-schema-graph\">{\"@context\":\"https:\/\/schema.org\",\"@graph\":[{\"@type\":\"WebPage\",\"@id\":\"https:\/\/white-lion.eu\/es\/gtc\/\",\"url\":\"https:\/\/white-lion.eu\/es\/gtc\/\",\"name\":\"GTC - Le\u00f3n Blanco\",\"isPartOf\":{\"@id\":\"https:\/\/white-lion.eu\/es\/#website\"},\"datePublished\":\"2024-07-11T07:58:53+00:00\",\"dateModified\":\"2025-04-23T08:52:34+00:00\",\"description\":\"Aqu\u00ed encontrar\u00e1s las Condiciones Generales de Contrataci\u00f3n (CGC) de White Lion GmbH.\",\"breadcrumb\":{\"@id\":\"https:\/\/white-lion.eu\/es\/gtc\/#breadcrumb\"},\"inLanguage\":\"es\",\"potentialAction\":[{\"@type\":\"ReadAction\",\"target\":[\"https:\/\/white-lion.eu\/es\/gtc\/\"]}]},{\"@type\":\"BreadcrumbList\",\"@id\":\"https:\/\/white-lion.eu\/es\/gtc\/#breadcrumb\",\"itemListElement\":[{\"@type\":\"ListItem\",\"position\":1,\"name\":\"White Lion\",\"item\":\"https:\/\/white-lion.eu\/es\/\"},{\"@type\":\"ListItem\",\"position\":2,\"name\":\"GTC\"}]},{\"@type\":\"WebSite\",\"@id\":\"https:\/\/white-lion.eu\/es\/#website\",\"url\":\"https:\/\/white-lion.eu\/es\/\",\"name\":\"Trockeneisstrahlanlagen f\u00fcr Profis\",\"description\":\"\",\"publisher\":{\"@id\":\"https:\/\/white-lion.eu\/es\/#organization\"},\"potentialAction\":[{\"@type\":\"SearchAction\",\"target\":{\"@type\":\"EntryPoint\",\"urlTemplate\":\"https:\/\/white-lion.eu\/es\/?s={search_term_string}\"},\"query-input\":{\"@type\":\"PropertyValueSpecification\",\"valueRequired\":true,\"valueName\":\"search_term_string\"}}],\"inLanguage\":\"es\"},{\"@type\":\"Organization\",\"@id\":\"https:\/\/white-lion.eu\/es\/#organization\",\"name\":\"Trockeneisstrahlanlagen f\u00fcr Profis\",\"url\":\"https:\/\/white-lion.eu\/es\/\",\"logo\":{\"@type\":\"ImageObject\",\"inLanguage\":\"es\",\"@id\":\"https:\/\/white-lion.eu\/es\/#\/schema\/logo\/image\/\",\"url\":\"https:\/\/white-lion.eu\/wp-content\/uploads\/2024\/05\/White_Lion_Logo_linksbuendig-1.png\",\"contentUrl\":\"https:\/\/white-lion.eu\/wp-content\/uploads\/2024\/05\/White_Lion_Logo_linksbuendig-1.png\",\"width\":602,\"height\":162,\"caption\":\"Trockeneisstrahlanlagen f\u00fcr Profis\"},\"image\":{\"@id\":\"https:\/\/white-lion.eu\/es\/#\/schema\/logo\/image\/\"},\"sameAs\":[\"https:\/\/www.facebook.com\/profile.php?id=100063524055322\"]}]}<\/script>\n<!-- \/ Yoast SEO plugin. -->","yoast_head_json":{"title":"GTC - Le\u00f3n Blanco","description":"Aqu\u00ed encontrar\u00e1s las Condiciones Generales de Contrataci\u00f3n (CGC) de White Lion GmbH.","robots":{"index":"index","follow":"follow","max-snippet":"max-snippet:-1","max-image-preview":"max-image-preview:large","max-video-preview":"max-video-preview:-1"},"canonical":"https:\/\/white-lion.eu\/es\/gtc\/","og_locale":"es_ES","og_type":"article","og_title":"GTC - Le\u00f3n Blanco","og_description":"Aqu\u00ed encontrar\u00e1s las Condiciones Generales de Contrataci\u00f3n (CGC) de White Lion GmbH.","og_url":"https:\/\/white-lion.eu\/es\/gtc\/","og_site_name":"Trockeneisstrahlanlagen f\u00fcr Profis","article_publisher":"https:\/\/www.facebook.com\/profile.php?id=100063524055322","article_modified_time":"2025-04-23T08:52:34+00:00","twitter_card":"summary_large_image","twitter_misc":{"Tiempo de lectura":"11 minutos"},"schema":{"@context":"https:\/\/schema.org","@graph":[{"@type":"WebPage","@id":"https:\/\/white-lion.eu\/es\/gtc\/","url":"https:\/\/white-lion.eu\/es\/gtc\/","name":"GTC - Le\u00f3n Blanco","isPartOf":{"@id":"https:\/\/white-lion.eu\/es\/#website"},"datePublished":"2024-07-11T07:58:53+00:00","dateModified":"2025-04-23T08:52:34+00:00","description":"Aqu\u00ed encontrar\u00e1s las Condiciones Generales de Contrataci\u00f3n (CGC) de White Lion GmbH.","breadcrumb":{"@id":"https:\/\/white-lion.eu\/es\/gtc\/#breadcrumb"},"inLanguage":"es","potentialAction":[{"@type":"ReadAction","target":["https:\/\/white-lion.eu\/es\/gtc\/"]}]},{"@type":"BreadcrumbList","@id":"https:\/\/white-lion.eu\/es\/gtc\/#breadcrumb","itemListElement":[{"@type":"ListItem","position":1,"name":"White Lion","item":"https:\/\/white-lion.eu\/es\/"},{"@type":"ListItem","position":2,"name":"GTC"}]},{"@type":"WebSite","@id":"https:\/\/white-lion.eu\/es\/#website","url":"https:\/\/white-lion.eu\/es\/","name":"Trockeneisstrahlanlagen f\u00fcr Profis","description":"","publisher":{"@id":"https:\/\/white-lion.eu\/es\/#organization"},"potentialAction":[{"@type":"SearchAction","target":{"@type":"EntryPoint","urlTemplate":"https:\/\/white-lion.eu\/es\/?s={search_term_string}"},"query-input":{"@type":"PropertyValueSpecification","valueRequired":true,"valueName":"search_term_string"}}],"inLanguage":"es"},{"@type":"Organization","@id":"https:\/\/white-lion.eu\/es\/#organization","name":"Trockeneisstrahlanlagen f\u00fcr Profis","url":"https:\/\/white-lion.eu\/es\/","logo":{"@type":"ImageObject","inLanguage":"es","@id":"https:\/\/white-lion.eu\/es\/#\/schema\/logo\/image\/","url":"https:\/\/white-lion.eu\/wp-content\/uploads\/2024\/05\/White_Lion_Logo_linksbuendig-1.png","contentUrl":"https:\/\/white-lion.eu\/wp-content\/uploads\/2024\/05\/White_Lion_Logo_linksbuendig-1.png","width":602,"height":162,"caption":"Trockeneisstrahlanlagen f\u00fcr Profis"},"image":{"@id":"https:\/\/white-lion.eu\/es\/#\/schema\/logo\/image\/"},"sameAs":["https:\/\/www.facebook.com\/profile.php?id=100063524055322"]}]}},"_links":{"self":[{"href":"https:\/\/white-lion.eu\/es\/wp-json\/wp\/v2\/pages\/33666","targetHints":{"allow":["GET"]}}],"collection":[{"href":"https:\/\/white-lion.eu\/es\/wp-json\/wp\/v2\/pages"}],"about":[{"href":"https:\/\/white-lion.eu\/es\/wp-json\/wp\/v2\/types\/page"}],"author":[{"embeddable":true,"href":"https:\/\/white-lion.eu\/es\/wp-json\/wp\/v2\/users\/4"}],"replies":[{"embeddable":true,"href":"https:\/\/white-lion.eu\/es\/wp-json\/wp\/v2\/comments?post=33666"}],"version-history":[{"count":2,"href":"https:\/\/white-lion.eu\/es\/wp-json\/wp\/v2\/pages\/33666\/revisions"}],"predecessor-version":[{"id":38800,"href":"https:\/\/white-lion.eu\/es\/wp-json\/wp\/v2\/pages\/33666\/revisions\/38800"}],"wp:attachment":[{"href":"https:\/\/white-lion.eu\/es\/wp-json\/wp\/v2\/media?parent=33666"}],"curies":[{"name":"wp","href":"https:\/\/api.w.org\/{rel}","templated":true}]}}