{"id":34131,"date":"2024-06-03T15:29:32","date_gmt":"2024-06-03T13:29:32","guid":{"rendered":"https:\/\/whitelion.dev-takevalue.de\/blog\/"},"modified":"2025-04-04T15:46:43","modified_gmt":"2025-04-04T13:46:43","slug":"blog","status":"publish","type":"page","link":"https:\/\/white-lion.eu\/es\/blog\/","title":{"rendered":"Blog"},"content":{"rendered":"\t\t<div data-elementor-type=\"wp-page\" data-elementor-id=\"34131\" class=\"elementor elementor-34131 elementor-222\" data-elementor-post-type=\"page\">\n\t\t\t\t<div class=\"elementor-element elementor-element-3174387 e-flex e-con-boxed e-con e-parent\" data-id=\"3174387\" data-element_type=\"container\" data-e-type=\"container\">\n\t\t\t\t\t<div class=\"e-con-inner\">\n\t\t\t\t<div class=\"elementor-element elementor-element-63ef377 elementor-widget elementor-widget-heading\" data-id=\"63ef377\" data-element_type=\"widget\" data-e-type=\"widget\" data-widget_type=\"heading.default\">\n\t\t\t\t<div class=\"elementor-widget-container\">\n\t\t\t\t\t<h1 class=\"elementor-heading-title elementor-size-default\">Blog<\/h1>\t\t\t\t<\/div>\n\t\t\t\t<\/div>\n\t\t\t\t\t<\/div>\n\t\t\t\t<\/div>\n\t\t<div class=\"elementor-element elementor-element-2f6f411 e-flex e-con-boxed e-con e-parent\" data-id=\"2f6f411\" data-element_type=\"container\" data-e-type=\"container\">\n\t\t\t\t\t<div class=\"e-con-inner\">\n\t\t\t\t<div class=\"elementor-element elementor-element-7bfa609 elementor-widget elementor-widget-spacer\" data-id=\"7bfa609\" data-element_type=\"widget\" data-e-type=\"widget\" data-widget_type=\"spacer.default\">\n\t\t\t\t<div class=\"elementor-widget-container\">\n\t\t\t\t\t\t\t<div class=\"elementor-spacer\">\n\t\t\t<div class=\"elementor-spacer-inner\"><\/div>\n\t\t<\/div>\n\t\t\t\t\t\t<\/div>\n\t\t\t\t<\/div>\n\t\t\t\t\t<\/div>\n\t\t\t\t<\/div>\n\t\t<div class=\"elementor-element elementor-element-dbc64ff e-flex e-con-boxed e-con e-parent\" data-id=\"dbc64ff\" data-element_type=\"container\" data-e-type=\"container\">\n\t\t\t\t\t<div class=\"e-con-inner\">\n\t\t\t\t<div class=\"elementor-element elementor-element-1de034b elementor-widget elementor-widget-image\" data-id=\"1de034b\" data-element_type=\"widget\" data-e-type=\"widget\" data-widget_type=\"image.default\">\n\t\t\t\t<div class=\"elementor-widget-container\">\n\t\t\t\t\t\t\t\t\t\t\t\t\t\t\t<img fetchpriority=\"high\" decoding=\"async\" width=\"2560\" height=\"956\" src=\"https:\/\/white-lion.eu\/wp-content\/uploads\/2025\/03\/Erfolgskette-Zanhraeder-scaled.jpg\" class=\"attachment-full size-full wp-image-21661\" alt=\"Comunidad Le\u00f3n Blanco\" srcset=\"https:\/\/white-lion.eu\/wp-content\/uploads\/2025\/03\/Erfolgskette-Zanhraeder-scaled.jpg 2560w, https:\/\/white-lion.eu\/wp-content\/uploads\/2025\/03\/Erfolgskette-Zanhraeder-300x112.jpg 300w, https:\/\/white-lion.eu\/wp-content\/uploads\/2025\/03\/Erfolgskette-Zanhraeder-1024x382.jpg 1024w, https:\/\/white-lion.eu\/wp-content\/uploads\/2025\/03\/Erfolgskette-Zanhraeder-768x287.jpg 768w, https:\/\/white-lion.eu\/wp-content\/uploads\/2025\/03\/Erfolgskette-Zanhraeder-1536x574.jpg 1536w, https:\/\/white-lion.eu\/wp-content\/uploads\/2025\/03\/Erfolgskette-Zanhraeder-2048x765.jpg 2048w, https:\/\/white-lion.eu\/wp-content\/uploads\/2025\/03\/Erfolgskette-Zanhraeder-600x224.jpg 600w\" sizes=\"(max-width: 2560px) 100vw, 2560px\" \/>\t\t\t\t\t\t\t\t\t\t\t\t\t\t\t<\/div>\n\t\t\t\t<\/div>\n\t\t\t\t\t<\/div>\n\t\t\t\t<\/div>\n\t\t<div class=\"elementor-element elementor-element-06f5784 e-flex e-con-boxed e-con e-parent\" data-id=\"06f5784\" data-element_type=\"container\" data-e-type=\"container\">\n\t\t\t\t\t<div class=\"e-con-inner\">\n\t\t\t\t<div class=\"elementor-element elementor-element-001a477 tv-space tv-space-module-text gap-100 elementor-widget elementor-widget-spacer\" data-id=\"001a477\" data-element_type=\"widget\" data-e-type=\"widget\" data-widget_type=\"spacer.default\">\n\t\t\t\t<div class=\"elementor-widget-container\">\n\t\t\t\t\t\t\t<div class=\"elementor-spacer\">\n\t\t\t<div class=\"elementor-spacer-inner\"><\/div>\n\t\t<\/div>\n\t\t\t\t\t\t<\/div>\n\t\t\t\t<\/div>\n\t\t\t\t\t<\/div>\n\t\t\t\t<\/div>\n\t\t<div class=\"elementor-element elementor-element-05e1f82 e-flex e-con-boxed e-con e-parent\" data-id=\"05e1f82\" data-element_type=\"container\" data-e-type=\"container\">\n\t\t\t\t\t<div class=\"e-con-inner\">\n\t\t\t\t<div class=\"elementor-element elementor-element-cac5c15 elementor-widget elementor-widget-heading\" data-id=\"cac5c15\" data-element_type=\"widget\" data-e-type=\"widget\" data-widget_type=\"heading.default\">\n\t\t\t\t<div class=\"elementor-widget-container\">\n\t\t\t\t\t<h2 class=\"elementor-heading-title elementor-size-default\">Es bueno saberlo...<\/h2>\t\t\t\t<\/div>\n\t\t\t\t<\/div>\n\t\t\t\t\t<\/div>\n\t\t\t\t<\/div>\n\t\t<div class=\"elementor-element elementor-element-ac5fb30 e-flex e-con-boxed e-con e-parent\" data-id=\"ac5fb30\" data-element_type=\"container\" data-e-type=\"container\">\n\t\t\t\t\t<div class=\"e-con-inner\">\n\t\t\t\t<div class=\"elementor-element elementor-element-15b1760 elementor-widget elementor-widget-text-editor\" data-id=\"15b1760\" data-element_type=\"widget\" data-e-type=\"widget\" data-widget_type=\"text-editor.default\">\n\t\t\t\t<div class=\"elementor-widget-container\">\n\t\t\t\t\t\t\t\t\t<p>\u00a1Bienvenido al mundo de White Lion! Si has decidido invertir en uno de nuestros sistemas, no s\u00f3lo has elegido una soluci\u00f3n de alto rendimiento, sino que tambi\u00e9n formas parte de una animada comunidad: la Comunidad White Lion. <\/p><p> <\/p><p>Como miembro de esta exclusiva comunidad, te beneficias de numerosas ventajas. Te mantenemos regularmente al d\u00eda con informaci\u00f3n importante del sector, para que est\u00e9s siempre informado sobre los \u00faltimos avances, tendencias e innovaciones. <\/p><p> <\/p><p>Tambi\u00e9n somos tu contacto directo para consultas nacionales e internacionales sobre el hielo seco y nuestros servicios. Transmitimos las consultas pertinentes directamente a nuestros clientes, \u00a1y eso te incluye a ti, por supuesto! Esto significa que siempre tienes la oportunidad de ampliar tus oportunidades de negocio y hacer valiosos contactos.  <\/p><p> <\/p><p>As\u00ed que estate tranquilo: En White Lion, no eres s\u00f3lo un comprador, sino parte de una red que favorece la colaboraci\u00f3n y el crecimiento. \u00a1Estamos deseando acompa\u00f1arte en tu viaje y dar forma al futuro junto contigo! <\/p><p> <\/p><p>\u00a1Permanece atento a m\u00e1s informaci\u00f3n y novedades interesantes de la Comunidad Le\u00f3n Blanco!<\/p>\t\t\t\t\t\t\t\t<\/div>\n\t\t\t\t<\/div>\n\t\t\t\t\t<\/div>\n\t\t\t\t<\/div>\n\t\t<div class=\"elementor-element elementor-element-635a38a e-flex e-con-boxed e-con e-parent\" data-id=\"635a38a\" data-element_type=\"container\" data-e-type=\"container\">\n\t\t\t\t\t<div class=\"e-con-inner\">\n\t\t\t\t<div class=\"elementor-element elementor-element-a5c7720 tv-space tv-space-module-text gap-100 elementor-widget elementor-widget-spacer\" data-id=\"a5c7720\" data-element_type=\"widget\" data-e-type=\"widget\" data-widget_type=\"spacer.default\">\n\t\t\t\t<div class=\"elementor-widget-container\">\n\t\t\t\t\t\t\t<div class=\"elementor-spacer\">\n\t\t\t<div class=\"elementor-spacer-inner\"><\/div>\n\t\t<\/div>\n\t\t\t\t\t\t<\/div>\n\t\t\t\t<\/div>\n\t\t\t\t\t<\/div>\n\t\t\t\t<\/div>\n\t\t<div class=\"elementor-element elementor-element-ddec98c tvm29 e-flex e-con-boxed e-con e-parent\" data-id=\"ddec98c\" data-element_type=\"container\" data-e-type=\"container\" data-settings=\"{&quot;background_background&quot;:&quot;classic&quot;}\">\n\t\t\t\t\t<div class=\"e-con-inner\">\n\t\t<div class=\"elementor-element elementor-element-46e814f e-con-full e-flex e-con e-child\" data-id=\"46e814f\" data-element_type=\"container\" data-e-type=\"container\">\n\t\t\t\t<div class=\"elementor-element elementor-element-74dc4dd elementor-widget elementor-widget-image\" data-id=\"74dc4dd\" data-element_type=\"widget\" data-e-type=\"widget\" data-widget_type=\"image.default\">\n\t\t\t\t<div class=\"elementor-widget-container\">\n\t\t\t\t\t\t\t\t\t\t\t\t\t\t\t<img decoding=\"async\" width=\"1\" height=\"1\" src=\"https:\/\/white-lion.eu\/wp-content\/uploads\/2024\/06\/module11newsletter.svg\" class=\"attachment-large size-large wp-image-19505\" alt=\"\" \/>\t\t\t\t\t\t\t\t\t\t\t\t\t\t\t<\/div>\n\t\t\t\t<\/div>\n\t\t\t\t<\/div>\n\t\t<div class=\"elementor-element elementor-element-c2ca29e e-con-full e-flex e-con e-child\" data-id=\"c2ca29e\" data-element_type=\"container\" data-e-type=\"container\">\n\t\t\t\t<div class=\"elementor-element elementor-element-cefd1ef elementor-widget elementor-widget-heading\" data-id=\"cefd1ef\" data-element_type=\"widget\" data-e-type=\"widget\" data-widget_type=\"heading.default\">\n\t\t\t\t<div class=\"elementor-widget-container\">\n\t\t\t\t\t<div class=\"elementor-heading-title elementor-size-default\">Noticias sobre hielo seco<\/div>\t\t\t\t<\/div>\n\t\t\t\t<\/div>\n\t\t\t\t<div class=\"elementor-element elementor-element-628194d elementor-widget elementor-widget-text-editor\" data-id=\"628194d\" data-element_type=\"widget\" data-e-type=\"widget\" data-widget_type=\"text-editor.default\">\n\t\t\t\t<div class=\"elementor-widget-container\">\n\t\t\t\t\t\t\t\t\t<p>Informaci\u00f3n \u00fatil sobre hielo seco, m\u00e1quinas de limpieza criog\u00e9nica, sistemas de limpieza criog\u00e9nica y limpieza criog\u00e9nica en nuestro bolet\u00edn trimestral \u00abNoticias de Hielo Seco\u00bb. Rellena los campos siguientes para registrarte sin compromiso. Puedes darte de baja en cualquier momento.  <\/p>\t\t\t\t\t\t\t\t<\/div>\n\t\t\t\t<\/div>\n\t\t\t\t<div class=\"elementor-element elementor-element-a296e81 elementor-button-align-stretch elementor-widget elementor-widget-form\" data-id=\"a296e81\" data-element_type=\"widget\" data-e-type=\"widget\" data-settings=\"{&quot;button_width&quot;:&quot;50&quot;,&quot;button_width_tablet&quot;:&quot;100&quot;,&quot;step_next_label&quot;:&quot;Siguiente&quot;,&quot;step_previous_label&quot;:&quot;Anterior&quot;,&quot;step_type&quot;:&quot;none&quot;,&quot;step_icon_shape&quot;:&quot;circle&quot;}\" data-widget_type=\"form.default\">\n\t\t\t\t<div class=\"elementor-widget-container\">\n\t\t\t\t\t\t\t<form class=\"elementor-form\" method=\"post\" name=\"Noticias sobre hielo seco\" aria-label=\"Noticias sobre hielo seco\">\n\t\t\t<input type=\"hidden\" name=\"post_id\" value=\"34131\"\/>\n\t\t\t<input type=\"hidden\" name=\"form_id\" value=\"a296e81\"\/>\n\t\t\t<input type=\"hidden\" name=\"referer_title\" value=\"Blog por Le\u00f3n Blanco: Art\u00edculos interesantes sobre el hielo seco\" \/>\n\n\t\t\t\t\t\t\t<input type=\"hidden\" name=\"queried_id\" value=\"34131\"\/>\n\t\t\t\n\t\t\t<div class=\"elementor-form-fields-wrapper elementor-labels-\">\n\t\t\t\t\t\t\t\t<div class=\"elementor-field-type-email elementor-field-group elementor-column elementor-field-group-email elementor-col-50 elementor-md-100 elementor-field-required\">\n\t\t\t\t\t\t\t\t\t\t\t\t<label for=\"form-field-email\" class=\"elementor-field-label elementor-screen-only\">\n\t\t\t\t\t\t\t\tcorreo electr\u00f3nico\t\t\t\t\t\t\t<\/label>\n\t\t\t\t\t\t\t\t\t\t\t\t\t\t<input size=\"1\" type=\"email\" name=\"form_fields[email]\" id=\"form-field-email\" class=\"elementor-field elementor-size-sm  elementor-field-textual\" placeholder=\"Tu direcci\u00f3n de correo electr\u00f3nico\" required=\"required\">\n\t\t\t\t\t\t\t\t\t\t\t<\/div>\n\t\t\t\t\t\t\t\t<div class=\"elementor-field-group elementor-column elementor-field-type-submit elementor-col-50 e-form__buttons elementor-md-100\">\n\t\t\t\t\t<button class=\"elementor-button elementor-size-sm\" type=\"submit\" id=\"btnstylecngform\">\n\t\t\t\t\t\t<span class=\"elementor-button-content-wrapper\">\n\t\t\t\t\t\t\t\t\t\t\t\t\t\t\t\t\t\t\t\t\t\t<span class=\"elementor-button-text\">Suscr\u00edbete a nuestro bolet\u00edn gratuito<\/span>\n\t\t\t\t\t\t\t\t\t\t\t\t\t<\/span>\n\t\t\t\t\t<\/button>\n\t\t\t\t<\/div>\n\t\t\t<\/div>\n\t\t<\/form>\n\t\t\t\t\t\t<\/div>\n\t\t\t\t<\/div>\n\t\t\t\t<\/div>\n\t\t\t\t\t<\/div>\n\t\t\t\t<\/div>\n\t\t\t\t<\/div>\n\t\t","protected":false},"excerpt":{"rendered":"<p>Blog Es bueno saberlo&#8230; \u00a1Bienvenido al mundo de White Lion! Si has decidido invertir en uno de nuestros sistemas, no s\u00f3lo has elegido una soluci\u00f3n de alto rendimiento, sino que tambi\u00e9n formas parte de una animada comunidad: la Comunidad White Lion. Como miembro de esta exclusiva comunidad, te beneficias de numerosas ventajas. Te mantenemos regularmente [&hellip;]<\/p>\n","protected":false},"author":4,"featured_media":0,"parent":0,"menu_order":0,"comment_status":"closed","ping_status":"closed","template":"","meta":{"_acf_changed":false,"footnotes":""},"class_list":["post-34131","page","type-page","status-publish","hentry"],"acf":[],"yoast_head":"<!-- This site is optimized with the Yoast SEO plugin v27.2 - https:\/\/yoast.com\/product\/yoast-seo-wordpress\/ -->\n<title>Blog por Le\u00f3n Blanco: Art\u00edculos interesantes sobre el hielo seco<\/title>\n<meta name=\"description\" content=\"\u00a1Descubre el blog del Le\u00f3n Blanco con apasionantes reflexiones sobre el mundo del hielo seco!\" \/>\n<meta name=\"robots\" content=\"index, follow, max-snippet:-1, max-image-preview:large, max-video-preview:-1\" \/>\n<link rel=\"canonical\" href=\"https:\/\/white-lion.eu\/es\/blog\/\" \/>\n<meta property=\"og:locale\" content=\"es_ES\" \/>\n<meta property=\"og:type\" content=\"article\" \/>\n<meta property=\"og:title\" content=\"Blog por Le\u00f3n Blanco: Art\u00edculos interesantes sobre el hielo seco\" \/>\n<meta property=\"og:description\" content=\"\u00a1Descubre el blog del Le\u00f3n Blanco con apasionantes reflexiones sobre el mundo del hielo seco!\" \/>\n<meta property=\"og:url\" content=\"https:\/\/white-lion.eu\/es\/blog\/\" \/>\n<meta property=\"og:site_name\" content=\"Trockeneisstrahlanlagen f\u00fcr Profis\" \/>\n<meta property=\"article:publisher\" content=\"https:\/\/www.facebook.com\/profile.php?id=100063524055322\" \/>\n<meta property=\"article:modified_time\" content=\"2025-04-04T13:46:43+00:00\" \/>\n<meta property=\"og:image\" content=\"https:\/\/white-lion.eu\/wp-content\/uploads\/2025\/03\/Erfolgskette-Zanhraeder-scaled.jpg\" \/>\n\t<meta property=\"og:image:width\" content=\"2560\" \/>\n\t<meta property=\"og:image:height\" content=\"956\" \/>\n\t<meta property=\"og:image:type\" content=\"image\/jpeg\" \/>\n<meta name=\"twitter:card\" content=\"summary_large_image\" \/>\n<meta name=\"twitter:label1\" content=\"Tiempo de lectura\" \/>\n\t<meta name=\"twitter:data1\" content=\"1 minuto\" \/>\n<script type=\"application\/ld+json\" class=\"yoast-schema-graph\">{\"@context\":\"https:\/\/schema.org\",\"@graph\":[{\"@type\":\"WebPage\",\"@id\":\"https:\/\/white-lion.eu\/es\/blog\/\",\"url\":\"https:\/\/white-lion.eu\/es\/blog\/\",\"name\":\"Blog por Le\u00f3n Blanco: Art\u00edculos interesantes sobre el hielo seco\",\"isPartOf\":{\"@id\":\"https:\/\/white-lion.eu\/es\/#website\"},\"primaryImageOfPage\":{\"@id\":\"https:\/\/white-lion.eu\/es\/blog\/#primaryimage\"},\"image\":{\"@id\":\"https:\/\/white-lion.eu\/es\/blog\/#primaryimage\"},\"thumbnailUrl\":\"https:\/\/white-lion.eu\/wp-content\/uploads\/2025\/03\/Erfolgskette-Zanhraeder-scaled.jpg\",\"datePublished\":\"2024-06-03T13:29:32+00:00\",\"dateModified\":\"2025-04-04T13:46:43+00:00\",\"description\":\"\u00a1Descubre el blog del Le\u00f3n Blanco con apasionantes reflexiones sobre el mundo del hielo seco!\",\"breadcrumb\":{\"@id\":\"https:\/\/white-lion.eu\/es\/blog\/#breadcrumb\"},\"inLanguage\":\"es\",\"potentialAction\":[{\"@type\":\"ReadAction\",\"target\":[\"https:\/\/white-lion.eu\/es\/blog\/\"]}]},{\"@type\":\"ImageObject\",\"inLanguage\":\"es\",\"@id\":\"https:\/\/white-lion.eu\/es\/blog\/#primaryimage\",\"url\":\"https:\/\/white-lion.eu\/wp-content\/uploads\/2025\/03\/Erfolgskette-Zanhraeder-scaled.jpg\",\"contentUrl\":\"https:\/\/white-lion.eu\/wp-content\/uploads\/2025\/03\/Erfolgskette-Zanhraeder-scaled.jpg\"},{\"@type\":\"BreadcrumbList\",\"@id\":\"https:\/\/white-lion.eu\/es\/blog\/#breadcrumb\",\"itemListElement\":[{\"@type\":\"ListItem\",\"position\":1,\"name\":\"White Lion\",\"item\":\"https:\/\/white-lion.eu\/es\/\"},{\"@type\":\"ListItem\",\"position\":2,\"name\":\"Blog\"}]},{\"@type\":\"WebSite\",\"@id\":\"https:\/\/white-lion.eu\/es\/#website\",\"url\":\"https:\/\/white-lion.eu\/es\/\",\"name\":\"Trockeneisstrahlanlagen f\u00fcr Profis\",\"description\":\"\",\"publisher\":{\"@id\":\"https:\/\/white-lion.eu\/es\/#organization\"},\"potentialAction\":[{\"@type\":\"SearchAction\",\"target\":{\"@type\":\"EntryPoint\",\"urlTemplate\":\"https:\/\/white-lion.eu\/es\/?s={search_term_string}\"},\"query-input\":{\"@type\":\"PropertyValueSpecification\",\"valueRequired\":true,\"valueName\":\"search_term_string\"}}],\"inLanguage\":\"es\"},{\"@type\":\"Organization\",\"@id\":\"https:\/\/white-lion.eu\/es\/#organization\",\"name\":\"Trockeneisstrahlanlagen f\u00fcr Profis\",\"url\":\"https:\/\/white-lion.eu\/es\/\",\"logo\":{\"@type\":\"ImageObject\",\"inLanguage\":\"es\",\"@id\":\"https:\/\/white-lion.eu\/es\/#\/schema\/logo\/image\/\",\"url\":\"https:\/\/white-lion.eu\/wp-content\/uploads\/2024\/05\/White_Lion_Logo_linksbuendig-1.png\",\"contentUrl\":\"https:\/\/white-lion.eu\/wp-content\/uploads\/2024\/05\/White_Lion_Logo_linksbuendig-1.png\",\"width\":602,\"height\":162,\"caption\":\"Trockeneisstrahlanlagen f\u00fcr Profis\"},\"image\":{\"@id\":\"https:\/\/white-lion.eu\/es\/#\/schema\/logo\/image\/\"},\"sameAs\":[\"https:\/\/www.facebook.com\/profile.php?id=100063524055322\"]}]}<\/script>\n<!-- \/ Yoast SEO plugin. -->","yoast_head_json":{"title":"Blog por Le\u00f3n Blanco: Art\u00edculos interesantes sobre el hielo seco","description":"\u00a1Descubre el blog del Le\u00f3n Blanco con apasionantes reflexiones sobre el mundo del hielo seco!","robots":{"index":"index","follow":"follow","max-snippet":"max-snippet:-1","max-image-preview":"max-image-preview:large","max-video-preview":"max-video-preview:-1"},"canonical":"https:\/\/white-lion.eu\/es\/blog\/","og_locale":"es_ES","og_type":"article","og_title":"Blog por Le\u00f3n Blanco: Art\u00edculos interesantes sobre el hielo seco","og_description":"\u00a1Descubre el blog del Le\u00f3n Blanco con apasionantes reflexiones sobre el mundo del hielo seco!","og_url":"https:\/\/white-lion.eu\/es\/blog\/","og_site_name":"Trockeneisstrahlanlagen f\u00fcr Profis","article_publisher":"https:\/\/www.facebook.com\/profile.php?id=100063524055322","article_modified_time":"2025-04-04T13:46:43+00:00","og_image":[{"width":2560,"height":956,"url":"https:\/\/white-lion.eu\/wp-content\/uploads\/2025\/03\/Erfolgskette-Zanhraeder-scaled.jpg","type":"image\/jpeg"}],"twitter_card":"summary_large_image","twitter_misc":{"Tiempo de lectura":"1 minuto"},"schema":{"@context":"https:\/\/schema.org","@graph":[{"@type":"WebPage","@id":"https:\/\/white-lion.eu\/es\/blog\/","url":"https:\/\/white-lion.eu\/es\/blog\/","name":"Blog por Le\u00f3n Blanco: Art\u00edculos interesantes sobre el hielo seco","isPartOf":{"@id":"https:\/\/white-lion.eu\/es\/#website"},"primaryImageOfPage":{"@id":"https:\/\/white-lion.eu\/es\/blog\/#primaryimage"},"image":{"@id":"https:\/\/white-lion.eu\/es\/blog\/#primaryimage"},"thumbnailUrl":"https:\/\/white-lion.eu\/wp-content\/uploads\/2025\/03\/Erfolgskette-Zanhraeder-scaled.jpg","datePublished":"2024-06-03T13:29:32+00:00","dateModified":"2025-04-04T13:46:43+00:00","description":"\u00a1Descubre el blog del Le\u00f3n Blanco con apasionantes reflexiones sobre el mundo del hielo seco!","breadcrumb":{"@id":"https:\/\/white-lion.eu\/es\/blog\/#breadcrumb"},"inLanguage":"es","potentialAction":[{"@type":"ReadAction","target":["https:\/\/white-lion.eu\/es\/blog\/"]}]},{"@type":"ImageObject","inLanguage":"es","@id":"https:\/\/white-lion.eu\/es\/blog\/#primaryimage","url":"https:\/\/white-lion.eu\/wp-content\/uploads\/2025\/03\/Erfolgskette-Zanhraeder-scaled.jpg","contentUrl":"https:\/\/white-lion.eu\/wp-content\/uploads\/2025\/03\/Erfolgskette-Zanhraeder-scaled.jpg"},{"@type":"BreadcrumbList","@id":"https:\/\/white-lion.eu\/es\/blog\/#breadcrumb","itemListElement":[{"@type":"ListItem","position":1,"name":"White Lion","item":"https:\/\/white-lion.eu\/es\/"},{"@type":"ListItem","position":2,"name":"Blog"}]},{"@type":"WebSite","@id":"https:\/\/white-lion.eu\/es\/#website","url":"https:\/\/white-lion.eu\/es\/","name":"Trockeneisstrahlanlagen f\u00fcr Profis","description":"","publisher":{"@id":"https:\/\/white-lion.eu\/es\/#organization"},"potentialAction":[{"@type":"SearchAction","target":{"@type":"EntryPoint","urlTemplate":"https:\/\/white-lion.eu\/es\/?s={search_term_string}"},"query-input":{"@type":"PropertyValueSpecification","valueRequired":true,"valueName":"search_term_string"}}],"inLanguage":"es"},{"@type":"Organization","@id":"https:\/\/white-lion.eu\/es\/#organization","name":"Trockeneisstrahlanlagen f\u00fcr Profis","url":"https:\/\/white-lion.eu\/es\/","logo":{"@type":"ImageObject","inLanguage":"es","@id":"https:\/\/white-lion.eu\/es\/#\/schema\/logo\/image\/","url":"https:\/\/white-lion.eu\/wp-content\/uploads\/2024\/05\/White_Lion_Logo_linksbuendig-1.png","contentUrl":"https:\/\/white-lion.eu\/wp-content\/uploads\/2024\/05\/White_Lion_Logo_linksbuendig-1.png","width":602,"height":162,"caption":"Trockeneisstrahlanlagen f\u00fcr Profis"},"image":{"@id":"https:\/\/white-lion.eu\/es\/#\/schema\/logo\/image\/"},"sameAs":["https:\/\/www.facebook.com\/profile.php?id=100063524055322"]}]}},"_links":{"self":[{"href":"https:\/\/white-lion.eu\/es\/wp-json\/wp\/v2\/pages\/34131","targetHints":{"allow":["GET"]}}],"collection":[{"href":"https:\/\/white-lion.eu\/es\/wp-json\/wp\/v2\/pages"}],"about":[{"href":"https:\/\/white-lion.eu\/es\/wp-json\/wp\/v2\/types\/page"}],"author":[{"embeddable":true,"href":"https:\/\/white-lion.eu\/es\/wp-json\/wp\/v2\/users\/4"}],"replies":[{"embeddable":true,"href":"https:\/\/white-lion.eu\/es\/wp-json\/wp\/v2\/comments?post=34131"}],"version-history":[{"count":2,"href":"https:\/\/white-lion.eu\/es\/wp-json\/wp\/v2\/pages\/34131\/revisions"}],"predecessor-version":[{"id":37811,"href":"https:\/\/white-lion.eu\/es\/wp-json\/wp\/v2\/pages\/34131\/revisions\/37811"}],"wp:attachment":[{"href":"https:\/\/white-lion.eu\/es\/wp-json\/wp\/v2\/media?parent=34131"}],"curies":[{"name":"wp","href":"https:\/\/api.w.org\/{rel}","templated":true}]}}