{"id":34133,"date":"2024-06-03T15:31:21","date_gmt":"2024-06-03T13:31:21","guid":{"rendered":"https:\/\/whitelion.dev-takevalue.de\/boletin\/"},"modified":"2025-03-21T11:50:14","modified_gmt":"2025-03-21T10:50:14","slug":"boletin","status":"publish","type":"page","link":"https:\/\/white-lion.eu\/es\/boletin\/","title":{"rendered":"Bolet\u00edn"},"content":{"rendered":"\t\t<div data-elementor-type=\"wp-page\" data-elementor-id=\"34133\" class=\"elementor elementor-34133 elementor-230\" data-elementor-post-type=\"page\">\n\t\t\t\t<div class=\"elementor-element elementor-element-ae4535b e-flex e-con-boxed e-con e-parent\" data-id=\"ae4535b\" data-element_type=\"container\" data-e-type=\"container\">\n\t\t\t\t\t<div class=\"e-con-inner\">\n\t\t\t\t<div class=\"elementor-element elementor-element-d4ead07 elementor-widget elementor-widget-heading\" data-id=\"d4ead07\" data-element_type=\"widget\" data-e-type=\"widget\" data-widget_type=\"heading.default\">\n\t\t\t\t<div class=\"elementor-widget-container\">\n\t\t\t\t\t<h1 class=\"elementor-heading-title elementor-size-default\">Bolet\u00edn<\/h1>\t\t\t\t<\/div>\n\t\t\t\t<\/div>\n\t\t\t\t\t<\/div>\n\t\t\t\t<\/div>\n\t\t<div class=\"elementor-element elementor-element-65cd9a2 e-con-full e-flex e-con e-child\" data-id=\"65cd9a2\" data-element_type=\"container\" data-e-type=\"container\">\n\t\t\t\t<div class=\"elementor-element elementor-element-bddffef tv-space tv-space-text gap-73 elementor-widget elementor-widget-spacer\" data-id=\"bddffef\" data-element_type=\"widget\" data-e-type=\"widget\" data-widget_type=\"spacer.default\">\n\t\t\t\t<div class=\"elementor-widget-container\">\n\t\t\t\t\t\t\t<div class=\"elementor-spacer\">\n\t\t\t<div class=\"elementor-spacer-inner\"><\/div>\n\t\t<\/div>\n\t\t\t\t\t\t<\/div>\n\t\t\t\t<\/div>\n\t\t\t\t<\/div>\n\t\t<div class=\"elementor-element elementor-element-088b60c newsletter-sec e-flex e-con-boxed e-con e-parent\" data-id=\"088b60c\" data-element_type=\"container\" data-e-type=\"container\">\n\t\t\t\t\t<div class=\"e-con-inner\">\n\t\t\t\t<div class=\"elementor-element elementor-element-329c920 news-letter-html elementor-widget elementor-widget-html\" data-id=\"329c920\" data-element_type=\"widget\" data-e-type=\"widget\" data-widget_type=\"html.default\">\n\t\t\t\t<div class=\"elementor-widget-container\">\n\t\t\t\t\t<script>\nfunction loadjQuery(e,t){var n=document.createElement(\"script\");n.setAttribute(\"src\",e);n.onload=t;n.onreadystatechange=function(){if(this.readyState==\"complete\"||this.readyState==\"loaded\")t()};document.getElementsByTagName(\"head\")[0].appendChild(n)}function main(){\nvar $cr=jQuery.noConflict();var old_src;$cr(document).ready(function(){$cr(\".cr_form\").submit(function(){$cr(this).find('.clever_form_error').removeClass('clever_form_error');$cr(this).find('.clever_form_note').remove();$cr(this).find(\".musthave\").find('input, textarea').each(function(){if(jQuery.trim($cr(this).val())==\"\"||($cr(this).is(':checkbox'))||($cr(this).is(':radio'))){if($cr(this).is(':checkbox')||($cr(this).is(':radio'))){if(!$cr(this).parents(\".cr_ipe_item\").find(\":checked\").is(\":checked\")){$cr(this).parents(\".cr_ipe_item\").addClass('clever_form_error')}}else{$cr(this).addClass('clever_form_error')}>;if($cr(this).attr(\"action\").search(document.domain)>0&&$cr(\".cr_form\").attr(\"action\").search(\"wcs\")>0){var cr_email=$cr(this).find('input[name=email]');var unsub=false;if($cr(\"input['name=cr_subunsubscribe'][value='false']\").length){if($cr(\"input['name=cr_subunsubscribe'][value='false']\").is(\":checked\")){unsub=true}}if(cr_email.val()&&!unsub){$cr.ajax({type:\"GET\",url:$cr(\".cr_form\").attr(\"action\").replace(\"wcs\",\"check_email\")+window.btoa($cr(this).find('input[name=email]').val()),success:function(data){if(data){cr_email.addClass('clever_form_error').before(\"<div class='clever_form_note cr_font'>\"+data+\"<\/div>\");return false}},async:false})}var cr_captcha=$cr(this).find('input[name=captcha]');if(cr_captcha.val()){$cr.ajax({type:\"GET\",url:$cr(\".cr_form\").attr(\"action\").replace(\"wcs\",\"check_captcha\")+$cr(this).find('input[name=captcha]').val(),success:function(data){if(data){cr_captcha.addClass('clever_form_error').after(\"<div class='clever_form_note cr_font'>\"+data+\"<\/div>\");return false}},async:false})}}if($cr(this).find('.clever_form_error').length){return false}return true});$cr('input[class*=\"cr_number\"]').change(function(){if(isNaN($cr(this).val())){$cr(this).val(1)}if($cr(this).attr(\"min\")){if(($cr(this).val()*1)<($cr(this).attr(\"min\")*1)){$cr(this).val($cr(this).attr(\"min\"))}}if($cr(this).attr(\"max\")){if(($cr(this).val()*1)>($cr(this).attr(\"max\")*1)){$cr(this).val($cr(this).attr(\"max\"))}>;old_src=$cr(\"div[rel='captcha'] img:not(.captcha2_reload)\").attr(\"src\");if($cr(\"div[rel='captcha'] img:not(.captcha2_reload)\").length!=0){captcha_reload()>;function captcha_reload(){var timestamp=new Date().getTime();$cr(\"div[rel='captcha'] img:not(.captcha2_reload)\").attr(\"src\",\"\");$cr(\"div[rel='captcha'] img:not(.captcha2_reload)\").attr(\"src\",old_src+\"?t=\"+timestamp);return false}\n\n}\nif(typeof jQuery===\"undefined\"){loadjQuery(\"\/\/ajax.googleapis.com\/ajax\/libs\/jquery\/1.4.4\/jquery.min.js\",main)}else{main()}\nsetTimeout(function(){\n    const urlParams = new URLSearchParams(window.location.search);\nconst preemail = urlParams.get('email');\nif(preemail){\n    document.getElementById(\"text2840974\").value = preemail;\n    \/\/window.location.hash=\"onloadnform\"; \n}\n }, 500);\n<\/script>\n\n\n\n\n\n<form class=\"layout_form cr_form cr_font\" action=\"https:\/\/eu2.cleverreach.com\/f\/104110-137890\/wcs\/\" method=\"post\" target=\"_blank\">\n\t<div class=\"cr_body cr_page cr_font formbox\">\n\t\t<div class=\"non_sortable\">\n\t\t\t\n\t\t<\/div>\n\t\t\n\t\t<div class=\"editable_content\">\n\t\t<div id=\"9237133\" rel=\"select\" class=\"cr_ipe_item ui-sortable\">\n<label for=\"select_9237133\" class=\"itemname\">Saludo<\/label> <select id=\"select_9237133\" class=\"cr_font\" name=\"1005073\">\n\n<option value=\"Saludo\">Saludo<\/option>\n\n<option value=\"Sr.\">Sr.<\/option>\n\n<option value=\"Sra.\">Sra.<\/option>\n<\/select>\n<\/div><div id=\"9237134\" rel=\"text\" class=\"cr_ipe_item ui-sortable\">\n<label for=\"text9237134\" class=\"itemname\">T\u00edtulo<\/label> <input id=\"text9237134\" name=\"1005074\" placeholder=\"T\u00edtulo\" type=\"text\" value=\"\">\n<\/div><div id=\"9237076\" rel=\"text\" class=\"cr_ipe_item ui-sortable\">\n<label for=\"text9237076\" class=\"itemname\">Tu nombre<\/label> <input id=\"text9237076\" name=\"1005071\" placeholder=\"Tu nombre\" type=\"text\" value=\"\">\n<\/div><div id=\"9237095\" rel=\"text\" class=\"cr_ipe_item ui-sortable musthave\">\n<label for=\"text9237095\" class=\"itemname\">Tu apellido*<\/label> <input id=\"text9237095\" placeholder=\"Tu apellido*\" name=\"1005072\" type=\"text\" value=\"\">\n<\/div><div id=\"9237135\" rel=\"text\" class=\"cr_ipe_item ui-sortable\">\n<label for=\"text9237135\" class=\"itemname\">Empresa<\/label> <input id=\"text9237135\" placeholder=\"Empresa\" name=\"1005070\" type=\"text\" value=\"\">\n<\/div><div id=\"2840974\" rel=\"email\" class=\"cr_ipe_item ui-sortable musthave\">\n<label for=\"text2840974\" class=\"itemname\">Correo electr\u00f3nico<\/label> <input id=\"text2840974\" name=\"email\" placeholder=\"Correo electr\u00f3nico\" value=\"\" type=\"text\">\n<\/div><div id=\"9237136\" rel=\"checkbox\" class=\"cr_ipe_item ui-sortable\">\n<label class=\"itemname\"><\/label>\n<div class=\"checkbox\">\n\n<input class=\"checkboxinput\" id=\"Ja, ich m\u00f6chte den White Lion - Newsletter abonnieren. Der Widerruf ist jederzeit unter info@white-lion.eu m\u00f6glich.9237136\" name=\"1260809[]\" value=\"S\u00ed, deseo suscribirme al bolet\u00edn del Le\u00f3n Blanco. Puedes darte de baja en cualquier momento en info@white-lion.eu.\" type=\"checkbox\">S\u00ed, deseo suscribirme al bolet\u00edn del Le\u00f3n Blanco. Puedes darte de baja en cualquier momento en info@white-lion.eu. &nbsp;\n\n<\/div>\n<br><\/div><div id=\"2840976\" rel=\"button\" class=\"cr_ipe_item ui-sortable submit_container\">\n<button type=\"submit\" class=\"cr_button\">Iniciar sesi\u00f3n<\/button>\n<\/div>\n        <\/div>\n        \n\t<noscript><a href=\"http:\/\/www.cleverreach.com\">www.CleverReach.com<\/a><\/noscript>\n    <\/div>\n\n    \n<\/form>\t\t\t\t<\/div>\n\t\t\t\t<\/div>\n\t\t\t\t\t<\/div>\n\t\t\t\t<\/div>\n\t\t\t\t<\/div>\n\t\t","protected":false},"excerpt":{"rendered":"<p>Bolet\u00edn Saludo SaludoSr.Sra. T\u00edtulo Tu nombre Tu apellido* Empresa Correo electr\u00f3nico S\u00ed, deseo suscribirme al bolet\u00edn del Le\u00f3n Blanco. Puedes darte de baja en cualquier momento en info@white-lion.eu. &nbsp; Iniciar sesi\u00f3n www.CleverReach.com<\/p>\n","protected":false},"author":4,"featured_media":0,"parent":0,"menu_order":0,"comment_status":"closed","ping_status":"closed","template":"","meta":{"_acf_changed":false,"footnotes":""},"class_list":["post-34133","page","type-page","status-publish","hentry"],"acf":[],"yoast_head":"<!-- This site is optimized with the Yoast SEO plugin v27.2 - https:\/\/yoast.com\/product\/yoast-seo-wordpress\/ -->\n<title>Bolet\u00edn por Le\u00f3n Blanco - \u00a1Suscr\u00edbete ahora!<\/title>\n<meta name=\"description\" content=\"\u00a1Suscr\u00edbete a nuestro bolet\u00edn y no te pierdas nunca m\u00e1s noticias sobre hielo seco y tecnolog\u00eda de superficie!\" \/>\n<meta name=\"robots\" content=\"index, follow, max-snippet:-1, max-image-preview:large, max-video-preview:-1\" \/>\n<link rel=\"canonical\" href=\"https:\/\/white-lion.eu\/es\/boletin\/\" \/>\n<meta property=\"og:locale\" content=\"es_ES\" \/>\n<meta property=\"og:type\" content=\"article\" \/>\n<meta property=\"og:title\" content=\"Bolet\u00edn por Le\u00f3n Blanco - \u00a1Suscr\u00edbete ahora!\" \/>\n<meta property=\"og:description\" content=\"\u00a1Suscr\u00edbete a nuestro bolet\u00edn y no te pierdas nunca m\u00e1s noticias sobre hielo seco y tecnolog\u00eda de superficie!\" \/>\n<meta property=\"og:url\" content=\"https:\/\/white-lion.eu\/es\/boletin\/\" \/>\n<meta property=\"og:site_name\" content=\"Trockeneisstrahlanlagen f\u00fcr Profis\" \/>\n<meta property=\"article:publisher\" content=\"https:\/\/www.facebook.com\/profile.php?id=100063524055322\" \/>\n<meta property=\"article:modified_time\" content=\"2025-03-21T10:50:14+00:00\" \/>\n<meta name=\"twitter:card\" content=\"summary_large_image\" \/>\n<script type=\"application\/ld+json\" class=\"yoast-schema-graph\">{\"@context\":\"https:\/\/schema.org\",\"@graph\":[{\"@type\":\"WebPage\",\"@id\":\"https:\/\/white-lion.eu\/es\/boletin\/\",\"url\":\"https:\/\/white-lion.eu\/es\/boletin\/\",\"name\":\"Bolet\u00edn por Le\u00f3n Blanco - \u00a1Suscr\u00edbete ahora!\",\"isPartOf\":{\"@id\":\"https:\/\/white-lion.eu\/es\/#website\"},\"datePublished\":\"2024-06-03T13:31:21+00:00\",\"dateModified\":\"2025-03-21T10:50:14+00:00\",\"description\":\"\u00a1Suscr\u00edbete a nuestro bolet\u00edn y no te pierdas nunca m\u00e1s noticias sobre hielo seco y tecnolog\u00eda de superficie!\",\"breadcrumb\":{\"@id\":\"https:\/\/white-lion.eu\/es\/boletin\/#breadcrumb\"},\"inLanguage\":\"es\",\"potentialAction\":[{\"@type\":\"ReadAction\",\"target\":[\"https:\/\/white-lion.eu\/es\/boletin\/\"]}]},{\"@type\":\"BreadcrumbList\",\"@id\":\"https:\/\/white-lion.eu\/es\/boletin\/#breadcrumb\",\"itemListElement\":[{\"@type\":\"ListItem\",\"position\":1,\"name\":\"White Lion\",\"item\":\"https:\/\/white-lion.eu\/es\/\"},{\"@type\":\"ListItem\",\"position\":2,\"name\":\"Bolet\u00edn\"}]},{\"@type\":\"WebSite\",\"@id\":\"https:\/\/white-lion.eu\/es\/#website\",\"url\":\"https:\/\/white-lion.eu\/es\/\",\"name\":\"Trockeneisstrahlanlagen f\u00fcr Profis\",\"description\":\"\",\"publisher\":{\"@id\":\"https:\/\/white-lion.eu\/es\/#organization\"},\"potentialAction\":[{\"@type\":\"SearchAction\",\"target\":{\"@type\":\"EntryPoint\",\"urlTemplate\":\"https:\/\/white-lion.eu\/es\/?s={search_term_string}\"},\"query-input\":{\"@type\":\"PropertyValueSpecification\",\"valueRequired\":true,\"valueName\":\"search_term_string\"}}],\"inLanguage\":\"es\"},{\"@type\":\"Organization\",\"@id\":\"https:\/\/white-lion.eu\/es\/#organization\",\"name\":\"Trockeneisstrahlanlagen f\u00fcr Profis\",\"url\":\"https:\/\/white-lion.eu\/es\/\",\"logo\":{\"@type\":\"ImageObject\",\"inLanguage\":\"es\",\"@id\":\"https:\/\/white-lion.eu\/es\/#\/schema\/logo\/image\/\",\"url\":\"https:\/\/white-lion.eu\/wp-content\/uploads\/2024\/05\/White_Lion_Logo_linksbuendig-1.png\",\"contentUrl\":\"https:\/\/white-lion.eu\/wp-content\/uploads\/2024\/05\/White_Lion_Logo_linksbuendig-1.png\",\"width\":602,\"height\":162,\"caption\":\"Trockeneisstrahlanlagen f\u00fcr Profis\"},\"image\":{\"@id\":\"https:\/\/white-lion.eu\/es\/#\/schema\/logo\/image\/\"},\"sameAs\":[\"https:\/\/www.facebook.com\/profile.php?id=100063524055322\"]}]}<\/script>\n<!-- \/ Yoast SEO plugin. -->","yoast_head_json":{"title":"Bolet\u00edn por Le\u00f3n Blanco - \u00a1Suscr\u00edbete ahora!","description":"\u00a1Suscr\u00edbete a nuestro bolet\u00edn y no te pierdas nunca m\u00e1s noticias sobre hielo seco y tecnolog\u00eda de superficie!","robots":{"index":"index","follow":"follow","max-snippet":"max-snippet:-1","max-image-preview":"max-image-preview:large","max-video-preview":"max-video-preview:-1"},"canonical":"https:\/\/white-lion.eu\/es\/boletin\/","og_locale":"es_ES","og_type":"article","og_title":"Bolet\u00edn por Le\u00f3n Blanco - \u00a1Suscr\u00edbete ahora!","og_description":"\u00a1Suscr\u00edbete a nuestro bolet\u00edn y no te pierdas nunca m\u00e1s noticias sobre hielo seco y tecnolog\u00eda de superficie!","og_url":"https:\/\/white-lion.eu\/es\/boletin\/","og_site_name":"Trockeneisstrahlanlagen f\u00fcr Profis","article_publisher":"https:\/\/www.facebook.com\/profile.php?id=100063524055322","article_modified_time":"2025-03-21T10:50:14+00:00","twitter_card":"summary_large_image","schema":{"@context":"https:\/\/schema.org","@graph":[{"@type":"WebPage","@id":"https:\/\/white-lion.eu\/es\/boletin\/","url":"https:\/\/white-lion.eu\/es\/boletin\/","name":"Bolet\u00edn por Le\u00f3n Blanco - \u00a1Suscr\u00edbete ahora!","isPartOf":{"@id":"https:\/\/white-lion.eu\/es\/#website"},"datePublished":"2024-06-03T13:31:21+00:00","dateModified":"2025-03-21T10:50:14+00:00","description":"\u00a1Suscr\u00edbete a nuestro bolet\u00edn y no te pierdas nunca m\u00e1s noticias sobre hielo seco y tecnolog\u00eda de superficie!","breadcrumb":{"@id":"https:\/\/white-lion.eu\/es\/boletin\/#breadcrumb"},"inLanguage":"es","potentialAction":[{"@type":"ReadAction","target":["https:\/\/white-lion.eu\/es\/boletin\/"]}]},{"@type":"BreadcrumbList","@id":"https:\/\/white-lion.eu\/es\/boletin\/#breadcrumb","itemListElement":[{"@type":"ListItem","position":1,"name":"White Lion","item":"https:\/\/white-lion.eu\/es\/"},{"@type":"ListItem","position":2,"name":"Bolet\u00edn"}]},{"@type":"WebSite","@id":"https:\/\/white-lion.eu\/es\/#website","url":"https:\/\/white-lion.eu\/es\/","name":"Trockeneisstrahlanlagen f\u00fcr Profis","description":"","publisher":{"@id":"https:\/\/white-lion.eu\/es\/#organization"},"potentialAction":[{"@type":"SearchAction","target":{"@type":"EntryPoint","urlTemplate":"https:\/\/white-lion.eu\/es\/?s={search_term_string}"},"query-input":{"@type":"PropertyValueSpecification","valueRequired":true,"valueName":"search_term_string"}}],"inLanguage":"es"},{"@type":"Organization","@id":"https:\/\/white-lion.eu\/es\/#organization","name":"Trockeneisstrahlanlagen f\u00fcr Profis","url":"https:\/\/white-lion.eu\/es\/","logo":{"@type":"ImageObject","inLanguage":"es","@id":"https:\/\/white-lion.eu\/es\/#\/schema\/logo\/image\/","url":"https:\/\/white-lion.eu\/wp-content\/uploads\/2024\/05\/White_Lion_Logo_linksbuendig-1.png","contentUrl":"https:\/\/white-lion.eu\/wp-content\/uploads\/2024\/05\/White_Lion_Logo_linksbuendig-1.png","width":602,"height":162,"caption":"Trockeneisstrahlanlagen f\u00fcr Profis"},"image":{"@id":"https:\/\/white-lion.eu\/es\/#\/schema\/logo\/image\/"},"sameAs":["https:\/\/www.facebook.com\/profile.php?id=100063524055322"]}]}},"_links":{"self":[{"href":"https:\/\/white-lion.eu\/es\/wp-json\/wp\/v2\/pages\/34133","targetHints":{"allow":["GET"]}}],"collection":[{"href":"https:\/\/white-lion.eu\/es\/wp-json\/wp\/v2\/pages"}],"about":[{"href":"https:\/\/white-lion.eu\/es\/wp-json\/wp\/v2\/types\/page"}],"author":[{"embeddable":true,"href":"https:\/\/white-lion.eu\/es\/wp-json\/wp\/v2\/users\/4"}],"replies":[{"embeddable":true,"href":"https:\/\/white-lion.eu\/es\/wp-json\/wp\/v2\/comments?post=34133"}],"version-history":[{"count":1,"href":"https:\/\/white-lion.eu\/es\/wp-json\/wp\/v2\/pages\/34133\/revisions"}],"predecessor-version":[{"id":34134,"href":"https:\/\/white-lion.eu\/es\/wp-json\/wp\/v2\/pages\/34133\/revisions\/34134"}],"wp:attachment":[{"href":"https:\/\/white-lion.eu\/es\/wp-json\/wp\/v2\/media?parent=34133"}],"curies":[{"name":"wp","href":"https:\/\/api.w.org\/{rel}","templated":true}]}}