{"id":34586,"date":"2024-11-05T08:40:48","date_gmt":"2024-11-05T07:40:48","guid":{"rendered":"https:\/\/whitelion.dev-takevalue.de\/dry-ice-alliance\/trockeneis-kaufen\/pepitas-de-hielo-seco-de-12-mm\/"},"modified":"2025-03-26T15:42:35","modified_gmt":"2025-03-26T14:42:35","slug":"pepitas-de-hielo-seco","status":"publish","type":"product","link":"https:\/\/white-lion.eu\/es\/dry-ice-alliance\/comprar-hielo-seco\/pepitas-de-hielo-seco\/","title":{"rendered":"Pepitas de hielo seco de 12 mm"},"content":{"rendered":"<h2>Ventajas del hielo seco<\/h2>\n<p>El uso de hielo seco es una opci\u00f3n extremadamente ventajosa para enfriar y almacenar diversos productos. Las numerosas ventajas que conlleva lo convierten en una opci\u00f3n muy atractiva.<\/p>\n<p>Una ventaja decisiva es la temperatura extremadamente baja de -78,9\u00b0C que ofrece el hielo seco. Esto permite un enfriamiento r\u00e1pido y eficaz, lo que es especialmente importante cuando se transportan alimentos, medicamentos y otras mercanc\u00edas sensibles.<\/p>\n<p>&nbsp;<\/p>\n<p>Adem\u00e1s, el hielo seco no deja residuos ni humedad ni agua. Esto lo hace especialmente adecuado para su uso en la producci\u00f3n de alimentos y otras industrias en las que la refrigeraci\u00f3n seca e higi\u00e9nica es esencial, por ejemplo, para garantizar la vida \u00fatil.<\/p>\n<p>Dosificar y transportar hielo seco es extremadamente sencillo, ya que es s\u00f3lido y est\u00e1 congelado. Envasadas en una caja aislante, las pepitas de hielo seco garantizan que tus productos se mantengan fr\u00edos durante m\u00e1s tiempo.<\/p>\n<p>Por \u00faltimo, pero no por ello menos importante, el hielo seco es una alternativa respetuosa con el medio ambiente a los m\u00e9todos de refrigeraci\u00f3n convencionales, ya que consiste en di\u00f3xido de carbono gaseoso. Por tanto, el hielo seco contribuye a proteger el medio ambiente cuando enfr\u00edas tus productos.<\/p>\n<p>&nbsp;<\/p>\n<h2>Encargar nuggets de hielo seco online<\/h2>\n<p>\u00bfNecesitas nuggets y quieres pedirlos en peque\u00f1as cantidades? \u00a1No hay problema! En nuestra tienda de hielo seco tienes la oportunidad de cubrir tus necesidades individuales. Te ofrecemos un pedido sin complicaciones y una entrega flexible y r\u00e1pida.<\/p>\n<p>Ya sea para uso privado, para artesanos o para empresas industriales, realizamos entregas fiables y c\u00f3modas directamente en tu casa o negocio. Tu pedido se embala cuidadosamente en una caja de poliestireno aislante de alta calidad y una caja exterior protectora, que ya est\u00e1 incluida en el precio. De este modo, garantizamos que el hielo seco llegue fresco y seguro justo a tiempo.<\/p>\n<p>Si necesitas regularmente grandes cantidades de hielo seco, estaremos encantados de proporcionarte m\u00e1s informaci\u00f3n y discutir personalmente tus necesidades de entrega. Te prepararemos una oferta personalizada con condiciones de entrega y precios justos. Esperamos tener noticias tuyas.<\/p>\n<p>Conf\u00eda en nosotros como tu socio de confianza para la entrega de hielo seco de alta calidad.<\/p>\n","protected":false},"excerpt":{"rendered":"<p>Las pastillas de hielo seco de White Lion son refrigerantes vers\u00e1tiles y ultrafr\u00edos, ideales para el env\u00edo seguro de productos sensibles a la temperatura y para aplicaciones creativas en catering y eventos.<\/p>\n","protected":false},"featured_media":35038,"comment_status":"open","ping_status":"closed","template":"","meta":{"_acf_changed":false},"product_brand":[],"product_cat":[110],"product_tag":[104],"class_list":{"0":"post-34586","1":"product","2":"type-product","3":"status-publish","4":"has-post-thumbnail","6":"product_cat-nuggets-de-hielo-seco","7":"product_tag-producto_variable","9":"first","10":"instock","11":"shipping-taxable","12":"purchasable","13":"product-type-variable"},"acf":[],"yoast_head":"<!-- This site is optimized with the Yoast SEO plugin v27.2 - https:\/\/yoast.com\/product\/yoast-seo-wordpress\/ -->\n<title>Comprar nuggets de hielo seco: Encargar nuggets online - Alianza del Hielo Seco<\/title>\n<meta name=\"description\" content=\"\u00bfQuieres comprar pepitas de hielo seco? La Alianza del Hielo Seco distribuye nuggets de hielo seco en toda Alemania \u2713 \u00a1P\u00eddelos ahora online!\" \/>\n<meta name=\"robots\" content=\"noindex, follow\" \/>\n<meta property=\"og:locale\" content=\"es_ES\" \/>\n<meta property=\"og:type\" content=\"article\" \/>\n<meta property=\"og:title\" content=\"Comprar nuggets de hielo seco: Encargar nuggets online - Alianza del Hielo Seco\" \/>\n<meta property=\"og:description\" content=\"\u00bfQuieres comprar pepitas de hielo seco? La Alianza del Hielo Seco distribuye nuggets de hielo seco en toda Alemania \u2713 \u00a1P\u00eddelos ahora online!\" \/>\n<meta property=\"og:url\" content=\"https:\/\/white-lion.eu\/es\/dry-ice-alliance\/comprar-hielo-seco\/pepitas-de-hielo-seco\/\" \/>\n<meta property=\"og:site_name\" content=\"Trockeneisstrahlanlagen f\u00fcr Profis\" \/>\n<meta property=\"article:publisher\" content=\"https:\/\/www.facebook.com\/profile.php?id=100063524055322\" \/>\n<meta property=\"article:modified_time\" content=\"2025-03-26T14:42:35+00:00\" \/>\n<meta property=\"og:image\" content=\"https:\/\/white-lion.eu\/wp-content\/uploads\/2024\/11\/WL_Web_Bilder_Zuschnitt_47.jpg\" \/>\n\t<meta property=\"og:image:width\" content=\"2560\" \/>\n\t<meta property=\"og:image:height\" content=\"1442\" \/>\n\t<meta property=\"og:image:type\" content=\"image\/jpeg\" \/>\n<meta name=\"twitter:card\" content=\"summary_large_image\" \/>\n<meta name=\"twitter:label1\" content=\"Tiempo de lectura\" \/>\n\t<meta name=\"twitter:data1\" content=\"2 minutos\" \/>\n<script type=\"application\/ld+json\" class=\"yoast-schema-graph\">{\"@context\":\"https:\/\/schema.org\",\"@graph\":[{\"@type\":\"WebPage\",\"@id\":\"https:\/\/white-lion.eu\/es\/dry-ice-alliance\/comprar-hielo-seco\/pepitas-de-hielo-seco\/\",\"url\":\"https:\/\/white-lion.eu\/es\/dry-ice-alliance\/comprar-hielo-seco\/pepitas-de-hielo-seco\/\",\"name\":\"Comprar nuggets de hielo seco: Encargar nuggets online - Alianza del Hielo Seco\",\"isPartOf\":{\"@id\":\"https:\/\/white-lion.eu\/es\/#website\"},\"primaryImageOfPage\":{\"@id\":\"https:\/\/white-lion.eu\/es\/dry-ice-alliance\/comprar-hielo-seco\/pepitas-de-hielo-seco\/#primaryimage\"},\"image\":{\"@id\":\"https:\/\/white-lion.eu\/es\/dry-ice-alliance\/comprar-hielo-seco\/pepitas-de-hielo-seco\/#primaryimage\"},\"thumbnailUrl\":\"https:\/\/white-lion.eu\/wp-content\/uploads\/2024\/11\/WL_Web_Bilder_Zuschnitt_47.jpg\",\"datePublished\":\"2024-11-05T07:40:48+00:00\",\"dateModified\":\"2025-03-26T14:42:35+00:00\",\"description\":\"\u00bfQuieres comprar pepitas de hielo seco? La Alianza del Hielo Seco distribuye nuggets de hielo seco en toda Alemania \u2713 \u00a1P\u00eddelos ahora online!\",\"breadcrumb\":{\"@id\":\"https:\/\/white-lion.eu\/es\/dry-ice-alliance\/comprar-hielo-seco\/pepitas-de-hielo-seco\/#breadcrumb\"},\"inLanguage\":\"es\",\"potentialAction\":[{\"@type\":\"ReadAction\",\"target\":[\"https:\/\/white-lion.eu\/es\/dry-ice-alliance\/comprar-hielo-seco\/pepitas-de-hielo-seco\/\"]}]},{\"@type\":\"ImageObject\",\"inLanguage\":\"es\",\"@id\":\"https:\/\/white-lion.eu\/es\/dry-ice-alliance\/comprar-hielo-seco\/pepitas-de-hielo-seco\/#primaryimage\",\"url\":\"https:\/\/white-lion.eu\/wp-content\/uploads\/2024\/11\/WL_Web_Bilder_Zuschnitt_47.jpg\",\"contentUrl\":\"https:\/\/white-lion.eu\/wp-content\/uploads\/2024\/11\/WL_Web_Bilder_Zuschnitt_47.jpg\",\"width\":2560,\"height\":1442,\"caption\":\"Nuggets de hielo seco\"},{\"@type\":\"BreadcrumbList\",\"@id\":\"https:\/\/white-lion.eu\/es\/dry-ice-alliance\/comprar-hielo-seco\/pepitas-de-hielo-seco\/#breadcrumb\",\"itemListElement\":[{\"@type\":\"ListItem\",\"position\":1,\"name\":\"White Lion\",\"item\":\"https:\/\/white-lion.eu\/es\/\"},{\"@type\":\"ListItem\",\"position\":2,\"name\":\"Tienda\",\"item\":\"https:\/\/white-lion.eu\/es\/dry-ice-alliance\/comprar-hielo-seco\/\"},{\"@type\":\"ListItem\",\"position\":3,\"name\":\"Pepitas de hielo seco de 12 mm\"}]},{\"@type\":\"WebSite\",\"@id\":\"https:\/\/white-lion.eu\/es\/#website\",\"url\":\"https:\/\/white-lion.eu\/es\/\",\"name\":\"Trockeneisstrahlanlagen f\u00fcr Profis\",\"description\":\"\",\"publisher\":{\"@id\":\"https:\/\/white-lion.eu\/es\/#organization\"},\"potentialAction\":[{\"@type\":\"SearchAction\",\"target\":{\"@type\":\"EntryPoint\",\"urlTemplate\":\"https:\/\/white-lion.eu\/es\/?s={search_term_string}\"},\"query-input\":{\"@type\":\"PropertyValueSpecification\",\"valueRequired\":true,\"valueName\":\"search_term_string\"}}],\"inLanguage\":\"es\"},{\"@type\":\"Organization\",\"@id\":\"https:\/\/white-lion.eu\/es\/#organization\",\"name\":\"Trockeneisstrahlanlagen f\u00fcr Profis\",\"url\":\"https:\/\/white-lion.eu\/es\/\",\"logo\":{\"@type\":\"ImageObject\",\"inLanguage\":\"es\",\"@id\":\"https:\/\/white-lion.eu\/es\/#\/schema\/logo\/image\/\",\"url\":\"https:\/\/white-lion.eu\/wp-content\/uploads\/2024\/05\/White_Lion_Logo_linksbuendig-1.png\",\"contentUrl\":\"https:\/\/white-lion.eu\/wp-content\/uploads\/2024\/05\/White_Lion_Logo_linksbuendig-1.png\",\"width\":602,\"height\":162,\"caption\":\"Trockeneisstrahlanlagen f\u00fcr Profis\"},\"image\":{\"@id\":\"https:\/\/white-lion.eu\/es\/#\/schema\/logo\/image\/\"},\"sameAs\":[\"https:\/\/www.facebook.com\/profile.php?id=100063524055322\"]}]}<\/script>\n<!-- \/ Yoast SEO plugin. -->","yoast_head_json":{"title":"Comprar nuggets de hielo seco: Encargar nuggets online - Alianza del Hielo Seco","description":"\u00bfQuieres comprar pepitas de hielo seco? La Alianza del Hielo Seco distribuye nuggets de hielo seco en toda Alemania \u2713 \u00a1P\u00eddelos ahora online!","robots":{"index":"noindex","follow":"follow"},"og_locale":"es_ES","og_type":"article","og_title":"Comprar nuggets de hielo seco: Encargar nuggets online - Alianza del Hielo Seco","og_description":"\u00bfQuieres comprar pepitas de hielo seco? La Alianza del Hielo Seco distribuye nuggets de hielo seco en toda Alemania \u2713 \u00a1P\u00eddelos ahora online!","og_url":"https:\/\/white-lion.eu\/es\/dry-ice-alliance\/comprar-hielo-seco\/pepitas-de-hielo-seco\/","og_site_name":"Trockeneisstrahlanlagen f\u00fcr Profis","article_publisher":"https:\/\/www.facebook.com\/profile.php?id=100063524055322","article_modified_time":"2025-03-26T14:42:35+00:00","og_image":[{"width":2560,"height":1442,"url":"https:\/\/white-lion.eu\/wp-content\/uploads\/2024\/11\/WL_Web_Bilder_Zuschnitt_47.jpg","type":"image\/jpeg"}],"twitter_card":"summary_large_image","twitter_misc":{"Tiempo de lectura":"2 minutos"},"schema":{"@context":"https:\/\/schema.org","@graph":[{"@type":"WebPage","@id":"https:\/\/white-lion.eu\/es\/dry-ice-alliance\/comprar-hielo-seco\/pepitas-de-hielo-seco\/","url":"https:\/\/white-lion.eu\/es\/dry-ice-alliance\/comprar-hielo-seco\/pepitas-de-hielo-seco\/","name":"Comprar nuggets de hielo seco: Encargar nuggets online - Alianza del Hielo Seco","isPartOf":{"@id":"https:\/\/white-lion.eu\/es\/#website"},"primaryImageOfPage":{"@id":"https:\/\/white-lion.eu\/es\/dry-ice-alliance\/comprar-hielo-seco\/pepitas-de-hielo-seco\/#primaryimage"},"image":{"@id":"https:\/\/white-lion.eu\/es\/dry-ice-alliance\/comprar-hielo-seco\/pepitas-de-hielo-seco\/#primaryimage"},"thumbnailUrl":"https:\/\/white-lion.eu\/wp-content\/uploads\/2024\/11\/WL_Web_Bilder_Zuschnitt_47.jpg","datePublished":"2024-11-05T07:40:48+00:00","dateModified":"2025-03-26T14:42:35+00:00","description":"\u00bfQuieres comprar pepitas de hielo seco? La Alianza del Hielo Seco distribuye nuggets de hielo seco en toda Alemania \u2713 \u00a1P\u00eddelos ahora online!","breadcrumb":{"@id":"https:\/\/white-lion.eu\/es\/dry-ice-alliance\/comprar-hielo-seco\/pepitas-de-hielo-seco\/#breadcrumb"},"inLanguage":"es","potentialAction":[{"@type":"ReadAction","target":["https:\/\/white-lion.eu\/es\/dry-ice-alliance\/comprar-hielo-seco\/pepitas-de-hielo-seco\/"]}]},{"@type":"ImageObject","inLanguage":"es","@id":"https:\/\/white-lion.eu\/es\/dry-ice-alliance\/comprar-hielo-seco\/pepitas-de-hielo-seco\/#primaryimage","url":"https:\/\/white-lion.eu\/wp-content\/uploads\/2024\/11\/WL_Web_Bilder_Zuschnitt_47.jpg","contentUrl":"https:\/\/white-lion.eu\/wp-content\/uploads\/2024\/11\/WL_Web_Bilder_Zuschnitt_47.jpg","width":2560,"height":1442,"caption":"Nuggets de hielo seco"},{"@type":"BreadcrumbList","@id":"https:\/\/white-lion.eu\/es\/dry-ice-alliance\/comprar-hielo-seco\/pepitas-de-hielo-seco\/#breadcrumb","itemListElement":[{"@type":"ListItem","position":1,"name":"White Lion","item":"https:\/\/white-lion.eu\/es\/"},{"@type":"ListItem","position":2,"name":"Tienda","item":"https:\/\/white-lion.eu\/es\/dry-ice-alliance\/comprar-hielo-seco\/"},{"@type":"ListItem","position":3,"name":"Pepitas de hielo seco de 12 mm"}]},{"@type":"WebSite","@id":"https:\/\/white-lion.eu\/es\/#website","url":"https:\/\/white-lion.eu\/es\/","name":"Trockeneisstrahlanlagen f\u00fcr Profis","description":"","publisher":{"@id":"https:\/\/white-lion.eu\/es\/#organization"},"potentialAction":[{"@type":"SearchAction","target":{"@type":"EntryPoint","urlTemplate":"https:\/\/white-lion.eu\/es\/?s={search_term_string}"},"query-input":{"@type":"PropertyValueSpecification","valueRequired":true,"valueName":"search_term_string"}}],"inLanguage":"es"},{"@type":"Organization","@id":"https:\/\/white-lion.eu\/es\/#organization","name":"Trockeneisstrahlanlagen f\u00fcr Profis","url":"https:\/\/white-lion.eu\/es\/","logo":{"@type":"ImageObject","inLanguage":"es","@id":"https:\/\/white-lion.eu\/es\/#\/schema\/logo\/image\/","url":"https:\/\/white-lion.eu\/wp-content\/uploads\/2024\/05\/White_Lion_Logo_linksbuendig-1.png","contentUrl":"https:\/\/white-lion.eu\/wp-content\/uploads\/2024\/05\/White_Lion_Logo_linksbuendig-1.png","width":602,"height":162,"caption":"Trockeneisstrahlanlagen f\u00fcr Profis"},"image":{"@id":"https:\/\/white-lion.eu\/es\/#\/schema\/logo\/image\/"},"sameAs":["https:\/\/www.facebook.com\/profile.php?id=100063524055322"]}]}},"_links":{"self":[{"href":"https:\/\/white-lion.eu\/es\/wp-json\/wp\/v2\/product\/34586","targetHints":{"allow":["GET"]}}],"collection":[{"href":"https:\/\/white-lion.eu\/es\/wp-json\/wp\/v2\/product"}],"about":[{"href":"https:\/\/white-lion.eu\/es\/wp-json\/wp\/v2\/types\/product"}],"replies":[{"embeddable":true,"href":"https:\/\/white-lion.eu\/es\/wp-json\/wp\/v2\/comments?post=34586"}],"wp:featuredmedia":[{"embeddable":true,"href":"https:\/\/white-lion.eu\/es\/wp-json\/wp\/v2\/media\/35038"}],"wp:attachment":[{"href":"https:\/\/white-lion.eu\/es\/wp-json\/wp\/v2\/media?parent=34586"}],"wp:term":[{"taxonomy":"product_brand","embeddable":true,"href":"https:\/\/white-lion.eu\/es\/wp-json\/wp\/v2\/product_brand?post=34586"},{"taxonomy":"product_cat","embeddable":true,"href":"https:\/\/white-lion.eu\/es\/wp-json\/wp\/v2\/product_cat?post=34586"},{"taxonomy":"product_tag","embeddable":true,"href":"https:\/\/white-lion.eu\/es\/wp-json\/wp\/v2\/product_tag?post=34586"}],"curies":[{"name":"wp","href":"https:\/\/api.w.org\/{rel}","templated":true}]}}