{"id":34589,"date":"2024-12-11T07:30:06","date_gmt":"2024-12-11T06:30:06","guid":{"rendered":"https:\/\/whitelion.dev-takevalue.de\/dry-ice-alliance\/trockeneis-kaufen\/pellets-de-hielo-seco-de-3-mm\/"},"modified":"2025-08-19T10:55:33","modified_gmt":"2025-08-19T08:55:33","slug":"pellets-de-hielo-seco","status":"publish","type":"product","link":"https:\/\/white-lion.eu\/es\/dry-ice-alliance\/comprar-hielo-seco\/pellets-de-hielo-seco\/","title":{"rendered":"Pellets de hielo seco de 3 mm"},"content":{"rendered":"<h2>Transporte y almacenamiento de hielo seco<\/h2>\n<p>El hielo seco se produce a temperaturas extremadamente bajas, de menos 78,9 grados cent\u00edgrados, en varios di\u00e1metros. El hielo seco debe almacenarse y transportarse adecuadamente para garantizar una manipulaci\u00f3n segura. Es aconsejable utilizar contenedores especiales bien aislados para almacenar y transportar el hielo seco. Estos recipientes deben cerrarse herm\u00e9ticamente para ralentizar la evaporaci\u00f3n del hielo seco y mantenerlo fr\u00edo durante m\u00e1s tiempo. En segundo lugar, el CO2 sublimado debe poder escapar al exterior.    <\/p>\n<p>&nbsp;<\/p>\n<p>Es importante elegir una caja adecuada y de buena calidad para transportar el hielo seco, a fin de garantizar un almacenamiento y una manipulaci\u00f3n seguros y eficaces. Nuestros contenedores se caracterizan por un buen aislamiento, robustez y durabilidad para mantener fr\u00edo el hielo seco y evitar su r\u00e1pida sublimaci\u00f3n. Est\u00e1n disponibles en varios tama\u00f1os y son ideales para transportar y almacenar hielo seco.  <\/p>\n<p>&nbsp;<\/p>\n<p>Al manipular hielo seco, tambi\u00e9n conocido como CO2 congelado, es importante observar una serie de instrucciones de seguridad. Siguiendo estas instrucciones de seguridad, el hielo seco puede manipularse con seguridad. <\/p>\n<p>&nbsp;<\/p>\n<p>&nbsp;<\/p>\n<p>&nbsp;<\/p>\n<h2>Pedir hielo seco en pelets<\/h2>\n<p>Puedes pedir hielo seco en pelets en peque\u00f1as o grandes cantidades, como particular, artesano o industrial, seg\u00fan tus necesidades individuales. Nuestra tienda online ofrece a nuestros clientes una forma sencilla y c\u00f3moda de pedir un peque\u00f1o kg de hielo seco. La entrega se realiza en una caja de poliestireno aislante de alta calidad con un cart\u00f3n exterior protector, que est\u00e1 incluido en el precio. Esto garantiza que el hielo seco llegue fresco y seguro al siguiente d\u00eda laborable.   <\/p>\n<p>&nbsp;<\/p>\n<p>Si necesitas regularmente grandes cantidades de hielo seco, estaremos encantados de hablar personalmente contigo sobre tus necesidades de entrega. Te prepararemos una oferta personalizada con condiciones de entrega y precios justos. Esperamos tener noticias tuyas. El hielo seco ofrece una soluci\u00f3n innovadora y respetuosa con el medio ambiente para la refrigeraci\u00f3n y la limpieza de superficies en diversos sectores industriales. Su flexibilidad, eficacia y durabilidad lo convierten en la opci\u00f3n ideal para las empresas que buscan soluciones sostenibles y rentables.    <\/p>\n","protected":false},"excerpt":{"rendered":"<p>Descubra las vers\u00e1tiles posibilidades de aplicaci\u00f3n de los pellets de hielo seco en la Alianza del Hielo Seco: \u00a1su socio de confianza para soluciones de hielo seco de alta calidad!<\/p>\n","protected":false},"featured_media":35034,"comment_status":"open","ping_status":"closed","template":"","meta":{"_acf_changed":false},"product_brand":[],"product_cat":[102],"product_tag":[104],"class_list":{"0":"post-34589","1":"product","2":"type-product","3":"status-publish","4":"has-post-thumbnail","6":"product_cat-pellets-de-hielo-seco","7":"product_tag-producto_variable","9":"first","10":"instock","11":"shipping-taxable","12":"purchasable","13":"product-type-variable"},"acf":[],"yoast_head":"<!-- This site is optimized with the Yoast SEO plugin v27.2 - https:\/\/yoast.com\/product\/yoast-seo-wordpress\/ -->\n<title>Comprar pellets de hielo seco: Pedir pellets online - Alianza del Hielo Seco<\/title>\n<meta name=\"description\" content=\"\u00bfQuieres comprar hielo seco en pelets? La Alianza del Hielo Seco distribuye hielo seco en pelets en toda Alemania \u2713 \u00a1P\u00eddelo ahora online!\" \/>\n<meta name=\"robots\" content=\"noindex, follow\" \/>\n<meta property=\"og:locale\" content=\"es_ES\" \/>\n<meta property=\"og:type\" content=\"article\" \/>\n<meta property=\"og:title\" content=\"Comprar pellets de hielo seco: Pedir pellets online - Alianza del Hielo Seco\" \/>\n<meta property=\"og:description\" content=\"\u00bfQuieres comprar hielo seco en pelets? La Alianza del Hielo Seco distribuye hielo seco en pelets en toda Alemania \u2713 \u00a1P\u00eddelo ahora online!\" \/>\n<meta property=\"og:url\" content=\"https:\/\/white-lion.eu\/es\/dry-ice-alliance\/comprar-hielo-seco\/pellets-de-hielo-seco\/\" \/>\n<meta property=\"og:site_name\" content=\"Trockeneisstrahlanlagen f\u00fcr Profis\" \/>\n<meta property=\"article:publisher\" content=\"https:\/\/www.facebook.com\/profile.php?id=100063524055322\" \/>\n<meta property=\"article:modified_time\" content=\"2025-08-19T08:55:33+00:00\" \/>\n<meta property=\"og:image\" content=\"https:\/\/white-lion.eu\/wp-content\/uploads\/2024\/11\/WL_Web_Bilder_Zuschnitt_48.jpg\" \/>\n\t<meta property=\"og:image:width\" content=\"2560\" \/>\n\t<meta property=\"og:image:height\" content=\"1442\" \/>\n\t<meta property=\"og:image:type\" content=\"image\/jpeg\" \/>\n<meta name=\"twitter:card\" content=\"summary_large_image\" \/>\n<meta name=\"twitter:label1\" content=\"Tiempo de lectura\" \/>\n\t<meta name=\"twitter:data1\" content=\"2 minutos\" \/>\n<script type=\"application\/ld+json\" class=\"yoast-schema-graph\">{\"@context\":\"https:\/\/schema.org\",\"@graph\":[{\"@type\":\"WebPage\",\"@id\":\"https:\/\/white-lion.eu\/es\/dry-ice-alliance\/comprar-hielo-seco\/pellets-de-hielo-seco\/\",\"url\":\"https:\/\/white-lion.eu\/es\/dry-ice-alliance\/comprar-hielo-seco\/pellets-de-hielo-seco\/\",\"name\":\"Comprar pellets de hielo seco: Pedir pellets online - Alianza del Hielo Seco\",\"isPartOf\":{\"@id\":\"https:\/\/white-lion.eu\/es\/#website\"},\"primaryImageOfPage\":{\"@id\":\"https:\/\/white-lion.eu\/es\/dry-ice-alliance\/comprar-hielo-seco\/pellets-de-hielo-seco\/#primaryimage\"},\"image\":{\"@id\":\"https:\/\/white-lion.eu\/es\/dry-ice-alliance\/comprar-hielo-seco\/pellets-de-hielo-seco\/#primaryimage\"},\"thumbnailUrl\":\"https:\/\/white-lion.eu\/wp-content\/uploads\/2024\/11\/WL_Web_Bilder_Zuschnitt_48.jpg\",\"datePublished\":\"2024-12-11T06:30:06+00:00\",\"dateModified\":\"2025-08-19T08:55:33+00:00\",\"description\":\"\u00bfQuieres comprar hielo seco en pelets? La Alianza del Hielo Seco distribuye hielo seco en pelets en toda Alemania \u2713 \u00a1P\u00eddelo ahora online!\",\"breadcrumb\":{\"@id\":\"https:\/\/white-lion.eu\/es\/dry-ice-alliance\/comprar-hielo-seco\/pellets-de-hielo-seco\/#breadcrumb\"},\"inLanguage\":\"es\",\"potentialAction\":[{\"@type\":\"ReadAction\",\"target\":[\"https:\/\/white-lion.eu\/es\/dry-ice-alliance\/comprar-hielo-seco\/pellets-de-hielo-seco\/\"]}]},{\"@type\":\"ImageObject\",\"inLanguage\":\"es\",\"@id\":\"https:\/\/white-lion.eu\/es\/dry-ice-alliance\/comprar-hielo-seco\/pellets-de-hielo-seco\/#primaryimage\",\"url\":\"https:\/\/white-lion.eu\/wp-content\/uploads\/2024\/11\/WL_Web_Bilder_Zuschnitt_48.jpg\",\"contentUrl\":\"https:\/\/white-lion.eu\/wp-content\/uploads\/2024\/11\/WL_Web_Bilder_Zuschnitt_48.jpg\",\"width\":2560,\"height\":1442,\"caption\":\"Pellets de hielo seco de producci\u00f3n propia\"},{\"@type\":\"BreadcrumbList\",\"@id\":\"https:\/\/white-lion.eu\/es\/dry-ice-alliance\/comprar-hielo-seco\/pellets-de-hielo-seco\/#breadcrumb\",\"itemListElement\":[{\"@type\":\"ListItem\",\"position\":1,\"name\":\"White Lion\",\"item\":\"https:\/\/white-lion.eu\/es\/\"},{\"@type\":\"ListItem\",\"position\":2,\"name\":\"Tienda\",\"item\":\"https:\/\/white-lion.eu\/es\/dry-ice-alliance\/comprar-hielo-seco\/\"},{\"@type\":\"ListItem\",\"position\":3,\"name\":\"Pellets de hielo seco de 3 mm\"}]},{\"@type\":\"WebSite\",\"@id\":\"https:\/\/white-lion.eu\/es\/#website\",\"url\":\"https:\/\/white-lion.eu\/es\/\",\"name\":\"Trockeneisstrahlanlagen f\u00fcr Profis\",\"description\":\"\",\"publisher\":{\"@id\":\"https:\/\/white-lion.eu\/es\/#organization\"},\"potentialAction\":[{\"@type\":\"SearchAction\",\"target\":{\"@type\":\"EntryPoint\",\"urlTemplate\":\"https:\/\/white-lion.eu\/es\/?s={search_term_string}\"},\"query-input\":{\"@type\":\"PropertyValueSpecification\",\"valueRequired\":true,\"valueName\":\"search_term_string\"}}],\"inLanguage\":\"es\"},{\"@type\":\"Organization\",\"@id\":\"https:\/\/white-lion.eu\/es\/#organization\",\"name\":\"Trockeneisstrahlanlagen f\u00fcr Profis\",\"url\":\"https:\/\/white-lion.eu\/es\/\",\"logo\":{\"@type\":\"ImageObject\",\"inLanguage\":\"es\",\"@id\":\"https:\/\/white-lion.eu\/es\/#\/schema\/logo\/image\/\",\"url\":\"https:\/\/white-lion.eu\/wp-content\/uploads\/2024\/05\/White_Lion_Logo_linksbuendig-1.png\",\"contentUrl\":\"https:\/\/white-lion.eu\/wp-content\/uploads\/2024\/05\/White_Lion_Logo_linksbuendig-1.png\",\"width\":602,\"height\":162,\"caption\":\"Trockeneisstrahlanlagen f\u00fcr Profis\"},\"image\":{\"@id\":\"https:\/\/white-lion.eu\/es\/#\/schema\/logo\/image\/\"},\"sameAs\":[\"https:\/\/www.facebook.com\/profile.php?id=100063524055322\"]}]}<\/script>\n<!-- \/ Yoast SEO plugin. -->","yoast_head_json":{"title":"Comprar pellets de hielo seco: Pedir pellets online - Alianza del Hielo Seco","description":"\u00bfQuieres comprar hielo seco en pelets? La Alianza del Hielo Seco distribuye hielo seco en pelets en toda Alemania \u2713 \u00a1P\u00eddelo ahora online!","robots":{"index":"noindex","follow":"follow"},"og_locale":"es_ES","og_type":"article","og_title":"Comprar pellets de hielo seco: Pedir pellets online - Alianza del Hielo Seco","og_description":"\u00bfQuieres comprar hielo seco en pelets? La Alianza del Hielo Seco distribuye hielo seco en pelets en toda Alemania \u2713 \u00a1P\u00eddelo ahora online!","og_url":"https:\/\/white-lion.eu\/es\/dry-ice-alliance\/comprar-hielo-seco\/pellets-de-hielo-seco\/","og_site_name":"Trockeneisstrahlanlagen f\u00fcr Profis","article_publisher":"https:\/\/www.facebook.com\/profile.php?id=100063524055322","article_modified_time":"2025-08-19T08:55:33+00:00","og_image":[{"width":2560,"height":1442,"url":"https:\/\/white-lion.eu\/wp-content\/uploads\/2024\/11\/WL_Web_Bilder_Zuschnitt_48.jpg","type":"image\/jpeg"}],"twitter_card":"summary_large_image","twitter_misc":{"Tiempo de lectura":"2 minutos"},"schema":{"@context":"https:\/\/schema.org","@graph":[{"@type":"WebPage","@id":"https:\/\/white-lion.eu\/es\/dry-ice-alliance\/comprar-hielo-seco\/pellets-de-hielo-seco\/","url":"https:\/\/white-lion.eu\/es\/dry-ice-alliance\/comprar-hielo-seco\/pellets-de-hielo-seco\/","name":"Comprar pellets de hielo seco: Pedir pellets online - Alianza del Hielo Seco","isPartOf":{"@id":"https:\/\/white-lion.eu\/es\/#website"},"primaryImageOfPage":{"@id":"https:\/\/white-lion.eu\/es\/dry-ice-alliance\/comprar-hielo-seco\/pellets-de-hielo-seco\/#primaryimage"},"image":{"@id":"https:\/\/white-lion.eu\/es\/dry-ice-alliance\/comprar-hielo-seco\/pellets-de-hielo-seco\/#primaryimage"},"thumbnailUrl":"https:\/\/white-lion.eu\/wp-content\/uploads\/2024\/11\/WL_Web_Bilder_Zuschnitt_48.jpg","datePublished":"2024-12-11T06:30:06+00:00","dateModified":"2025-08-19T08:55:33+00:00","description":"\u00bfQuieres comprar hielo seco en pelets? La Alianza del Hielo Seco distribuye hielo seco en pelets en toda Alemania \u2713 \u00a1P\u00eddelo ahora online!","breadcrumb":{"@id":"https:\/\/white-lion.eu\/es\/dry-ice-alliance\/comprar-hielo-seco\/pellets-de-hielo-seco\/#breadcrumb"},"inLanguage":"es","potentialAction":[{"@type":"ReadAction","target":["https:\/\/white-lion.eu\/es\/dry-ice-alliance\/comprar-hielo-seco\/pellets-de-hielo-seco\/"]}]},{"@type":"ImageObject","inLanguage":"es","@id":"https:\/\/white-lion.eu\/es\/dry-ice-alliance\/comprar-hielo-seco\/pellets-de-hielo-seco\/#primaryimage","url":"https:\/\/white-lion.eu\/wp-content\/uploads\/2024\/11\/WL_Web_Bilder_Zuschnitt_48.jpg","contentUrl":"https:\/\/white-lion.eu\/wp-content\/uploads\/2024\/11\/WL_Web_Bilder_Zuschnitt_48.jpg","width":2560,"height":1442,"caption":"Pellets de hielo seco de producci\u00f3n propia"},{"@type":"BreadcrumbList","@id":"https:\/\/white-lion.eu\/es\/dry-ice-alliance\/comprar-hielo-seco\/pellets-de-hielo-seco\/#breadcrumb","itemListElement":[{"@type":"ListItem","position":1,"name":"White Lion","item":"https:\/\/white-lion.eu\/es\/"},{"@type":"ListItem","position":2,"name":"Tienda","item":"https:\/\/white-lion.eu\/es\/dry-ice-alliance\/comprar-hielo-seco\/"},{"@type":"ListItem","position":3,"name":"Pellets de hielo seco de 3 mm"}]},{"@type":"WebSite","@id":"https:\/\/white-lion.eu\/es\/#website","url":"https:\/\/white-lion.eu\/es\/","name":"Trockeneisstrahlanlagen f\u00fcr Profis","description":"","publisher":{"@id":"https:\/\/white-lion.eu\/es\/#organization"},"potentialAction":[{"@type":"SearchAction","target":{"@type":"EntryPoint","urlTemplate":"https:\/\/white-lion.eu\/es\/?s={search_term_string}"},"query-input":{"@type":"PropertyValueSpecification","valueRequired":true,"valueName":"search_term_string"}}],"inLanguage":"es"},{"@type":"Organization","@id":"https:\/\/white-lion.eu\/es\/#organization","name":"Trockeneisstrahlanlagen f\u00fcr Profis","url":"https:\/\/white-lion.eu\/es\/","logo":{"@type":"ImageObject","inLanguage":"es","@id":"https:\/\/white-lion.eu\/es\/#\/schema\/logo\/image\/","url":"https:\/\/white-lion.eu\/wp-content\/uploads\/2024\/05\/White_Lion_Logo_linksbuendig-1.png","contentUrl":"https:\/\/white-lion.eu\/wp-content\/uploads\/2024\/05\/White_Lion_Logo_linksbuendig-1.png","width":602,"height":162,"caption":"Trockeneisstrahlanlagen f\u00fcr Profis"},"image":{"@id":"https:\/\/white-lion.eu\/es\/#\/schema\/logo\/image\/"},"sameAs":["https:\/\/www.facebook.com\/profile.php?id=100063524055322"]}]}},"_links":{"self":[{"href":"https:\/\/white-lion.eu\/es\/wp-json\/wp\/v2\/product\/34589","targetHints":{"allow":["GET"]}}],"collection":[{"href":"https:\/\/white-lion.eu\/es\/wp-json\/wp\/v2\/product"}],"about":[{"href":"https:\/\/white-lion.eu\/es\/wp-json\/wp\/v2\/types\/product"}],"replies":[{"embeddable":true,"href":"https:\/\/white-lion.eu\/es\/wp-json\/wp\/v2\/comments?post=34589"}],"wp:featuredmedia":[{"embeddable":true,"href":"https:\/\/white-lion.eu\/es\/wp-json\/wp\/v2\/media\/35034"}],"wp:attachment":[{"href":"https:\/\/white-lion.eu\/es\/wp-json\/wp\/v2\/media?parent=34589"}],"wp:term":[{"taxonomy":"product_brand","embeddable":true,"href":"https:\/\/white-lion.eu\/es\/wp-json\/wp\/v2\/product_brand?post=34589"},{"taxonomy":"product_cat","embeddable":true,"href":"https:\/\/white-lion.eu\/es\/wp-json\/wp\/v2\/product_cat?post=34589"},{"taxonomy":"product_tag","embeddable":true,"href":"https:\/\/white-lion.eu\/es\/wp-json\/wp\/v2\/product_tag?post=34589"}],"curies":[{"name":"wp","href":"https:\/\/api.w.org\/{rel}","templated":true}]}}