{"id":31520,"date":"2024-07-11T09:57:48","date_gmt":"2024-07-11T07:57:48","guid":{"rendered":"https:\/\/whitelion.dev-takevalue.de\/mentions-legales\/"},"modified":"2025-03-25T16:15:08","modified_gmt":"2025-03-25T15:15:08","slug":"mentions-legales","status":"publish","type":"page","link":"https:\/\/white-lion.eu\/fr\/mentions-legales\/","title":{"rendered":"Mentions l\u00e9gales"},"content":{"rendered":"\t\t<div data-elementor-type=\"wp-page\" data-elementor-id=\"31520\" class=\"elementor elementor-31520 elementor-5924\" data-elementor-post-type=\"page\">\n\t\t\t\t<div class=\"elementor-element elementor-element-09647f0 e-flex e-con-boxed e-con e-parent\" data-id=\"09647f0\" data-element_type=\"container\" data-e-type=\"container\">\n\t\t\t\t\t<div class=\"e-con-inner\">\n\t\t\t\t<div class=\"elementor-element elementor-element-71df65c elementor-widget elementor-widget-heading\" data-id=\"71df65c\" data-element_type=\"widget\" data-e-type=\"widget\" data-widget_type=\"heading.default\">\n\t\t\t\t<div class=\"elementor-widget-container\">\n\t\t\t\t\t<h1 class=\"elementor-heading-title elementor-size-default\">Mentions l\u00e9gales<\/h1>\t\t\t\t<\/div>\n\t\t\t\t<\/div>\n\t\t\t\t<div class=\"elementor-element elementor-element-27fcf4b elementor-widget elementor-widget-text-editor\" data-id=\"27fcf4b\" data-element_type=\"widget\" data-e-type=\"widget\" data-widget_type=\"text-editor.default\">\n\t\t\t\t<div class=\"elementor-widget-container\">\n\t\t\t\t\t\t\t\t\t<p>White Lion GmbH<\/p><p>An der Schillertanne 13<br \/>D-64367 M\u00fchltal<\/p><p>\u00a0<\/p><p>Contact :<br \/>T\u00e9l\u00e9phone : +49 6151 6066820<br \/>Fax : +49 6151 3594081<br \/>Web : <a href=\"https:\/\/white-lion.eu\/\">www.white-lion.eu<\/a><br \/>E-mail : <a href=\"mailto:info@white-lion.eu\">info@white-lion.eu<\/a><\/p><p>\u00a0<\/p><p>Repr\u00e9sent\u00e9 par la direction :<br \/>Mme Svetlana Andric-M\u00fcller<br \/>M. Swen M\u00fcller<br \/>(responsable du contenu)<\/p><p>\u00a0<\/p><p>Num\u00e9ro d&rsquo;identification de la taxe sur le chiffre d&rsquo;affaires conform\u00e9ment au \u00a7 27 a de la loi sur la taxe sur le chiffre d&rsquo;affaires :<\/p><p>FR 287775935<\/p><p>\u00a0<\/p><p>Conception :<br \/>TIM SEIBERT Communication visuelle<\/p><p>\u00a0<\/p><p>Mise en \u0153uvre :<br \/><a href=\"https:\/\/www.takevalue.de\/\" target=\"_blank\" rel=\"noopener\">takevalue Consulting GmbH<\/a><\/p>\t\t\t\t\t\t\t\t<\/div>\n\t\t\t\t<\/div>\n\t\t\t\t\t<\/div>\n\t\t\t\t<\/div>\n\t\t<div class=\"elementor-element elementor-element-3915849 e-flex e-con-boxed e-con e-parent\" data-id=\"3915849\" data-element_type=\"container\" data-e-type=\"container\">\n\t\t\t\t\t<div class=\"e-con-inner\">\n\t\t\t\t<div class=\"elementor-element elementor-element-cc77a03 elementor-widget elementor-widget-spacer\" data-id=\"cc77a03\" data-element_type=\"widget\" data-e-type=\"widget\" data-widget_type=\"spacer.default\">\n\t\t\t\t<div class=\"elementor-widget-container\">\n\t\t\t\t\t\t\t<div class=\"elementor-spacer\">\n\t\t\t<div class=\"elementor-spacer-inner\"><\/div>\n\t\t<\/div>\n\t\t\t\t\t\t<\/div>\n\t\t\t\t<\/div>\n\t\t\t\t\t<\/div>\n\t\t\t\t<\/div>\n\t\t<div class=\"elementor-element elementor-element-007774b e-flex e-con-boxed e-con e-parent\" data-id=\"007774b\" data-element_type=\"container\" data-e-type=\"container\">\n\t\t\t\t\t<div class=\"e-con-inner\">\n\t\t\t\t<div class=\"elementor-element elementor-element-1f1f904 elementor-widget elementor-widget-spacer\" data-id=\"1f1f904\" data-element_type=\"widget\" data-e-type=\"widget\" data-widget_type=\"spacer.default\">\n\t\t\t\t<div class=\"elementor-widget-container\">\n\t\t\t\t\t\t\t<div class=\"elementor-spacer\">\n\t\t\t<div class=\"elementor-spacer-inner\"><\/div>\n\t\t<\/div>\n\t\t\t\t\t\t<\/div>\n\t\t\t\t<\/div>\n\t\t\t\t\t<\/div>\n\t\t\t\t<\/div>\n\t\t<div class=\"elementor-element elementor-element-27f17b4 e-flex e-con-boxed e-con e-parent\" data-id=\"27f17b4\" data-element_type=\"container\" data-e-type=\"container\">\n\t\t\t\t\t<div class=\"e-con-inner\">\n\t\t\t\t<div class=\"elementor-element elementor-element-65c0df1 elementor-widget elementor-widget-text-editor\" data-id=\"65c0df1\" data-element_type=\"widget\" data-e-type=\"widget\" data-widget_type=\"text-editor.default\">\n\t\t\t\t<div class=\"elementor-widget-container\">\n\t\t\t\t\t\t\t\t\t<p>Nous ne sommes pas dispos\u00e9s ou oblig\u00e9s de participer \u00e0 des proc\u00e9dures de r\u00e8glement des litiges devant un organisme de conciliation des consommateurs.<\/p>\t\t\t\t\t\t\t\t<\/div>\n\t\t\t\t<\/div>\n\t\t\t\t\t<\/div>\n\t\t\t\t<\/div>\n\t\t<div class=\"elementor-element elementor-element-db7ff29 e-flex e-con-boxed e-con e-parent\" data-id=\"db7ff29\" data-element_type=\"container\" data-e-type=\"container\">\n\t\t\t\t\t<div class=\"e-con-inner\">\n\t\t\t\t<div class=\"elementor-element elementor-element-60a8e61 elementor-widget elementor-widget-spacer\" data-id=\"60a8e61\" data-element_type=\"widget\" data-e-type=\"widget\" data-widget_type=\"spacer.default\">\n\t\t\t\t<div class=\"elementor-widget-container\">\n\t\t\t\t\t\t\t<div class=\"elementor-spacer\">\n\t\t\t<div class=\"elementor-spacer-inner\"><\/div>\n\t\t<\/div>\n\t\t\t\t\t\t<\/div>\n\t\t\t\t<\/div>\n\t\t\t\t\t<\/div>\n\t\t\t\t<\/div>\n\t\t\t\t<\/div>\n\t\t","protected":false},"excerpt":{"rendered":"<p>White Lion GmbH An der Schillertanne 13D-64367 M\u00fchltal \u00a0 Contact :T\u00e9l\u00e9phone : +49 6151 6066820Fax : +49 6151 3594081Web : www.white-lion.euE-mail : info@white-lion.eu \u00a0 Repr\u00e9sent\u00e9 par la direction :Mme Svetlana Andric-M\u00fcllerM. Swen M\u00fcller(responsable du contenu) \u00a0 Num\u00e9ro d&rsquo;identification de la taxe sur le chiffre d&rsquo;affaires conform\u00e9ment au \u00a7 27 a de la loi sur la [&hellip;]<\/p>\n","protected":false},"author":4,"featured_media":0,"parent":0,"menu_order":0,"comment_status":"closed","ping_status":"closed","template":"","meta":{"_acf_changed":false,"footnotes":""},"class_list":["post-31520","page","type-page","status-publish","hentry"],"acf":[],"yoast_head":"<!-- This site is optimized with the Yoast SEO plugin v27.2 - https:\/\/yoast.com\/product\/yoast-seo-wordpress\/ -->\n<title>Mentions l\u00e9gales - Lion blanc<\/title>\n<meta name=\"description\" content=\"Mentions l\u00e9gales de White Lion GmbH : An der Schillertanne 13, 64367 M\u00fchltal | +49 6151 6066820 | info@white-lion.eu\" \/>\n<meta name=\"robots\" content=\"index, follow, max-snippet:-1, max-image-preview:large, max-video-preview:-1\" \/>\n<link rel=\"canonical\" href=\"https:\/\/white-lion.eu\/fr\/mentions-legales\/\" \/>\n<meta property=\"og:locale\" content=\"fr_FR\" \/>\n<meta property=\"og:type\" content=\"article\" \/>\n<meta property=\"og:title\" content=\"Mentions l\u00e9gales - Lion blanc\" \/>\n<meta property=\"og:description\" content=\"Mentions l\u00e9gales de White Lion GmbH : An der Schillertanne 13, 64367 M\u00fchltal | +49 6151 6066820 | info@white-lion.eu\" \/>\n<meta property=\"og:url\" content=\"https:\/\/white-lion.eu\/fr\/mentions-legales\/\" \/>\n<meta property=\"og:site_name\" content=\"Trockeneisstrahlanlagen f\u00fcr Profis\" \/>\n<meta property=\"article:publisher\" content=\"https:\/\/www.facebook.com\/profile.php?id=100063524055322\" \/>\n<meta property=\"article:modified_time\" content=\"2025-03-25T15:15:08+00:00\" \/>\n<meta name=\"twitter:card\" content=\"summary_large_image\" \/>\n<meta name=\"twitter:label1\" content=\"Dur\u00e9e de lecture estim\u00e9e\" \/>\n\t<meta name=\"twitter:data1\" content=\"1 minute\" \/>\n<script type=\"application\/ld+json\" class=\"yoast-schema-graph\">{\"@context\":\"https:\/\/schema.org\",\"@graph\":[{\"@type\":\"WebPage\",\"@id\":\"https:\/\/white-lion.eu\/fr\/mentions-legales\/\",\"url\":\"https:\/\/white-lion.eu\/fr\/mentions-legales\/\",\"name\":\"Mentions l\u00e9gales - Lion blanc\",\"isPartOf\":{\"@id\":\"https:\/\/white-lion.eu\/fr\/#website\"},\"datePublished\":\"2024-07-11T07:57:48+00:00\",\"dateModified\":\"2025-03-25T15:15:08+00:00\",\"description\":\"Mentions l\u00e9gales de White Lion GmbH : An der Schillertanne 13, 64367 M\u00fchltal | +49 6151 6066820 | info@white-lion.eu\",\"breadcrumb\":{\"@id\":\"https:\/\/white-lion.eu\/fr\/mentions-legales\/#breadcrumb\"},\"inLanguage\":\"fr-FR\",\"potentialAction\":[{\"@type\":\"ReadAction\",\"target\":[\"https:\/\/white-lion.eu\/fr\/mentions-legales\/\"]}]},{\"@type\":\"BreadcrumbList\",\"@id\":\"https:\/\/white-lion.eu\/fr\/mentions-legales\/#breadcrumb\",\"itemListElement\":[{\"@type\":\"ListItem\",\"position\":1,\"name\":\"White Lion\",\"item\":\"https:\/\/white-lion.eu\/fr\/\"},{\"@type\":\"ListItem\",\"position\":2,\"name\":\"Mentions l\u00e9gales\"}]},{\"@type\":\"WebSite\",\"@id\":\"https:\/\/white-lion.eu\/fr\/#website\",\"url\":\"https:\/\/white-lion.eu\/fr\/\",\"name\":\"Trockeneisstrahlanlagen f\u00fcr Profis\",\"description\":\"\",\"publisher\":{\"@id\":\"https:\/\/white-lion.eu\/fr\/#organization\"},\"potentialAction\":[{\"@type\":\"SearchAction\",\"target\":{\"@type\":\"EntryPoint\",\"urlTemplate\":\"https:\/\/white-lion.eu\/fr\/?s={search_term_string}\"},\"query-input\":{\"@type\":\"PropertyValueSpecification\",\"valueRequired\":true,\"valueName\":\"search_term_string\"}}],\"inLanguage\":\"fr-FR\"},{\"@type\":\"Organization\",\"@id\":\"https:\/\/white-lion.eu\/fr\/#organization\",\"name\":\"Trockeneisstrahlanlagen f\u00fcr Profis\",\"url\":\"https:\/\/white-lion.eu\/fr\/\",\"logo\":{\"@type\":\"ImageObject\",\"inLanguage\":\"fr-FR\",\"@id\":\"https:\/\/white-lion.eu\/fr\/#\/schema\/logo\/image\/\",\"url\":\"https:\/\/white-lion.eu\/wp-content\/uploads\/2024\/05\/White_Lion_Logo_linksbuendig-1.png\",\"contentUrl\":\"https:\/\/white-lion.eu\/wp-content\/uploads\/2024\/05\/White_Lion_Logo_linksbuendig-1.png\",\"width\":602,\"height\":162,\"caption\":\"Trockeneisstrahlanlagen f\u00fcr Profis\"},\"image\":{\"@id\":\"https:\/\/white-lion.eu\/fr\/#\/schema\/logo\/image\/\"},\"sameAs\":[\"https:\/\/www.facebook.com\/profile.php?id=100063524055322\"]}]}<\/script>\n<!-- \/ Yoast SEO plugin. -->","yoast_head_json":{"title":"Mentions l\u00e9gales - Lion blanc","description":"Mentions l\u00e9gales de White Lion GmbH : An der Schillertanne 13, 64367 M\u00fchltal | +49 6151 6066820 | info@white-lion.eu","robots":{"index":"index","follow":"follow","max-snippet":"max-snippet:-1","max-image-preview":"max-image-preview:large","max-video-preview":"max-video-preview:-1"},"canonical":"https:\/\/white-lion.eu\/fr\/mentions-legales\/","og_locale":"fr_FR","og_type":"article","og_title":"Mentions l\u00e9gales - Lion blanc","og_description":"Mentions l\u00e9gales de White Lion GmbH : An der Schillertanne 13, 64367 M\u00fchltal | +49 6151 6066820 | info@white-lion.eu","og_url":"https:\/\/white-lion.eu\/fr\/mentions-legales\/","og_site_name":"Trockeneisstrahlanlagen f\u00fcr Profis","article_publisher":"https:\/\/www.facebook.com\/profile.php?id=100063524055322","article_modified_time":"2025-03-25T15:15:08+00:00","twitter_card":"summary_large_image","twitter_misc":{"Dur\u00e9e de lecture estim\u00e9e":"1 minute"},"schema":{"@context":"https:\/\/schema.org","@graph":[{"@type":"WebPage","@id":"https:\/\/white-lion.eu\/fr\/mentions-legales\/","url":"https:\/\/white-lion.eu\/fr\/mentions-legales\/","name":"Mentions l\u00e9gales - Lion blanc","isPartOf":{"@id":"https:\/\/white-lion.eu\/fr\/#website"},"datePublished":"2024-07-11T07:57:48+00:00","dateModified":"2025-03-25T15:15:08+00:00","description":"Mentions l\u00e9gales de White Lion GmbH : An der Schillertanne 13, 64367 M\u00fchltal | +49 6151 6066820 | info@white-lion.eu","breadcrumb":{"@id":"https:\/\/white-lion.eu\/fr\/mentions-legales\/#breadcrumb"},"inLanguage":"fr-FR","potentialAction":[{"@type":"ReadAction","target":["https:\/\/white-lion.eu\/fr\/mentions-legales\/"]}]},{"@type":"BreadcrumbList","@id":"https:\/\/white-lion.eu\/fr\/mentions-legales\/#breadcrumb","itemListElement":[{"@type":"ListItem","position":1,"name":"White Lion","item":"https:\/\/white-lion.eu\/fr\/"},{"@type":"ListItem","position":2,"name":"Mentions l\u00e9gales"}]},{"@type":"WebSite","@id":"https:\/\/white-lion.eu\/fr\/#website","url":"https:\/\/white-lion.eu\/fr\/","name":"Trockeneisstrahlanlagen f\u00fcr Profis","description":"","publisher":{"@id":"https:\/\/white-lion.eu\/fr\/#organization"},"potentialAction":[{"@type":"SearchAction","target":{"@type":"EntryPoint","urlTemplate":"https:\/\/white-lion.eu\/fr\/?s={search_term_string}"},"query-input":{"@type":"PropertyValueSpecification","valueRequired":true,"valueName":"search_term_string"}}],"inLanguage":"fr-FR"},{"@type":"Organization","@id":"https:\/\/white-lion.eu\/fr\/#organization","name":"Trockeneisstrahlanlagen f\u00fcr Profis","url":"https:\/\/white-lion.eu\/fr\/","logo":{"@type":"ImageObject","inLanguage":"fr-FR","@id":"https:\/\/white-lion.eu\/fr\/#\/schema\/logo\/image\/","url":"https:\/\/white-lion.eu\/wp-content\/uploads\/2024\/05\/White_Lion_Logo_linksbuendig-1.png","contentUrl":"https:\/\/white-lion.eu\/wp-content\/uploads\/2024\/05\/White_Lion_Logo_linksbuendig-1.png","width":602,"height":162,"caption":"Trockeneisstrahlanlagen f\u00fcr Profis"},"image":{"@id":"https:\/\/white-lion.eu\/fr\/#\/schema\/logo\/image\/"},"sameAs":["https:\/\/www.facebook.com\/profile.php?id=100063524055322"]}]}},"_links":{"self":[{"href":"https:\/\/white-lion.eu\/fr\/wp-json\/wp\/v2\/pages\/31520","targetHints":{"allow":["GET"]}}],"collection":[{"href":"https:\/\/white-lion.eu\/fr\/wp-json\/wp\/v2\/pages"}],"about":[{"href":"https:\/\/white-lion.eu\/fr\/wp-json\/wp\/v2\/types\/page"}],"author":[{"embeddable":true,"href":"https:\/\/white-lion.eu\/fr\/wp-json\/wp\/v2\/users\/4"}],"replies":[{"embeddable":true,"href":"https:\/\/white-lion.eu\/fr\/wp-json\/wp\/v2\/comments?post=31520"}],"version-history":[{"count":4,"href":"https:\/\/white-lion.eu\/fr\/wp-json\/wp\/v2\/pages\/31520\/revisions"}],"predecessor-version":[{"id":35739,"href":"https:\/\/white-lion.eu\/fr\/wp-json\/wp\/v2\/pages\/31520\/revisions\/35739"}],"wp:attachment":[{"href":"https:\/\/white-lion.eu\/fr\/wp-json\/wp\/v2\/media?parent=31520"}],"curies":[{"name":"wp","href":"https:\/\/api.w.org\/{rel}","templated":true}]}}