{"id":32133,"date":"2024-06-03T15:29:32","date_gmt":"2024-06-03T13:29:32","guid":{"rendered":"https:\/\/whitelion.dev-takevalue.de\/blog\/"},"modified":"2025-04-04T15:46:42","modified_gmt":"2025-04-04T13:46:42","slug":"blog","status":"publish","type":"page","link":"https:\/\/white-lion.eu\/fr\/blog\/","title":{"rendered":"Blog"},"content":{"rendered":"\t\t<div data-elementor-type=\"wp-page\" data-elementor-id=\"32133\" class=\"elementor elementor-32133 elementor-222\" data-elementor-post-type=\"page\">\n\t\t\t\t<div class=\"elementor-element elementor-element-3174387 e-flex e-con-boxed e-con e-parent\" data-id=\"3174387\" data-element_type=\"container\" data-e-type=\"container\">\n\t\t\t\t\t<div class=\"e-con-inner\">\n\t\t\t\t<div class=\"elementor-element elementor-element-63ef377 elementor-widget elementor-widget-heading\" data-id=\"63ef377\" data-element_type=\"widget\" data-e-type=\"widget\" data-widget_type=\"heading.default\">\n\t\t\t\t<div class=\"elementor-widget-container\">\n\t\t\t\t\t<h1 class=\"elementor-heading-title elementor-size-default\">Blog<\/h1>\t\t\t\t<\/div>\n\t\t\t\t<\/div>\n\t\t\t\t\t<\/div>\n\t\t\t\t<\/div>\n\t\t<div class=\"elementor-element elementor-element-2f6f411 e-flex e-con-boxed e-con e-parent\" data-id=\"2f6f411\" data-element_type=\"container\" data-e-type=\"container\">\n\t\t\t\t\t<div class=\"e-con-inner\">\n\t\t\t\t<div class=\"elementor-element elementor-element-7bfa609 elementor-widget elementor-widget-spacer\" data-id=\"7bfa609\" data-element_type=\"widget\" data-e-type=\"widget\" data-widget_type=\"spacer.default\">\n\t\t\t\t<div class=\"elementor-widget-container\">\n\t\t\t\t\t\t\t<div class=\"elementor-spacer\">\n\t\t\t<div class=\"elementor-spacer-inner\"><\/div>\n\t\t<\/div>\n\t\t\t\t\t\t<\/div>\n\t\t\t\t<\/div>\n\t\t\t\t\t<\/div>\n\t\t\t\t<\/div>\n\t\t<div class=\"elementor-element elementor-element-dbc64ff e-flex e-con-boxed e-con e-parent\" data-id=\"dbc64ff\" data-element_type=\"container\" data-e-type=\"container\">\n\t\t\t\t\t<div class=\"e-con-inner\">\n\t\t\t\t<div class=\"elementor-element elementor-element-1de034b elementor-widget elementor-widget-image\" data-id=\"1de034b\" data-element_type=\"widget\" data-e-type=\"widget\" data-widget_type=\"image.default\">\n\t\t\t\t<div class=\"elementor-widget-container\">\n\t\t\t\t\t\t\t\t\t\t\t\t\t\t\t<img fetchpriority=\"high\" decoding=\"async\" width=\"2560\" height=\"956\" src=\"https:\/\/white-lion.eu\/wp-content\/uploads\/2025\/03\/Erfolgskette-Zanhraeder-scaled.jpg\" class=\"attachment-full size-full wp-image-21660\" alt=\"Communaut\u00e9 du Lion blanc\" srcset=\"https:\/\/white-lion.eu\/wp-content\/uploads\/2025\/03\/Erfolgskette-Zanhraeder-scaled.jpg 2560w, https:\/\/white-lion.eu\/wp-content\/uploads\/2025\/03\/Erfolgskette-Zanhraeder-300x112.jpg 300w, https:\/\/white-lion.eu\/wp-content\/uploads\/2025\/03\/Erfolgskette-Zanhraeder-1024x382.jpg 1024w, https:\/\/white-lion.eu\/wp-content\/uploads\/2025\/03\/Erfolgskette-Zanhraeder-768x287.jpg 768w, https:\/\/white-lion.eu\/wp-content\/uploads\/2025\/03\/Erfolgskette-Zanhraeder-1536x574.jpg 1536w, https:\/\/white-lion.eu\/wp-content\/uploads\/2025\/03\/Erfolgskette-Zanhraeder-2048x765.jpg 2048w, https:\/\/white-lion.eu\/wp-content\/uploads\/2025\/03\/Erfolgskette-Zanhraeder-600x224.jpg 600w\" sizes=\"(max-width: 2560px) 100vw, 2560px\" \/>\t\t\t\t\t\t\t\t\t\t\t\t\t\t\t<\/div>\n\t\t\t\t<\/div>\n\t\t\t\t\t<\/div>\n\t\t\t\t<\/div>\n\t\t<div class=\"elementor-element elementor-element-06f5784 e-flex e-con-boxed e-con e-parent\" data-id=\"06f5784\" data-element_type=\"container\" data-e-type=\"container\">\n\t\t\t\t\t<div class=\"e-con-inner\">\n\t\t\t\t<div class=\"elementor-element elementor-element-001a477 tv-space tv-space-module-text gap-100 elementor-widget elementor-widget-spacer\" data-id=\"001a477\" data-element_type=\"widget\" data-e-type=\"widget\" data-widget_type=\"spacer.default\">\n\t\t\t\t<div class=\"elementor-widget-container\">\n\t\t\t\t\t\t\t<div class=\"elementor-spacer\">\n\t\t\t<div class=\"elementor-spacer-inner\"><\/div>\n\t\t<\/div>\n\t\t\t\t\t\t<\/div>\n\t\t\t\t<\/div>\n\t\t\t\t\t<\/div>\n\t\t\t\t<\/div>\n\t\t<div class=\"elementor-element elementor-element-05e1f82 e-flex e-con-boxed e-con e-parent\" data-id=\"05e1f82\" data-element_type=\"container\" data-e-type=\"container\">\n\t\t\t\t\t<div class=\"e-con-inner\">\n\t\t\t\t<div class=\"elementor-element elementor-element-cac5c15 elementor-widget elementor-widget-heading\" data-id=\"cac5c15\" data-element_type=\"widget\" data-e-type=\"widget\" data-widget_type=\"heading.default\">\n\t\t\t\t<div class=\"elementor-widget-container\">\n\t\t\t\t\t<h2 class=\"elementor-heading-title elementor-size-default\">Bon \u00e0 savoir...<\/h2>\t\t\t\t<\/div>\n\t\t\t\t<\/div>\n\t\t\t\t\t<\/div>\n\t\t\t\t<\/div>\n\t\t<div class=\"elementor-element elementor-element-ac5fb30 e-flex e-con-boxed e-con e-parent\" data-id=\"ac5fb30\" data-element_type=\"container\" data-e-type=\"container\">\n\t\t\t\t\t<div class=\"e-con-inner\">\n\t\t\t\t<div class=\"elementor-element elementor-element-15b1760 elementor-widget elementor-widget-text-editor\" data-id=\"15b1760\" data-element_type=\"widget\" data-e-type=\"widget\" data-widget_type=\"text-editor.default\">\n\t\t\t\t<div class=\"elementor-widget-container\">\n\t\t\t\t\t\t\t\t\t<p>Bienvenue dans le monde de White Lion ! Si vous avez d\u00e9cid\u00e9 d&rsquo;investir dans l&rsquo;un de nos \u00e9quipements, vous avez non seulement choisi une solution performante, mais vous faites \u00e9galement partie d&rsquo;une communaut\u00e9 vivante &#8211; la communaut\u00e9 White Lion. <\/p><p> <\/p><p>En tant que membre de cette communaut\u00e9 exclusive, vous b\u00e9n\u00e9ficiez de nombreux avantages. Nous vous tiendrons r\u00e9guli\u00e8rement au courant des informations importantes du secteur, afin que vous soyez toujours au courant des derniers d\u00e9veloppements, tendances et innovations. <\/p><p> <\/p><p>Nous sommes \u00e9galement votre interlocuteur direct pour toutes les demandes nationales et internationales concernant la glace carbonique et nos services. Nous transmettons les demandes pertinentes directement \u00e0 nos clients &#8211; dont vous faites bien s\u00fbr partie ! Cela signifie que vous avez toujours la possibilit\u00e9 d&rsquo;\u00e9largir vos opportunit\u00e9s commerciales et de nouer des contacts pr\u00e9cieux.  <\/p><p> <\/p><p>Soyez donc rassur\u00e9 : Chez White Lion, vous n&rsquo;\u00eates pas seulement un acheteur, mais vous faites partie d&rsquo;un r\u00e9seau qui mise sur la collaboration et la croissance. Nous sommes impatients de vous accompagner dans votre voyage et de construire l&rsquo;avenir avec vous ! <\/p><p> <\/p><p>Restez \u00e0 l&rsquo;\u00e9coute pour d&rsquo;autres informations et d\u00e9veloppements passionnants de la communaut\u00e9 White Lion !<\/p>\t\t\t\t\t\t\t\t<\/div>\n\t\t\t\t<\/div>\n\t\t\t\t\t<\/div>\n\t\t\t\t<\/div>\n\t\t<div class=\"elementor-element elementor-element-635a38a e-flex e-con-boxed e-con e-parent\" data-id=\"635a38a\" data-element_type=\"container\" data-e-type=\"container\">\n\t\t\t\t\t<div class=\"e-con-inner\">\n\t\t\t\t<div class=\"elementor-element elementor-element-a5c7720 tv-space tv-space-module-text gap-100 elementor-widget elementor-widget-spacer\" data-id=\"a5c7720\" data-element_type=\"widget\" data-e-type=\"widget\" data-widget_type=\"spacer.default\">\n\t\t\t\t<div class=\"elementor-widget-container\">\n\t\t\t\t\t\t\t<div class=\"elementor-spacer\">\n\t\t\t<div class=\"elementor-spacer-inner\"><\/div>\n\t\t<\/div>\n\t\t\t\t\t\t<\/div>\n\t\t\t\t<\/div>\n\t\t\t\t\t<\/div>\n\t\t\t\t<\/div>\n\t\t<div class=\"elementor-element elementor-element-ddec98c tvm29 e-flex e-con-boxed e-con e-parent\" data-id=\"ddec98c\" data-element_type=\"container\" data-e-type=\"container\" data-settings=\"{&quot;background_background&quot;:&quot;classic&quot;}\">\n\t\t\t\t\t<div class=\"e-con-inner\">\n\t\t<div class=\"elementor-element elementor-element-46e814f e-con-full e-flex e-con e-child\" data-id=\"46e814f\" data-element_type=\"container\" data-e-type=\"container\">\n\t\t\t\t<div class=\"elementor-element elementor-element-74dc4dd elementor-widget elementor-widget-image\" data-id=\"74dc4dd\" data-element_type=\"widget\" data-e-type=\"widget\" data-widget_type=\"image.default\">\n\t\t\t\t<div class=\"elementor-widget-container\">\n\t\t\t\t\t\t\t\t\t\t\t\t\t\t\t<img decoding=\"async\" width=\"1\" height=\"1\" src=\"https:\/\/white-lion.eu\/wp-content\/uploads\/2024\/06\/module11newsletter.svg\" class=\"attachment-large size-large wp-image-19504\" alt=\"\" \/>\t\t\t\t\t\t\t\t\t\t\t\t\t\t\t<\/div>\n\t\t\t\t<\/div>\n\t\t\t\t<\/div>\n\t\t<div class=\"elementor-element elementor-element-c2ca29e e-con-full e-flex e-con e-child\" data-id=\"c2ca29e\" data-element_type=\"container\" data-e-type=\"container\">\n\t\t\t\t<div class=\"elementor-element elementor-element-cefd1ef elementor-widget elementor-widget-heading\" data-id=\"cefd1ef\" data-element_type=\"widget\" data-e-type=\"widget\" data-widget_type=\"heading.default\">\n\t\t\t\t<div class=\"elementor-widget-container\">\n\t\t\t\t\t<div class=\"elementor-heading-title elementor-size-default\">Actualit\u00e9s Dry Ice<\/div>\t\t\t\t<\/div>\n\t\t\t\t<\/div>\n\t\t\t\t<div class=\"elementor-element elementor-element-628194d elementor-widget elementor-widget-text-editor\" data-id=\"628194d\" data-element_type=\"widget\" data-e-type=\"widget\" data-widget_type=\"text-editor.default\">\n\t\t\t\t<div class=\"elementor-widget-container\">\n\t\t\t\t\t\t\t\t\t<p>Vous pouvez obtenir facilement des informations utiles sur la glace carbonique, la machine de projection de glace carbonique, la machine de nettoyage cryog\u00e9nique et le nettoyage cryog\u00e9nique dans notre bulletin trimestriel \u00ab\u00a0Dry Ice News\u00a0\u00bb. Veuillez remplir les champs ci-dessous pour vous abonner sans engagement. Vous pouvez vous d\u00e9sabonner \u00e0 tout moment.  <\/p>\t\t\t\t\t\t\t\t<\/div>\n\t\t\t\t<\/div>\n\t\t\t\t<div class=\"elementor-element elementor-element-a296e81 elementor-button-align-stretch elementor-widget elementor-widget-form\" data-id=\"a296e81\" data-element_type=\"widget\" data-e-type=\"widget\" data-settings=\"{&quot;button_width&quot;:&quot;50&quot;,&quot;button_width_tablet&quot;:&quot;100&quot;,&quot;step_next_label&quot;:&quot;Prochain&quot;,&quot;step_previous_label&quot;:&quot;Pr\\u00e9c\\u00e9dent&quot;,&quot;step_type&quot;:&quot;none&quot;,&quot;step_icon_shape&quot;:&quot;circle&quot;}\" data-widget_type=\"form.default\">\n\t\t\t\t<div class=\"elementor-widget-container\">\n\t\t\t\t\t\t\t<form class=\"elementor-form\" method=\"post\" name=\"Actualit\u00e9s Dry Ice\" aria-label=\"Actualit\u00e9s Dry Ice\">\n\t\t\t<input type=\"hidden\" name=\"post_id\" value=\"32133\"\/>\n\t\t\t<input type=\"hidden\" name=\"form_id\" value=\"a296e81\"\/>\n\t\t\t<input type=\"hidden\" name=\"referer_title\" value=\"Blog de White Lion : articles int\u00e9ressants sur la glace carbonique\" \/>\n\n\t\t\t\t\t\t\t<input type=\"hidden\" name=\"queried_id\" value=\"32133\"\/>\n\t\t\t\n\t\t\t<div class=\"elementor-form-fields-wrapper elementor-labels-\">\n\t\t\t\t\t\t\t\t<div class=\"elementor-field-type-email elementor-field-group elementor-column elementor-field-group-email elementor-col-50 elementor-md-100 elementor-field-required\">\n\t\t\t\t\t\t\t\t\t\t\t\t<label for=\"form-field-email\" class=\"elementor-field-label elementor-screen-only\">\n\t\t\t\t\t\t\t\tEmail\t\t\t\t\t\t\t<\/label>\n\t\t\t\t\t\t\t\t\t\t\t\t\t\t<input size=\"1\" type=\"email\" name=\"form_fields[email]\" id=\"form-field-email\" class=\"elementor-field elementor-size-sm  elementor-field-textual\" placeholder=\"Votre adresse \u00e9lectronique\" required=\"required\">\n\t\t\t\t\t\t\t\t\t\t\t<\/div>\n\t\t\t\t\t\t\t\t<div class=\"elementor-field-group elementor-column elementor-field-type-submit elementor-col-50 e-form__buttons elementor-md-100\">\n\t\t\t\t\t<button class=\"elementor-button elementor-size-sm\" type=\"submit\" id=\"btnstylecngform\">\n\t\t\t\t\t\t<span class=\"elementor-button-content-wrapper\">\n\t\t\t\t\t\t\t\t\t\t\t\t\t\t\t\t\t\t\t\t\t\t<span class=\"elementor-button-text\">S'abonner gratuitement \u00e0 la newsletter<\/span>\n\t\t\t\t\t\t\t\t\t\t\t\t\t<\/span>\n\t\t\t\t\t<\/button>\n\t\t\t\t<\/div>\n\t\t\t<\/div>\n\t\t<\/form>\n\t\t\t\t\t\t<\/div>\n\t\t\t\t<\/div>\n\t\t\t\t<\/div>\n\t\t\t\t\t<\/div>\n\t\t\t\t<\/div>\n\t\t\t\t<\/div>\n\t\t","protected":false},"excerpt":{"rendered":"<p>Blog Bon \u00e0 savoir&#8230; Bienvenue dans le monde de White Lion ! Si vous avez d\u00e9cid\u00e9 d&rsquo;investir dans l&rsquo;un de nos \u00e9quipements, vous avez non seulement choisi une solution performante, mais vous faites \u00e9galement partie d&rsquo;une communaut\u00e9 vivante &#8211; la communaut\u00e9 White Lion. En tant que membre de cette communaut\u00e9 exclusive, vous b\u00e9n\u00e9ficiez de nombreux [&hellip;]<\/p>\n","protected":false},"author":4,"featured_media":0,"parent":0,"menu_order":0,"comment_status":"closed","ping_status":"closed","template":"","meta":{"_acf_changed":false,"footnotes":""},"class_list":["post-32133","page","type-page","status-publish","hentry"],"acf":[],"yoast_head":"<!-- This site is optimized with the Yoast SEO plugin v27.2 - https:\/\/yoast.com\/product\/yoast-seo-wordpress\/ -->\n<title>Blog de White Lion : articles int\u00e9ressants sur la glace carbonique<\/title>\n<meta name=\"description\" content=\"D\u00e9couvrez le blog White Lion avec des aper\u00e7us passionnants sur le monde de la glace carbonique !\" \/>\n<meta name=\"robots\" content=\"index, follow, max-snippet:-1, max-image-preview:large, max-video-preview:-1\" \/>\n<link rel=\"canonical\" href=\"https:\/\/white-lion.eu\/fr\/blog\/\" \/>\n<meta property=\"og:locale\" content=\"fr_FR\" \/>\n<meta property=\"og:type\" content=\"article\" \/>\n<meta property=\"og:title\" content=\"Blog de White Lion : articles int\u00e9ressants sur la glace carbonique\" \/>\n<meta property=\"og:description\" content=\"D\u00e9couvrez le blog White Lion avec des aper\u00e7us passionnants sur le monde de la glace carbonique !\" \/>\n<meta property=\"og:url\" content=\"https:\/\/white-lion.eu\/fr\/blog\/\" \/>\n<meta property=\"og:site_name\" content=\"Trockeneisstrahlanlagen f\u00fcr Profis\" \/>\n<meta property=\"article:publisher\" content=\"https:\/\/www.facebook.com\/profile.php?id=100063524055322\" \/>\n<meta property=\"article:modified_time\" content=\"2025-04-04T13:46:42+00:00\" \/>\n<meta property=\"og:image\" content=\"https:\/\/white-lion.eu\/wp-content\/uploads\/2025\/03\/Erfolgskette-Zanhraeder-scaled.jpg\" \/>\n\t<meta property=\"og:image:width\" content=\"2560\" \/>\n\t<meta property=\"og:image:height\" content=\"956\" \/>\n\t<meta property=\"og:image:type\" content=\"image\/jpeg\" \/>\n<meta name=\"twitter:card\" content=\"summary_large_image\" \/>\n<meta name=\"twitter:label1\" content=\"Dur\u00e9e de lecture estim\u00e9e\" \/>\n\t<meta name=\"twitter:data1\" content=\"1 minute\" \/>\n<script type=\"application\/ld+json\" class=\"yoast-schema-graph\">{\"@context\":\"https:\/\/schema.org\",\"@graph\":[{\"@type\":\"WebPage\",\"@id\":\"https:\/\/white-lion.eu\/fr\/blog\/\",\"url\":\"https:\/\/white-lion.eu\/fr\/blog\/\",\"name\":\"Blog de White Lion : articles int\u00e9ressants sur la glace carbonique\",\"isPartOf\":{\"@id\":\"https:\/\/white-lion.eu\/fr\/#website\"},\"primaryImageOfPage\":{\"@id\":\"https:\/\/white-lion.eu\/fr\/blog\/#primaryimage\"},\"image\":{\"@id\":\"https:\/\/white-lion.eu\/fr\/blog\/#primaryimage\"},\"thumbnailUrl\":\"https:\/\/white-lion.eu\/wp-content\/uploads\/2025\/03\/Erfolgskette-Zanhraeder-scaled.jpg\",\"datePublished\":\"2024-06-03T13:29:32+00:00\",\"dateModified\":\"2025-04-04T13:46:42+00:00\",\"description\":\"D\u00e9couvrez le blog White Lion avec des aper\u00e7us passionnants sur le monde de la glace carbonique !\",\"breadcrumb\":{\"@id\":\"https:\/\/white-lion.eu\/fr\/blog\/#breadcrumb\"},\"inLanguage\":\"fr-FR\",\"potentialAction\":[{\"@type\":\"ReadAction\",\"target\":[\"https:\/\/white-lion.eu\/fr\/blog\/\"]}]},{\"@type\":\"ImageObject\",\"inLanguage\":\"fr-FR\",\"@id\":\"https:\/\/white-lion.eu\/fr\/blog\/#primaryimage\",\"url\":\"https:\/\/white-lion.eu\/wp-content\/uploads\/2025\/03\/Erfolgskette-Zanhraeder-scaled.jpg\",\"contentUrl\":\"https:\/\/white-lion.eu\/wp-content\/uploads\/2025\/03\/Erfolgskette-Zanhraeder-scaled.jpg\"},{\"@type\":\"BreadcrumbList\",\"@id\":\"https:\/\/white-lion.eu\/fr\/blog\/#breadcrumb\",\"itemListElement\":[{\"@type\":\"ListItem\",\"position\":1,\"name\":\"White Lion\",\"item\":\"https:\/\/white-lion.eu\/fr\/\"},{\"@type\":\"ListItem\",\"position\":2,\"name\":\"Blog\"}]},{\"@type\":\"WebSite\",\"@id\":\"https:\/\/white-lion.eu\/fr\/#website\",\"url\":\"https:\/\/white-lion.eu\/fr\/\",\"name\":\"Trockeneisstrahlanlagen f\u00fcr Profis\",\"description\":\"\",\"publisher\":{\"@id\":\"https:\/\/white-lion.eu\/fr\/#organization\"},\"potentialAction\":[{\"@type\":\"SearchAction\",\"target\":{\"@type\":\"EntryPoint\",\"urlTemplate\":\"https:\/\/white-lion.eu\/fr\/?s={search_term_string}\"},\"query-input\":{\"@type\":\"PropertyValueSpecification\",\"valueRequired\":true,\"valueName\":\"search_term_string\"}}],\"inLanguage\":\"fr-FR\"},{\"@type\":\"Organization\",\"@id\":\"https:\/\/white-lion.eu\/fr\/#organization\",\"name\":\"Trockeneisstrahlanlagen f\u00fcr Profis\",\"url\":\"https:\/\/white-lion.eu\/fr\/\",\"logo\":{\"@type\":\"ImageObject\",\"inLanguage\":\"fr-FR\",\"@id\":\"https:\/\/white-lion.eu\/fr\/#\/schema\/logo\/image\/\",\"url\":\"https:\/\/white-lion.eu\/wp-content\/uploads\/2024\/05\/White_Lion_Logo_linksbuendig-1.png\",\"contentUrl\":\"https:\/\/white-lion.eu\/wp-content\/uploads\/2024\/05\/White_Lion_Logo_linksbuendig-1.png\",\"width\":602,\"height\":162,\"caption\":\"Trockeneisstrahlanlagen f\u00fcr Profis\"},\"image\":{\"@id\":\"https:\/\/white-lion.eu\/fr\/#\/schema\/logo\/image\/\"},\"sameAs\":[\"https:\/\/www.facebook.com\/profile.php?id=100063524055322\"]}]}<\/script>\n<!-- \/ Yoast SEO plugin. -->","yoast_head_json":{"title":"Blog de White Lion : articles int\u00e9ressants sur la glace carbonique","description":"D\u00e9couvrez le blog White Lion avec des aper\u00e7us passionnants sur le monde de la glace carbonique !","robots":{"index":"index","follow":"follow","max-snippet":"max-snippet:-1","max-image-preview":"max-image-preview:large","max-video-preview":"max-video-preview:-1"},"canonical":"https:\/\/white-lion.eu\/fr\/blog\/","og_locale":"fr_FR","og_type":"article","og_title":"Blog de White Lion : articles int\u00e9ressants sur la glace carbonique","og_description":"D\u00e9couvrez le blog White Lion avec des aper\u00e7us passionnants sur le monde de la glace carbonique !","og_url":"https:\/\/white-lion.eu\/fr\/blog\/","og_site_name":"Trockeneisstrahlanlagen f\u00fcr Profis","article_publisher":"https:\/\/www.facebook.com\/profile.php?id=100063524055322","article_modified_time":"2025-04-04T13:46:42+00:00","og_image":[{"width":2560,"height":956,"url":"https:\/\/white-lion.eu\/wp-content\/uploads\/2025\/03\/Erfolgskette-Zanhraeder-scaled.jpg","type":"image\/jpeg"}],"twitter_card":"summary_large_image","twitter_misc":{"Dur\u00e9e de lecture estim\u00e9e":"1 minute"},"schema":{"@context":"https:\/\/schema.org","@graph":[{"@type":"WebPage","@id":"https:\/\/white-lion.eu\/fr\/blog\/","url":"https:\/\/white-lion.eu\/fr\/blog\/","name":"Blog de White Lion : articles int\u00e9ressants sur la glace carbonique","isPartOf":{"@id":"https:\/\/white-lion.eu\/fr\/#website"},"primaryImageOfPage":{"@id":"https:\/\/white-lion.eu\/fr\/blog\/#primaryimage"},"image":{"@id":"https:\/\/white-lion.eu\/fr\/blog\/#primaryimage"},"thumbnailUrl":"https:\/\/white-lion.eu\/wp-content\/uploads\/2025\/03\/Erfolgskette-Zanhraeder-scaled.jpg","datePublished":"2024-06-03T13:29:32+00:00","dateModified":"2025-04-04T13:46:42+00:00","description":"D\u00e9couvrez le blog White Lion avec des aper\u00e7us passionnants sur le monde de la glace carbonique !","breadcrumb":{"@id":"https:\/\/white-lion.eu\/fr\/blog\/#breadcrumb"},"inLanguage":"fr-FR","potentialAction":[{"@type":"ReadAction","target":["https:\/\/white-lion.eu\/fr\/blog\/"]}]},{"@type":"ImageObject","inLanguage":"fr-FR","@id":"https:\/\/white-lion.eu\/fr\/blog\/#primaryimage","url":"https:\/\/white-lion.eu\/wp-content\/uploads\/2025\/03\/Erfolgskette-Zanhraeder-scaled.jpg","contentUrl":"https:\/\/white-lion.eu\/wp-content\/uploads\/2025\/03\/Erfolgskette-Zanhraeder-scaled.jpg"},{"@type":"BreadcrumbList","@id":"https:\/\/white-lion.eu\/fr\/blog\/#breadcrumb","itemListElement":[{"@type":"ListItem","position":1,"name":"White Lion","item":"https:\/\/white-lion.eu\/fr\/"},{"@type":"ListItem","position":2,"name":"Blog"}]},{"@type":"WebSite","@id":"https:\/\/white-lion.eu\/fr\/#website","url":"https:\/\/white-lion.eu\/fr\/","name":"Trockeneisstrahlanlagen f\u00fcr Profis","description":"","publisher":{"@id":"https:\/\/white-lion.eu\/fr\/#organization"},"potentialAction":[{"@type":"SearchAction","target":{"@type":"EntryPoint","urlTemplate":"https:\/\/white-lion.eu\/fr\/?s={search_term_string}"},"query-input":{"@type":"PropertyValueSpecification","valueRequired":true,"valueName":"search_term_string"}}],"inLanguage":"fr-FR"},{"@type":"Organization","@id":"https:\/\/white-lion.eu\/fr\/#organization","name":"Trockeneisstrahlanlagen f\u00fcr Profis","url":"https:\/\/white-lion.eu\/fr\/","logo":{"@type":"ImageObject","inLanguage":"fr-FR","@id":"https:\/\/white-lion.eu\/fr\/#\/schema\/logo\/image\/","url":"https:\/\/white-lion.eu\/wp-content\/uploads\/2024\/05\/White_Lion_Logo_linksbuendig-1.png","contentUrl":"https:\/\/white-lion.eu\/wp-content\/uploads\/2024\/05\/White_Lion_Logo_linksbuendig-1.png","width":602,"height":162,"caption":"Trockeneisstrahlanlagen f\u00fcr Profis"},"image":{"@id":"https:\/\/white-lion.eu\/fr\/#\/schema\/logo\/image\/"},"sameAs":["https:\/\/www.facebook.com\/profile.php?id=100063524055322"]}]}},"_links":{"self":[{"href":"https:\/\/white-lion.eu\/fr\/wp-json\/wp\/v2\/pages\/32133","targetHints":{"allow":["GET"]}}],"collection":[{"href":"https:\/\/white-lion.eu\/fr\/wp-json\/wp\/v2\/pages"}],"about":[{"href":"https:\/\/white-lion.eu\/fr\/wp-json\/wp\/v2\/types\/page"}],"author":[{"embeddable":true,"href":"https:\/\/white-lion.eu\/fr\/wp-json\/wp\/v2\/users\/4"}],"replies":[{"embeddable":true,"href":"https:\/\/white-lion.eu\/fr\/wp-json\/wp\/v2\/comments?post=32133"}],"version-history":[{"count":4,"href":"https:\/\/white-lion.eu\/fr\/wp-json\/wp\/v2\/pages\/32133\/revisions"}],"predecessor-version":[{"id":37810,"href":"https:\/\/white-lion.eu\/fr\/wp-json\/wp\/v2\/pages\/32133\/revisions\/37810"}],"wp:attachment":[{"href":"https:\/\/white-lion.eu\/fr\/wp-json\/wp\/v2\/media?parent=32133"}],"curies":[{"name":"wp","href":"https:\/\/api.w.org\/{rel}","templated":true}]}}