{"id":32135,"date":"2024-06-03T15:31:21","date_gmt":"2024-06-03T13:31:21","guid":{"rendered":"https:\/\/whitelion.dev-takevalue.de\/bulletin-dinformation\/"},"modified":"2025-03-20T17:02:28","modified_gmt":"2025-03-20T16:02:28","slug":"bulletin-dinformation","status":"publish","type":"page","link":"https:\/\/white-lion.eu\/fr\/bulletin-dinformation\/","title":{"rendered":"Bulletin d&rsquo;information"},"content":{"rendered":"\t\t<div data-elementor-type=\"wp-page\" data-elementor-id=\"32135\" class=\"elementor elementor-32135 elementor-230\" data-elementor-post-type=\"page\">\n\t\t\t\t<div class=\"elementor-element elementor-element-ae4535b e-flex e-con-boxed e-con e-parent\" data-id=\"ae4535b\" data-element_type=\"container\" data-e-type=\"container\">\n\t\t\t\t\t<div class=\"e-con-inner\">\n\t\t\t\t<div class=\"elementor-element elementor-element-d4ead07 elementor-widget elementor-widget-heading\" data-id=\"d4ead07\" data-element_type=\"widget\" data-e-type=\"widget\" data-widget_type=\"heading.default\">\n\t\t\t\t<div class=\"elementor-widget-container\">\n\t\t\t\t\t<h1 class=\"elementor-heading-title elementor-size-default\">Bulletin d'information<\/h1>\t\t\t\t<\/div>\n\t\t\t\t<\/div>\n\t\t\t\t\t<\/div>\n\t\t\t\t<\/div>\n\t\t<div class=\"elementor-element elementor-element-65cd9a2 e-con-full e-flex e-con e-child\" data-id=\"65cd9a2\" data-element_type=\"container\" data-e-type=\"container\">\n\t\t\t\t<div class=\"elementor-element elementor-element-bddffef tv-space tv-space-text gap-73 elementor-widget elementor-widget-spacer\" data-id=\"bddffef\" data-element_type=\"widget\" data-e-type=\"widget\" data-widget_type=\"spacer.default\">\n\t\t\t\t<div class=\"elementor-widget-container\">\n\t\t\t\t\t\t\t<div class=\"elementor-spacer\">\n\t\t\t<div class=\"elementor-spacer-inner\"><\/div>\n\t\t<\/div>\n\t\t\t\t\t\t<\/div>\n\t\t\t\t<\/div>\n\t\t\t\t<\/div>\n\t\t<div class=\"elementor-element elementor-element-088b60c newsletter-sec e-flex e-con-boxed e-con e-parent\" data-id=\"088b60c\" data-element_type=\"container\" data-e-type=\"container\">\n\t\t\t\t\t<div class=\"e-con-inner\">\n\t\t\t\t<div class=\"elementor-element elementor-element-329c920 news-letter-html elementor-widget elementor-widget-html\" data-id=\"329c920\" data-element_type=\"widget\" data-e-type=\"widget\" data-widget_type=\"html.default\">\n\t\t\t\t<div class=\"elementor-widget-container\">\n\t\t\t\t\t<script>\nfunction loadjQuery(e,t){var n=document.createElement(\"script\");n.setAttribute(\"src\",e);n.onload=t;n.onreadystatechange=function(){if(this.readyState==\"complete\"||this.readyState==\"loaded\")t()};document.getElementsByTagName(\"head\")[0].appendChild(n)}function main(){\nvar $cr=jQuery.noConflict();var old_src;$cr(document).ready(function(){$cr(\".cr_form\").submit(function(){$cr(this).find('.clever_form_error').removeClass('clever_form_error');$cr(this).find('.clever_form_note').remove();$cr(this).find(\".musthave\").find('input, textarea').each(function(){if(jQuery.trim($cr(this).val())==\"\"||($cr(this).is(':checkbox'))||($cr(this).is(':radio'))){if($cr(this).is(':checkbox')||($cr(this).is(':radio'))){if(!$cr(this).parents(\".cr_ipe_item\").find(\":checked\").is(\":checked\")){$cr(this).parents(\".cr_ipe_item\").addClass('clever_form_error')}}else{$cr(this).addClass('clever_form_error')}>;if($cr(this).attr(\"action\").search(document.domain)>0&&$cr(\".cr_form\").attr(\"action\").search(\"wcs\")>0){var cr_email=$cr(this).find('input[name=email]');var unsub=false;if($cr(\"input['name=cr_subunsubscribe'][value='false']\").length){if($cr(\"input['name=cr_subunsubscribe'][value='false']\").is(\":checked\")){unsub=true}}if(cr_email.val()&&!unsub){$cr.ajax({type:\"GET\",url:$cr(\".cr_form\").attr(\"action\").replace(\"wcs\",\"check_email\")+window.btoa($cr(this).find('input[name=email]').val()),success:function(data){if(data){cr_email.addClass('clever_form_error').before(\"<div class='clever_form_note cr_font'>\"+data+\"<\/div>\");return false}},async:false})}var cr_captcha=$cr(this).find('input[name=captcha]');if(cr_captcha.val()){$cr.ajax({type:\"GET\",url:$cr(\".cr_form\").attr(\"action\").replace(\"wcs\",\"check_captcha\")+$cr(this).find('input[name=captcha]').val(),success:function(data){if(data){cr_captcha.addClass('clever_form_error').after(\"<div class='clever_form_note cr_font'>\"+data+\"<\/div>\");return false}},async:false})}}if($cr(this).find('.clever_form_error').length){return false}return true});$cr('input[class*=\"cr_number\"]').change(function(){if(isNaN($cr(this).val())){$cr(this).val(1)}if($cr(this).attr(\"min\")){if(($cr(this).val()*1)<($cr(this).attr(\"min\")*1)){$cr(this).val($cr(this).attr(\"min\"))}}if($cr(this).attr(\"max\")){if(($cr(this).val()*1)>($cr(this).attr(\"max\")*1)){$cr(this).val($cr(this).attr(\"max\"))}>;old_src=$cr(\"div[rel='captcha'] img:not(.captcha2_reload)\").attr(\"src\");if($cr(\"div[rel='captcha'] img:not(.captcha2_reload)\").length!=0){captcha_reload()>;function captcha_reload(){var timestamp=new Date().getTime();$cr(\"div[rel='captcha'] img:not(.captcha2_reload)\").attr(\"src\",\"\");$cr(\"div[rel='captcha'] img:not(.captcha2_reload)\").attr(\"src\",old_src+\"?t=\"+timestamp);return false}\n\n}\nif(typeof jQuery===\"undefined\"){loadjQuery(\"\/\/ajax.googleapis.com\/ajax\/libs\/jquery\/1.4.4\/jquery.min.js\",main)}else{main()}\nsetTimeout(function(){\n    const urlParams = new URLSearchParams(window.location.search);\nconst preemail = urlParams.get('email');\nif(preemail){\n    document.getElementById(\"text2840974\").value = preemail;\n    \/\/window.location.hash=\"onloadnform\"; \n}\n }, 500);\n<\/script>\n\n\n\n\n\n<form class=\"layout_form cr_form cr_font\" action=\"https:\/\/eu2.cleverreach.com\/f\/104110-137890\/wcs\/\" method=\"post\" target=\"_blank\">\n\t<div class=\"cr_body cr_page cr_font formbox\">\n\t\t<div class=\"non_sortable\">\n\t\t\t\n\t\t<\/div>\n\t\t\n\t\t<div class=\"editable_content\">\n\t\t<div id=\"9237133\" rel=\"select\" class=\"cr_ipe_item ui-sortable\">\n<label for=\"select_9237133\" class=\"itemname\">Titre de civilit\u00e9<\/label> <select id=\"select_9237133\" class=\"cr_font\" name=\"1005073\">\n\n<option value=\"Titre de civilit\u00e9\">Formule de politesse<\/option>\n\n<option value=\"M.\">Monsieur<\/option>\n\n<option value=\"Mme\">Madame<\/option>\n<\/select>\n<\/div><div id=\"9237134\" rel=\"text\" class=\"cr_ipe_item ui-sortable\">\n<label for=\"text9237134\" class=\"itemname\">Titre<\/label> <input id=\"text9237134\" name=\"1005074\" placeholder=\"Titre\" type=\"text\" value=\"\">\n<\/div><div id=\"9237076\" rel=\"text\" class=\"cr_ipe_item ui-sortable\">\n<label for=\"text9237076\" class=\"itemname\">Votre pr\u00e9nom<\/label> <input id=\"text9237076\" name=\"1005071\" placeholder=\"Votre pr\u00e9nom\" type=\"text\" value=\"\">\n<\/div><div id=\"9237095\" rel=\"text\" class=\"cr_ipe_item ui-sortable musthave\">\n<label for=\"text9237095\" class=\"itemname\">Votre nom de famille*<\/label> <input id=\"text9237095\" placeholder=\"Votre nom de famille*\" name=\"1005072\" type=\"text\" value=\"\">\n<\/div><div id=\"9237135\" rel=\"text\" class=\"cr_ipe_item ui-sortable\">\n<label for=\"text9237135\" class=\"itemname\">Soci\u00e9t\u00e9<\/label> <input id=\"text9237135\" placeholder=\"Soci\u00e9t\u00e9\" name=\"1005070\" type=\"text\" value=\"\">\n<\/div><div id=\"2840974\" rel=\"email\" class=\"cr_ipe_item ui-sortable musthave\">\n<label for=\"text2840974\" class=\"itemname\">E-mail*<\/label> <input id=\"text2840974\" name=\"email\" placeholder=\"E-mail*\" value=\"\" type=\"text\">\n<\/div><div id=\"9237136\" rel=\"checkbox\" class=\"cr_ipe_item ui-sortable\">\n<label class=\"itemname\"><\/label>\n<div class=\"checkbox\">\n\n<input class=\"checkboxinput\" id=\"Ja, ich m\u00f6chte den White Lion - Newsletter abonnieren. Der Widerruf ist jederzeit unter info@white-lion.eu m\u00f6glich.9237136\" name=\"1260809[]\" value=\"Oui, je souhaite m'abonner \u00e0 la lettre d'information de White Lion. Vous pouvez vous d\u00e9sabonner \u00e0 tout moment \u00e0 l'adresse info@white-lion.eu.\" type=\"checkbox\">Oui, je souhaite m'abonner \u00e0 la lettre d'information de White Lion. Vous pouvez vous d\u00e9sabonner \u00e0 tout moment \u00e0 l'adresse info@white-lion.eu. &nbsp;\n\n<\/div>\n<br><\/div><div id=\"2840976\" rel=\"button\" class=\"cr_ipe_item ui-sortable submit_container\">\n<button type=\"submit\" class=\"cr_button\">S'inscrire<\/button>\n<\/div>\n        <\/div>\n        \n\t<noscript><a href=\"http:\/\/www.cleverreach.com\">www.CleverReach.com<\/a><\/noscript>\n    <\/div>\n\n    \n<\/form>\t\t\t\t<\/div>\n\t\t\t\t<\/div>\n\t\t\t\t\t<\/div>\n\t\t\t\t<\/div>\n\t\t\t\t<\/div>\n\t\t","protected":false},"excerpt":{"rendered":"<p>Bulletin d&rsquo;information Titre de civilit\u00e9 Formule de politesseMonsieurMadame Titre Votre pr\u00e9nom Votre nom de famille* Soci\u00e9t\u00e9 E-mail* Oui, je souhaite m&rsquo;abonner \u00e0 la lettre d&rsquo;information de White Lion. Vous pouvez vous d\u00e9sabonner \u00e0 tout moment \u00e0 l&rsquo;adresse info@white-lion.eu. &nbsp; S&rsquo;inscrire www.CleverReach.com<\/p>\n","protected":false},"author":4,"featured_media":0,"parent":0,"menu_order":0,"comment_status":"closed","ping_status":"closed","template":"","meta":{"_acf_changed":false,"footnotes":""},"class_list":["post-32135","page","type-page","status-publish","hentry"],"acf":[],"yoast_head":"<!-- This site is optimized with the Yoast SEO plugin v27.2 - https:\/\/yoast.com\/product\/yoast-seo-wordpress\/ -->\n<title>Bulletin d&#039;information de White Lion - Abonnez-vous maintenant !<\/title>\n<meta name=\"description\" content=\"Abonnez-vous \u00e0 notre newsletter et ne manquez plus aucune actualit\u00e9 concernant la glace carbonique et le traitement de surface !\" \/>\n<meta name=\"robots\" content=\"index, follow, max-snippet:-1, max-image-preview:large, max-video-preview:-1\" \/>\n<link rel=\"canonical\" href=\"https:\/\/white-lion.eu\/fr\/bulletin-dinformation\/\" \/>\n<meta property=\"og:locale\" content=\"fr_FR\" \/>\n<meta property=\"og:type\" content=\"article\" \/>\n<meta property=\"og:title\" content=\"Bulletin d&#039;information de White Lion - Abonnez-vous maintenant !\" \/>\n<meta property=\"og:description\" content=\"Abonnez-vous \u00e0 notre newsletter et ne manquez plus aucune actualit\u00e9 concernant la glace carbonique et le traitement de surface !\" \/>\n<meta property=\"og:url\" content=\"https:\/\/white-lion.eu\/fr\/bulletin-dinformation\/\" \/>\n<meta property=\"og:site_name\" content=\"Trockeneisstrahlanlagen f\u00fcr Profis\" \/>\n<meta property=\"article:publisher\" content=\"https:\/\/www.facebook.com\/profile.php?id=100063524055322\" \/>\n<meta property=\"article:modified_time\" content=\"2025-03-20T16:02:28+00:00\" \/>\n<meta name=\"twitter:card\" content=\"summary_large_image\" \/>\n<script type=\"application\/ld+json\" class=\"yoast-schema-graph\">{\"@context\":\"https:\/\/schema.org\",\"@graph\":[{\"@type\":\"WebPage\",\"@id\":\"https:\/\/white-lion.eu\/fr\/bulletin-dinformation\/\",\"url\":\"https:\/\/white-lion.eu\/fr\/bulletin-dinformation\/\",\"name\":\"Bulletin d'information de White Lion - Abonnez-vous maintenant !\",\"isPartOf\":{\"@id\":\"https:\/\/white-lion.eu\/fr\/#website\"},\"datePublished\":\"2024-06-03T13:31:21+00:00\",\"dateModified\":\"2025-03-20T16:02:28+00:00\",\"description\":\"Abonnez-vous \u00e0 notre newsletter et ne manquez plus aucune actualit\u00e9 concernant la glace carbonique et le traitement de surface !\",\"breadcrumb\":{\"@id\":\"https:\/\/white-lion.eu\/fr\/bulletin-dinformation\/#breadcrumb\"},\"inLanguage\":\"fr-FR\",\"potentialAction\":[{\"@type\":\"ReadAction\",\"target\":[\"https:\/\/white-lion.eu\/fr\/bulletin-dinformation\/\"]}]},{\"@type\":\"BreadcrumbList\",\"@id\":\"https:\/\/white-lion.eu\/fr\/bulletin-dinformation\/#breadcrumb\",\"itemListElement\":[{\"@type\":\"ListItem\",\"position\":1,\"name\":\"White Lion\",\"item\":\"https:\/\/white-lion.eu\/fr\/\"},{\"@type\":\"ListItem\",\"position\":2,\"name\":\"Bulletin d&rsquo;information\"}]},{\"@type\":\"WebSite\",\"@id\":\"https:\/\/white-lion.eu\/fr\/#website\",\"url\":\"https:\/\/white-lion.eu\/fr\/\",\"name\":\"Trockeneisstrahlanlagen f\u00fcr Profis\",\"description\":\"\",\"publisher\":{\"@id\":\"https:\/\/white-lion.eu\/fr\/#organization\"},\"potentialAction\":[{\"@type\":\"SearchAction\",\"target\":{\"@type\":\"EntryPoint\",\"urlTemplate\":\"https:\/\/white-lion.eu\/fr\/?s={search_term_string}\"},\"query-input\":{\"@type\":\"PropertyValueSpecification\",\"valueRequired\":true,\"valueName\":\"search_term_string\"}}],\"inLanguage\":\"fr-FR\"},{\"@type\":\"Organization\",\"@id\":\"https:\/\/white-lion.eu\/fr\/#organization\",\"name\":\"Trockeneisstrahlanlagen f\u00fcr Profis\",\"url\":\"https:\/\/white-lion.eu\/fr\/\",\"logo\":{\"@type\":\"ImageObject\",\"inLanguage\":\"fr-FR\",\"@id\":\"https:\/\/white-lion.eu\/fr\/#\/schema\/logo\/image\/\",\"url\":\"https:\/\/white-lion.eu\/wp-content\/uploads\/2024\/05\/White_Lion_Logo_linksbuendig-1.png\",\"contentUrl\":\"https:\/\/white-lion.eu\/wp-content\/uploads\/2024\/05\/White_Lion_Logo_linksbuendig-1.png\",\"width\":602,\"height\":162,\"caption\":\"Trockeneisstrahlanlagen f\u00fcr Profis\"},\"image\":{\"@id\":\"https:\/\/white-lion.eu\/fr\/#\/schema\/logo\/image\/\"},\"sameAs\":[\"https:\/\/www.facebook.com\/profile.php?id=100063524055322\"]}]}<\/script>\n<!-- \/ Yoast SEO plugin. -->","yoast_head_json":{"title":"Bulletin d'information de White Lion - Abonnez-vous maintenant !","description":"Abonnez-vous \u00e0 notre newsletter et ne manquez plus aucune actualit\u00e9 concernant la glace carbonique et le traitement de surface !","robots":{"index":"index","follow":"follow","max-snippet":"max-snippet:-1","max-image-preview":"max-image-preview:large","max-video-preview":"max-video-preview:-1"},"canonical":"https:\/\/white-lion.eu\/fr\/bulletin-dinformation\/","og_locale":"fr_FR","og_type":"article","og_title":"Bulletin d'information de White Lion - Abonnez-vous maintenant !","og_description":"Abonnez-vous \u00e0 notre newsletter et ne manquez plus aucune actualit\u00e9 concernant la glace carbonique et le traitement de surface !","og_url":"https:\/\/white-lion.eu\/fr\/bulletin-dinformation\/","og_site_name":"Trockeneisstrahlanlagen f\u00fcr Profis","article_publisher":"https:\/\/www.facebook.com\/profile.php?id=100063524055322","article_modified_time":"2025-03-20T16:02:28+00:00","twitter_card":"summary_large_image","schema":{"@context":"https:\/\/schema.org","@graph":[{"@type":"WebPage","@id":"https:\/\/white-lion.eu\/fr\/bulletin-dinformation\/","url":"https:\/\/white-lion.eu\/fr\/bulletin-dinformation\/","name":"Bulletin d'information de White Lion - Abonnez-vous maintenant !","isPartOf":{"@id":"https:\/\/white-lion.eu\/fr\/#website"},"datePublished":"2024-06-03T13:31:21+00:00","dateModified":"2025-03-20T16:02:28+00:00","description":"Abonnez-vous \u00e0 notre newsletter et ne manquez plus aucune actualit\u00e9 concernant la glace carbonique et le traitement de surface !","breadcrumb":{"@id":"https:\/\/white-lion.eu\/fr\/bulletin-dinformation\/#breadcrumb"},"inLanguage":"fr-FR","potentialAction":[{"@type":"ReadAction","target":["https:\/\/white-lion.eu\/fr\/bulletin-dinformation\/"]}]},{"@type":"BreadcrumbList","@id":"https:\/\/white-lion.eu\/fr\/bulletin-dinformation\/#breadcrumb","itemListElement":[{"@type":"ListItem","position":1,"name":"White Lion","item":"https:\/\/white-lion.eu\/fr\/"},{"@type":"ListItem","position":2,"name":"Bulletin d&rsquo;information"}]},{"@type":"WebSite","@id":"https:\/\/white-lion.eu\/fr\/#website","url":"https:\/\/white-lion.eu\/fr\/","name":"Trockeneisstrahlanlagen f\u00fcr Profis","description":"","publisher":{"@id":"https:\/\/white-lion.eu\/fr\/#organization"},"potentialAction":[{"@type":"SearchAction","target":{"@type":"EntryPoint","urlTemplate":"https:\/\/white-lion.eu\/fr\/?s={search_term_string}"},"query-input":{"@type":"PropertyValueSpecification","valueRequired":true,"valueName":"search_term_string"}}],"inLanguage":"fr-FR"},{"@type":"Organization","@id":"https:\/\/white-lion.eu\/fr\/#organization","name":"Trockeneisstrahlanlagen f\u00fcr Profis","url":"https:\/\/white-lion.eu\/fr\/","logo":{"@type":"ImageObject","inLanguage":"fr-FR","@id":"https:\/\/white-lion.eu\/fr\/#\/schema\/logo\/image\/","url":"https:\/\/white-lion.eu\/wp-content\/uploads\/2024\/05\/White_Lion_Logo_linksbuendig-1.png","contentUrl":"https:\/\/white-lion.eu\/wp-content\/uploads\/2024\/05\/White_Lion_Logo_linksbuendig-1.png","width":602,"height":162,"caption":"Trockeneisstrahlanlagen f\u00fcr Profis"},"image":{"@id":"https:\/\/white-lion.eu\/fr\/#\/schema\/logo\/image\/"},"sameAs":["https:\/\/www.facebook.com\/profile.php?id=100063524055322"]}]}},"_links":{"self":[{"href":"https:\/\/white-lion.eu\/fr\/wp-json\/wp\/v2\/pages\/32135","targetHints":{"allow":["GET"]}}],"collection":[{"href":"https:\/\/white-lion.eu\/fr\/wp-json\/wp\/v2\/pages"}],"about":[{"href":"https:\/\/white-lion.eu\/fr\/wp-json\/wp\/v2\/types\/page"}],"author":[{"embeddable":true,"href":"https:\/\/white-lion.eu\/fr\/wp-json\/wp\/v2\/users\/4"}],"replies":[{"embeddable":true,"href":"https:\/\/white-lion.eu\/fr\/wp-json\/wp\/v2\/comments?post=32135"}],"version-history":[{"count":3,"href":"https:\/\/white-lion.eu\/fr\/wp-json\/wp\/v2\/pages\/32135\/revisions"}],"predecessor-version":[{"id":32200,"href":"https:\/\/white-lion.eu\/fr\/wp-json\/wp\/v2\/pages\/32135\/revisions\/32200"}],"wp:attachment":[{"href":"https:\/\/white-lion.eu\/fr\/wp-json\/wp\/v2\/media?parent=32135"}],"curies":[{"name":"wp","href":"https:\/\/api.w.org\/{rel}","templated":true}]}}