{"id":33095,"date":"2024-12-11T07:30:06","date_gmt":"2024-12-11T06:30:06","guid":{"rendered":"https:\/\/whitelion.dev-takevalue.de\/dry-ice-alliance\/trockeneis-kaufen\/pellets-de-glace-carbonique-de-3-mm\/"},"modified":"2025-08-19T10:55:34","modified_gmt":"2025-08-19T08:55:34","slug":"pellets-de-glace-carbonique","status":"publish","type":"product","link":"https:\/\/white-lion.eu\/fr\/dry-ice-alliance\/acheter-de-la-glace-carbonique\/pellets-de-glace-carbonique\/","title":{"rendered":"Pellets de glace carbonique de 3 mm"},"content":{"rendered":"<h2>Transport et stockage de glace carbonique<\/h2>\n<p>La fabrication de glace carbonique s&rsquo;effectue \u00e0 des temp\u00e9ratures extr\u00eamement basses de moins 78,9 degr\u00e9s Celsius dans diff\u00e9rents diam\u00e8tres. La glace carbonique doit \u00eatre stock\u00e9e et transport\u00e9e de mani\u00e8re appropri\u00e9e afin de garantir une manipulation s\u00fbre. Pour le stockage et le transport de la glace carbonique, il est recommand\u00e9 d&rsquo;utiliser des conteneurs sp\u00e9ciaux bien isol\u00e9s. D&rsquo;une part, ces r\u00e9cipients doivent \u00eatre ferm\u00e9s herm\u00e9tiquement afin de ralentir l&rsquo;\u00e9vaporation de la glace carbonique et de conserver le froid plus longtemps. D&rsquo;autre part, le CO2 qui se sublime doit pouvoir s&rsquo;\u00e9chapper vers l&rsquo;ext\u00e9rieur.    <\/p>\n<p>&nbsp;<\/p>\n<p>Il est essentiel de choisir une bo\u00eete adapt\u00e9e et de bonne qualit\u00e9 pour le transport de glace carbonique afin d&rsquo;assurer un stockage et une manipulation s\u00fbrs et efficaces. Nos conteneurs se caract\u00e9risent par une bonne isolation, une robustesse et une durabilit\u00e9 qui permettent de garder la glace carbonique au frais et d&rsquo;\u00e9viter une sublimation rapide. Ils sont disponibles en diff\u00e9rentes tailles et sont id\u00e9aux pour le transport et le stockage de la glace carbonique.  <\/p>\n<p>&nbsp;<\/p>\n<p>La manipulation de la glace carbonique, \u00e9galement connue sous le nom de CO2 congel\u00e9, n\u00e9cessite le respect de certaines consignes de s\u00e9curit\u00e9. En respectant ces consignes de s\u00e9curit\u00e9, la manipulation de la glace carbonique peut \u00eatre effectu\u00e9e en toute s\u00e9curit\u00e9. <\/p>\n<p>&nbsp;<\/p>\n<p>&nbsp;<\/p>\n<p>&nbsp;<\/p>\n<h2>Commande de pellets de glace carbonique<\/h2>\n<p>Vous pouvez commander des pellets de glace carbonique en petite ou en grande quantit\u00e9, que vous soyez un particulier, un artisan ou un industriel, en fonction de vos besoins sp\u00e9cifiques. Notre boutique en ligne offre \u00e0 nos clients un moyen simple et pratique de commander une petite quantit\u00e9 de kg de glace carbonique. La livraison se fait dans une bo\u00eete en polystyr\u00e8ne isol\u00e9e de haute qualit\u00e9 avec un carton de protection inclus dans le prix. Cela permet de garantir que la glace carbonique arrive fra\u00eeche et s\u00fbre, juste \u00e0 temps, le jour ouvrable suivant.   <\/p>\n<p>&nbsp;<\/p>\n<p>Si vous avez r\u00e9guli\u00e8rement besoin de grandes quantit\u00e9s de glace carbonique, nous nous tenons \u00e0 votre disposition pour discuter personnellement de vos besoins de livraison. Nous vous soumettrons alors une offre personnalis\u00e9e avec des conditions de livraison et des prix \u00e9quitables. N&rsquo;h\u00e9sitez pas \u00e0 nous contacter. La glace carbonique offre une solution innovante et respectueuse de l&rsquo;environnement pour le refroidissement et le nettoyage de surface dans diff\u00e9rents secteurs industriels. Sa flexibilit\u00e9, son efficacit\u00e9 et sa durabilit\u00e9 en font le choix id\u00e9al pour les entreprises qui recherchent des solutions durables et rentables.    <\/p>\n","protected":false},"excerpt":{"rendered":"<p>D\u00e9couvrez les multiples applications des pellets de glace carbonique avec Dry Ice Alliance &#8211; votre partenaire de confiance pour des solutions de glace carbonique de qualit\u00e9 !<\/p>\n","protected":false},"featured_media":35033,"comment_status":"open","ping_status":"closed","template":"","meta":{"_acf_changed":false},"product_brand":[],"product_cat":[106],"product_tag":[103],"class_list":{"0":"post-33095","1":"product","2":"type-product","3":"status-publish","4":"has-post-thumbnail","6":"product_cat-granules-de-glace-carbonique","7":"product_tag-variable_product-fr","9":"first","10":"instock","11":"shipping-taxable","12":"purchasable","13":"product-type-variable"},"acf":[],"yoast_head":"<!-- This site is optimized with the Yoast SEO plugin v27.2 - https:\/\/yoast.com\/product\/yoast-seo-wordpress\/ -->\n<title>Acheter des pellets de glace carbonique : Commander des pellets en ligne - Dry Ice Alliance<\/title>\n<meta name=\"description\" content=\"Vous souhaitez acheter des pellets de glace carbonique ? La Dry Ice Alliance livre des pellets de glace carbonique dans toute la France \u2713 Commandez en ligne d\u00e8s maintenant !\" \/>\n<meta name=\"robots\" content=\"noindex, follow\" \/>\n<meta property=\"og:locale\" content=\"fr_FR\" \/>\n<meta property=\"og:type\" content=\"article\" \/>\n<meta property=\"og:title\" content=\"Acheter des pellets de glace carbonique : Commander des pellets en ligne - Dry Ice Alliance\" \/>\n<meta property=\"og:description\" content=\"Vous souhaitez acheter des pellets de glace carbonique ? La Dry Ice Alliance livre des pellets de glace carbonique dans toute la France \u2713 Commandez en ligne d\u00e8s maintenant !\" \/>\n<meta property=\"og:url\" content=\"https:\/\/white-lion.eu\/fr\/dry-ice-alliance\/acheter-de-la-glace-carbonique\/pellets-de-glace-carbonique\/\" \/>\n<meta property=\"og:site_name\" content=\"Trockeneisstrahlanlagen f\u00fcr Profis\" \/>\n<meta property=\"article:publisher\" content=\"https:\/\/www.facebook.com\/profile.php?id=100063524055322\" \/>\n<meta property=\"article:modified_time\" content=\"2025-08-19T08:55:34+00:00\" \/>\n<meta property=\"og:image\" content=\"https:\/\/white-lion.eu\/wp-content\/uploads\/2024\/11\/WL_Web_Bilder_Zuschnitt_48.jpg\" \/>\n\t<meta property=\"og:image:width\" content=\"2560\" \/>\n\t<meta property=\"og:image:height\" content=\"1442\" \/>\n\t<meta property=\"og:image:type\" content=\"image\/jpeg\" \/>\n<meta name=\"twitter:card\" content=\"summary_large_image\" \/>\n<meta name=\"twitter:label1\" content=\"Dur\u00e9e de lecture estim\u00e9e\" \/>\n\t<meta name=\"twitter:data1\" content=\"2 minutes\" \/>\n<script type=\"application\/ld+json\" class=\"yoast-schema-graph\">{\"@context\":\"https:\/\/schema.org\",\"@graph\":[{\"@type\":\"WebPage\",\"@id\":\"https:\/\/white-lion.eu\/fr\/dry-ice-alliance\/acheter-de-la-glace-carbonique\/pellets-de-glace-carbonique\/\",\"url\":\"https:\/\/white-lion.eu\/fr\/dry-ice-alliance\/acheter-de-la-glace-carbonique\/pellets-de-glace-carbonique\/\",\"name\":\"Acheter des pellets de glace carbonique : Commander des pellets en ligne - Dry Ice Alliance\",\"isPartOf\":{\"@id\":\"https:\/\/white-lion.eu\/fr\/#website\"},\"primaryImageOfPage\":{\"@id\":\"https:\/\/white-lion.eu\/fr\/dry-ice-alliance\/acheter-de-la-glace-carbonique\/pellets-de-glace-carbonique\/#primaryimage\"},\"image\":{\"@id\":\"https:\/\/white-lion.eu\/fr\/dry-ice-alliance\/acheter-de-la-glace-carbonique\/pellets-de-glace-carbonique\/#primaryimage\"},\"thumbnailUrl\":\"https:\/\/white-lion.eu\/wp-content\/uploads\/2024\/11\/WL_Web_Bilder_Zuschnitt_48.jpg\",\"datePublished\":\"2024-12-11T06:30:06+00:00\",\"dateModified\":\"2025-08-19T08:55:34+00:00\",\"description\":\"Vous souhaitez acheter des pellets de glace carbonique ? La Dry Ice Alliance livre des pellets de glace carbonique dans toute la France \u2713 Commandez en ligne d\u00e8s maintenant !\",\"breadcrumb\":{\"@id\":\"https:\/\/white-lion.eu\/fr\/dry-ice-alliance\/acheter-de-la-glace-carbonique\/pellets-de-glace-carbonique\/#breadcrumb\"},\"inLanguage\":\"fr-FR\",\"potentialAction\":[{\"@type\":\"ReadAction\",\"target\":[\"https:\/\/white-lion.eu\/fr\/dry-ice-alliance\/acheter-de-la-glace-carbonique\/pellets-de-glace-carbonique\/\"]}]},{\"@type\":\"ImageObject\",\"inLanguage\":\"fr-FR\",\"@id\":\"https:\/\/white-lion.eu\/fr\/dry-ice-alliance\/acheter-de-la-glace-carbonique\/pellets-de-glace-carbonique\/#primaryimage\",\"url\":\"https:\/\/white-lion.eu\/wp-content\/uploads\/2024\/11\/WL_Web_Bilder_Zuschnitt_48.jpg\",\"contentUrl\":\"https:\/\/white-lion.eu\/wp-content\/uploads\/2024\/11\/WL_Web_Bilder_Zuschnitt_48.jpg\",\"width\":2560,\"height\":1442,\"caption\":\"Granul\u00e9s de glace carbonique de notre propre fabrication\"},{\"@type\":\"BreadcrumbList\",\"@id\":\"https:\/\/white-lion.eu\/fr\/dry-ice-alliance\/acheter-de-la-glace-carbonique\/pellets-de-glace-carbonique\/#breadcrumb\",\"itemListElement\":[{\"@type\":\"ListItem\",\"position\":1,\"name\":\"White Lion\",\"item\":\"https:\/\/white-lion.eu\/fr\/\"},{\"@type\":\"ListItem\",\"position\":2,\"name\":\"Boutique\",\"item\":\"https:\/\/white-lion.eu\/fr\/dry-ice-alliance\/acheter-de-la-glace-carbonique\/\"},{\"@type\":\"ListItem\",\"position\":3,\"name\":\"Pellets de glace carbonique de 3 mm\"}]},{\"@type\":\"WebSite\",\"@id\":\"https:\/\/white-lion.eu\/fr\/#website\",\"url\":\"https:\/\/white-lion.eu\/fr\/\",\"name\":\"Trockeneisstrahlanlagen f\u00fcr Profis\",\"description\":\"\",\"publisher\":{\"@id\":\"https:\/\/white-lion.eu\/fr\/#organization\"},\"potentialAction\":[{\"@type\":\"SearchAction\",\"target\":{\"@type\":\"EntryPoint\",\"urlTemplate\":\"https:\/\/white-lion.eu\/fr\/?s={search_term_string}\"},\"query-input\":{\"@type\":\"PropertyValueSpecification\",\"valueRequired\":true,\"valueName\":\"search_term_string\"}}],\"inLanguage\":\"fr-FR\"},{\"@type\":\"Organization\",\"@id\":\"https:\/\/white-lion.eu\/fr\/#organization\",\"name\":\"Trockeneisstrahlanlagen f\u00fcr Profis\",\"url\":\"https:\/\/white-lion.eu\/fr\/\",\"logo\":{\"@type\":\"ImageObject\",\"inLanguage\":\"fr-FR\",\"@id\":\"https:\/\/white-lion.eu\/fr\/#\/schema\/logo\/image\/\",\"url\":\"https:\/\/white-lion.eu\/wp-content\/uploads\/2024\/05\/White_Lion_Logo_linksbuendig-1.png\",\"contentUrl\":\"https:\/\/white-lion.eu\/wp-content\/uploads\/2024\/05\/White_Lion_Logo_linksbuendig-1.png\",\"width\":602,\"height\":162,\"caption\":\"Trockeneisstrahlanlagen f\u00fcr Profis\"},\"image\":{\"@id\":\"https:\/\/white-lion.eu\/fr\/#\/schema\/logo\/image\/\"},\"sameAs\":[\"https:\/\/www.facebook.com\/profile.php?id=100063524055322\"]}]}<\/script>\n<!-- \/ Yoast SEO plugin. -->","yoast_head_json":{"title":"Acheter des pellets de glace carbonique : Commander des pellets en ligne - Dry Ice Alliance","description":"Vous souhaitez acheter des pellets de glace carbonique ? La Dry Ice Alliance livre des pellets de glace carbonique dans toute la France \u2713 Commandez en ligne d\u00e8s maintenant !","robots":{"index":"noindex","follow":"follow"},"og_locale":"fr_FR","og_type":"article","og_title":"Acheter des pellets de glace carbonique : Commander des pellets en ligne - Dry Ice Alliance","og_description":"Vous souhaitez acheter des pellets de glace carbonique ? La Dry Ice Alliance livre des pellets de glace carbonique dans toute la France \u2713 Commandez en ligne d\u00e8s maintenant !","og_url":"https:\/\/white-lion.eu\/fr\/dry-ice-alliance\/acheter-de-la-glace-carbonique\/pellets-de-glace-carbonique\/","og_site_name":"Trockeneisstrahlanlagen f\u00fcr Profis","article_publisher":"https:\/\/www.facebook.com\/profile.php?id=100063524055322","article_modified_time":"2025-08-19T08:55:34+00:00","og_image":[{"width":2560,"height":1442,"url":"https:\/\/white-lion.eu\/wp-content\/uploads\/2024\/11\/WL_Web_Bilder_Zuschnitt_48.jpg","type":"image\/jpeg"}],"twitter_card":"summary_large_image","twitter_misc":{"Dur\u00e9e de lecture estim\u00e9e":"2 minutes"},"schema":{"@context":"https:\/\/schema.org","@graph":[{"@type":"WebPage","@id":"https:\/\/white-lion.eu\/fr\/dry-ice-alliance\/acheter-de-la-glace-carbonique\/pellets-de-glace-carbonique\/","url":"https:\/\/white-lion.eu\/fr\/dry-ice-alliance\/acheter-de-la-glace-carbonique\/pellets-de-glace-carbonique\/","name":"Acheter des pellets de glace carbonique : Commander des pellets en ligne - Dry Ice Alliance","isPartOf":{"@id":"https:\/\/white-lion.eu\/fr\/#website"},"primaryImageOfPage":{"@id":"https:\/\/white-lion.eu\/fr\/dry-ice-alliance\/acheter-de-la-glace-carbonique\/pellets-de-glace-carbonique\/#primaryimage"},"image":{"@id":"https:\/\/white-lion.eu\/fr\/dry-ice-alliance\/acheter-de-la-glace-carbonique\/pellets-de-glace-carbonique\/#primaryimage"},"thumbnailUrl":"https:\/\/white-lion.eu\/wp-content\/uploads\/2024\/11\/WL_Web_Bilder_Zuschnitt_48.jpg","datePublished":"2024-12-11T06:30:06+00:00","dateModified":"2025-08-19T08:55:34+00:00","description":"Vous souhaitez acheter des pellets de glace carbonique ? La Dry Ice Alliance livre des pellets de glace carbonique dans toute la France \u2713 Commandez en ligne d\u00e8s maintenant !","breadcrumb":{"@id":"https:\/\/white-lion.eu\/fr\/dry-ice-alliance\/acheter-de-la-glace-carbonique\/pellets-de-glace-carbonique\/#breadcrumb"},"inLanguage":"fr-FR","potentialAction":[{"@type":"ReadAction","target":["https:\/\/white-lion.eu\/fr\/dry-ice-alliance\/acheter-de-la-glace-carbonique\/pellets-de-glace-carbonique\/"]}]},{"@type":"ImageObject","inLanguage":"fr-FR","@id":"https:\/\/white-lion.eu\/fr\/dry-ice-alliance\/acheter-de-la-glace-carbonique\/pellets-de-glace-carbonique\/#primaryimage","url":"https:\/\/white-lion.eu\/wp-content\/uploads\/2024\/11\/WL_Web_Bilder_Zuschnitt_48.jpg","contentUrl":"https:\/\/white-lion.eu\/wp-content\/uploads\/2024\/11\/WL_Web_Bilder_Zuschnitt_48.jpg","width":2560,"height":1442,"caption":"Granul\u00e9s de glace carbonique de notre propre fabrication"},{"@type":"BreadcrumbList","@id":"https:\/\/white-lion.eu\/fr\/dry-ice-alliance\/acheter-de-la-glace-carbonique\/pellets-de-glace-carbonique\/#breadcrumb","itemListElement":[{"@type":"ListItem","position":1,"name":"White Lion","item":"https:\/\/white-lion.eu\/fr\/"},{"@type":"ListItem","position":2,"name":"Boutique","item":"https:\/\/white-lion.eu\/fr\/dry-ice-alliance\/acheter-de-la-glace-carbonique\/"},{"@type":"ListItem","position":3,"name":"Pellets de glace carbonique de 3 mm"}]},{"@type":"WebSite","@id":"https:\/\/white-lion.eu\/fr\/#website","url":"https:\/\/white-lion.eu\/fr\/","name":"Trockeneisstrahlanlagen f\u00fcr Profis","description":"","publisher":{"@id":"https:\/\/white-lion.eu\/fr\/#organization"},"potentialAction":[{"@type":"SearchAction","target":{"@type":"EntryPoint","urlTemplate":"https:\/\/white-lion.eu\/fr\/?s={search_term_string}"},"query-input":{"@type":"PropertyValueSpecification","valueRequired":true,"valueName":"search_term_string"}}],"inLanguage":"fr-FR"},{"@type":"Organization","@id":"https:\/\/white-lion.eu\/fr\/#organization","name":"Trockeneisstrahlanlagen f\u00fcr Profis","url":"https:\/\/white-lion.eu\/fr\/","logo":{"@type":"ImageObject","inLanguage":"fr-FR","@id":"https:\/\/white-lion.eu\/fr\/#\/schema\/logo\/image\/","url":"https:\/\/white-lion.eu\/wp-content\/uploads\/2024\/05\/White_Lion_Logo_linksbuendig-1.png","contentUrl":"https:\/\/white-lion.eu\/wp-content\/uploads\/2024\/05\/White_Lion_Logo_linksbuendig-1.png","width":602,"height":162,"caption":"Trockeneisstrahlanlagen f\u00fcr Profis"},"image":{"@id":"https:\/\/white-lion.eu\/fr\/#\/schema\/logo\/image\/"},"sameAs":["https:\/\/www.facebook.com\/profile.php?id=100063524055322"]}]}},"_links":{"self":[{"href":"https:\/\/white-lion.eu\/fr\/wp-json\/wp\/v2\/product\/33095","targetHints":{"allow":["GET"]}}],"collection":[{"href":"https:\/\/white-lion.eu\/fr\/wp-json\/wp\/v2\/product"}],"about":[{"href":"https:\/\/white-lion.eu\/fr\/wp-json\/wp\/v2\/types\/product"}],"replies":[{"embeddable":true,"href":"https:\/\/white-lion.eu\/fr\/wp-json\/wp\/v2\/comments?post=33095"}],"wp:featuredmedia":[{"embeddable":true,"href":"https:\/\/white-lion.eu\/fr\/wp-json\/wp\/v2\/media\/35033"}],"wp:attachment":[{"href":"https:\/\/white-lion.eu\/fr\/wp-json\/wp\/v2\/media?parent=33095"}],"wp:term":[{"taxonomy":"product_brand","embeddable":true,"href":"https:\/\/white-lion.eu\/fr\/wp-json\/wp\/v2\/product_brand?post=33095"},{"taxonomy":"product_cat","embeddable":true,"href":"https:\/\/white-lion.eu\/fr\/wp-json\/wp\/v2\/product_cat?post=33095"},{"taxonomy":"product_tag","embeddable":true,"href":"https:\/\/white-lion.eu\/fr\/wp-json\/wp\/v2\/product_tag?post=33095"}],"curies":[{"name":"wp","href":"https:\/\/api.w.org\/{rel}","templated":true}]}}